{"id":57493,"date":"2022-03-10T14:57:00","date_gmt":"2022-03-10T13:57:00","guid":{"rendered":"https:\/\/secureus.se\/produkt\/2-vags-tradlos-rok-temperatur-detektor-agililty3-4-och-wicomm-pro\/"},"modified":"2025-12-31T19:35:02","modified_gmt":"2025-12-31T18:35:02","slug":"risco-rok-varmedetektor-2-vags","status":"publish","type":"product","link":"https:\/\/secureus.se\/de\/risco-rok-varmedetektor-2-vags\/","title":{"rendered":"Risco Rauch- und Hitzemelder 2-Wege"},"content":{"rendered":"<h1>Risco Rauch- und Hitzemelder 2-Wege<\/h1>\n<p data-start=\"468\" data-end=\"829\">Der Risco 2-Wege-Rauch- und Hitzemelder RWX35S00800C ist eine innovative und effektive L\u00f6sung zur Branderkennung, die f\u00fcr alle Arten von Umgebungen geeignet ist \u2013 von Wohn- bis zu Gesch\u00e4ftsr\u00e4umen.<\/p>\n<p data-start=\"468\" data-end=\"829\">Dieser Melder vereint Rauch- und W\u00e4rmeerkennung in einer Einheit und ist somit eine ausgezeichnete Wahl f\u00fcr optimale Sicherheit und Brand\u00fcberwachung.<\/p>\n<p data-start=\"831\" data-end=\"1154\"><strong data-start=\"831\" data-end=\"849\">Raucherkennung<\/strong><br data-start=\"849\" data-end=\"852\" \/>Der Risco RWX35 verwendet eine neue, fortschrittliche Fotokammer und einen entwickelten Erkennungsalgorithmus, der der Norm EN14604 zur Raucherkennung entspricht.<\/p>\n<p data-start=\"831\" data-end=\"1154\">Diese Technologie erm\u00f6glicht im Brandfall eine schnelle und effektive Raucherkennung und verschafft den Nutzern wertvolle Zeit, Ma\u00dfnahmen zu ergreifen und sich zu sch\u00fctzen.<\/p>\n<p data-start=\"1156\" data-end=\"1468\"><strong data-start=\"1156\" data-end=\"1176\">Brunsterkennung<\/strong><br data-start=\"1176\" data-end=\"1179\" \/>Der Detektor \u00fcberwacht die Temperatur mit vier separaten W\u00e4rmesensoren, die sowohl die Anstiegsrate als auch die absolute Temperatur messen.<\/p>\n<p data-start=\"1156\" data-end=\"1468\">Durch diese duale Methode der Temperatur\u00fcberwachung kann der Melder schneller und pr\u00e4ziser auf einen m\u00f6glichen Brand reagieren, was die Sicherheit weiter verbessert.<\/p>\n<p data-start=\"1470\" data-end=\"2006\"><strong data-start=\"1470\" data-end=\"1507\">Einfache Installation und Verwendung<\/strong><br data-start=\"1507\" data-end=\"1510\" \/>Das Design des RWX35 erm\u00f6glicht eine schnelle und einfache Installation. Es ist mit allen Hybrid- und Funksystemen der RISCO Group kompatibel, einschlie\u00dflich Agility3, Agility4 und WiComm Pro, und verwendet eine bidirektionale Kommunikation, um eine kontinuierliche und zuverl\u00e4ssige \u00dcberwachung zu gew\u00e4hrleisten.<\/p>\n<p data-start=\"1470\" data-end=\"2006\">Um sicherzustellen, dass der Detektor ordnungsgem\u00e4\u00df funktioniert, k\u00f6nnen Benutzer einfach auf das Druckpad dr\u00fccken, um den Feueralarm zu aktivieren und zu best\u00e4tigen, dass das System ordnungsgem\u00e4\u00df funktioniert. Zum Zur\u00fccksetzen dr\u00fccken Sie die Taste, um den Alarm auszuschalten.<\/p>\n<p data-start=\"2008\" data-end=\"2038\"><strong data-start=\"2008\" data-end=\"2036\">Haupteigenschaften:<\/strong><\/p>\n<ul data-start=\"2039\" data-end=\"2536\">\n<li data-start=\"2039\" data-end=\"2117\">\n<p data-start=\"2041\" data-end=\"2117\">Raucherkennung: Photoelektrische Kammer und fortschrittlicher Erkennungsalgorithmus<\/p>\n<\/li>\n<li data-start=\"2118\" data-end=\"2224\">\n<p data-start=\"2120\" data-end=\"2224\">W\u00e4rmeerkennung: Vier separate W\u00e4rmesensoren zur Messung des Temperaturanstiegs und der absoluten Temperatur<\/p>\n<\/li>\n<li data-start=\"2225\" data-end=\"2320\">\n<p data-start=\"2227\" data-end=\"2320\">Einfache Pr\u00fcfung: Durch Dr\u00fccken der Taste wird der Feueralarm aktiviert und der ordnungsgem\u00e4\u00dfe Betrieb sichergestellt<\/p>\n<\/li>\n<li data-start=\"2321\" data-end=\"2404\">\n<p data-start=\"2323\" data-end=\"2404\">Drahtlose 2-Wege-Kommunikation: Kompatibel mit Agility3, Agility4, WiComm Pro<\/p>\n<\/li>\n<li data-start=\"2405\" data-end=\"2473\">\n<p data-start=\"2407\" data-end=\"2473\">Lange Batterielebensdauer: Betrieb mit 4 x CR123 3V Lithiumbatterien<\/p>\n<\/li>\n<li data-start=\"2474\" data-end=\"2536\">\n<p data-start=\"2476\" data-end=\"2536\">Elegantes Design: F\u00fcgt sich problemlos in jede Wohnumgebung ein<\/p>\n<\/li>\n<\/ul>\n<p data-start=\"2538\" data-end=\"2569\"><strong data-start=\"2538\" data-end=\"2567\">Technische Spezifikationen:<\/strong><\/p>\n<ul data-start=\"2570\" data-end=\"2952\">\n<li data-start=\"2570\" data-end=\"2595\">\n<p data-start=\"2572\" data-end=\"2595\">Frequenz: 868 MHz<\/p>\n<\/li>\n<li data-start=\"2596\" data-end=\"2656\">\n<p data-start=\"2598\" data-end=\"2656\">Batterietyp: 4 x CR123 3V Lithiumbatterien (im Lieferumfang enthalten)<\/p>\n<\/li>\n<li data-start=\"2657\" data-end=\"2711\">\n<p data-start=\"2659\" data-end=\"2711\">Kompatibilit\u00e4t: Agility3, Agility4, WiComm Pro<\/p>\n<\/li>\n<li data-start=\"2712\" data-end=\"2779\">\n<p data-start=\"2714\" data-end=\"2779\">Raucherkennung: Erf\u00fcllt EN14604 mit photoelektrischer Kammer<\/p>\n<\/li>\n<li data-start=\"2780\" data-end=\"2838\">\n<p data-start=\"2782\" data-end=\"2838\">Temperatur\u00fcberwachung: Vier separate W\u00e4rmesensoren<\/p>\n<\/li>\n<li data-start=\"2839\" data-end=\"2902\">\n<p data-start=\"2841\" data-end=\"2902\">Abmessungen: Kompaktes und diskretes Design f\u00fcr eine einfache Installation<\/p>\n<\/li>\n<li data-start=\"2903\" data-end=\"2952\">\n<p data-start=\"2905\" data-end=\"2952\">Teilenummer des Lieferanten: RWX35S00800C<\/p>\n<\/li>\n<\/ul>\n<p data-start=\"2954\" data-end=\"3255\">Der Risco 2-Wege-Rauch- und Hitzemelder bietet eine zuverl\u00e4ssige und effektive L\u00f6sung zur Erkennung von Rauch und Hitze in einem einzigen System.<\/p>\n<p data-start=\"2954\" data-end=\"3255\">Dank seiner einfachen Installation und Verwendung sowie seiner hohen Sicherheit und langen Batterielebensdauer ist dieser Melder eine hervorragende Komponente zum Schutz Ihres Zuhauses oder Unternehmens vor Feuer.<\/p>","protected":false},"excerpt":{"rendered":"<p>Der Risco 2-Wege-Rauch- und W\u00e4rmemelder RWX35S00800C kombiniert Rauch- und W\u00e4rmeerkennung in einer Einheit, mit fortschrittlicher fotoelektrischer Technologie und Temperatur\u00fcberwachung.<\/p>\n<p>Es ist so konzipiert, dass es in jede Umgebung passt, und bietet hohe Sicherheit bei einfacher Installation und Integration in die drahtlosen Systeme von RISCO.<\/p>","protected":false},"featured_media":145270,"template":"","meta":{"_acf_changed":false},"product_brand":[],"product_cat":[3188,2731],"product_tag":[3152],"class_list":{"0":"post-57493","1":"product","2":"type-product","3":"status-publish","4":"has-post-thumbnail","6":"product_cat-larmenheter-risco-larm","7":"product_cat-risco-larm","8":"product_tag-cr123-tillbehor","9":"product_shipping_class-postnord-varubrev","10":"pa_brands-4risco","11":"pa_risco-produkter-agility-3","12":"pa_risco-produkter-agility-4","13":"pa_wicomm-pro-kategorier-rokdetektorer","14":"tm-no-options","16":"first","17":"instock","18":"sale","19":"featured","20":"taxable","21":"shipping-taxable","22":"purchasable","23":"product-type-simple"},"acf":[],"_links":{"self":[{"href":"https:\/\/secureus.se\/de\/wp-json\/wp\/v2\/product\/57493","targetHints":{"allow":["GET"]}}],"collection":[{"href":"https:\/\/secureus.se\/de\/wp-json\/wp\/v2\/product"}],"about":[{"href":"https:\/\/secureus.se\/de\/wp-json\/wp\/v2\/types\/product"}],"wp:featuredmedia":[{"embeddable":true,"href":"https:\/\/secureus.se\/de\/wp-json\/wp\/v2\/media\/145270"}],"wp:attachment":[{"href":"https:\/\/secureus.se\/de\/wp-json\/wp\/v2\/media?parent=57493"}],"wp:term":[{"taxonomy":"product_brand","embeddable":true,"href":"https:\/\/secureus.se\/de\/wp-json\/wp\/v2\/product_brand?post=57493"},{"taxonomy":"product_cat","embeddable":true,"href":"https:\/\/secureus.se\/de\/wp-json\/wp\/v2\/product_cat?post=57493"},{"taxonomy":"product_tag","embeddable":true,"href":"https:\/\/secureus.se\/de\/wp-json\/wp\/v2\/product_tag?post=57493"}],"curies":[{"name":"wp","href":"https:\/\/api.w.org\/{rel}","templated":true}]}}