{"id":57494,"date":"2022-03-10T14:57:00","date_gmt":"2022-03-10T13:57:00","guid":{"rendered":"https:\/\/secureus.se\/produkt\/2-vags-wl-eyewave-pir-husdjurs-kamera-agililty4-och-wicomm-pro-2\/"},"modified":"2025-12-31T19:37:53","modified_gmt":"2025-12-31T18:37:53","slug":"risco-rorelsevakt-med-kamera-2-vags-husdjur-kameradetektor","status":"publish","type":"product","link":"https:\/\/secureus.se\/de\/risco-rorelsevakt-med-kamera-2-vags-husdjur-kameradetektor\/","title":{"rendered":"Risco Bewegungsmelder mit Kamera 2-Wege + Haustierkamera-Detektor"},"content":{"rendered":"<h1 data-start=\"541\" data-end=\"896\">Risco Bewegungsmelder mit Kamera 2-Wege + Haustierkamera-Detektor<\/h1>\n<p data-start=\"541\" data-end=\"896\">Der 2-Wege-Bewegungsmelder mit Kamera (Kameramelder RWX95CMP800C) von Risco ist ein fortschrittlicher PIR-Melder mit integrierter Kamera, der zur visuellen \u00dcberpr\u00fcfung von Einbr\u00fcchen konzipiert ist.<\/p>\n<p data-start=\"541\" data-end=\"896\">Der batteriebetriebene Melder ist mit dem Sicherheitssystem Risco Agility\u2122 3 kompatibel und bietet eine Reihe von Funktionen, die ihn ideal f\u00fcr den Einsatz in Wohn- und Gesch\u00e4ftsumgebungen machen.<\/p>\n<p data-start=\"898\" data-end=\"1358\">Im Falle eines Einbruchs oder auf Anfrage des Hauseigent\u00fcmers nimmt die Kamera eine Bildsequenz auf und \u00fcbertr\u00e4gt sie an das Agility 3\u2122-Bedienfeld.<\/p>\n<p data-start=\"898\" data-end=\"1358\">Diese Bilder werden \u00fcber GPRS- oder IP-Kommunikation an einen Remote-Server oder an die Software der zentralen \u00dcberwachungsstation weitergeleitet.<\/p>\n<p data-start=\"1360\" data-end=\"1761\">Einer der gr\u00f6\u00dften Vorteile dieses Kameramelders ist die M\u00f6glichkeit, Alarmereignisse visuell zu \u00fcberpr\u00fcfen, was zur Reduzierung von Fehlalarmen beitr\u00e4gt und die Sicherheit erh\u00f6ht.<\/p>\n<p data-start=\"1360\" data-end=\"1761\">Durch den Erhalt von Bildern des Vorfalls kann der Hauseigent\u00fcmer selbst \u00fcberpr\u00fcfen, ob es sich tats\u00e4chlich um einen Einbruch handelt und schnell Ma\u00dfnahmen ergreifen.<\/p>\n<p data-start=\"1360\" data-end=\"1761\">Dies spart sowohl dem Benutzer als auch der zentralen \u00dcberwachungsstation Zeit und Ressourcen.<\/p>\n<p data-start=\"1763\" data-end=\"2076\">Der Kameradetektor ist mit einer VGA- oder QVGA-Kamera mit einem weiten Sichtfeld von ca. 85\u00b0 ausgestattet.<\/p>\n<p data-start=\"1763\" data-end=\"2076\">Um auch im Dunkeln Bildaufnahmen zu erm\u00f6glichen, ist sie mit einem dezenten IR-Blitz ausgestattet, der bis zu 10 Meter weit funktioniert.<\/p>\n<p data-start=\"1763\" data-end=\"2076\">Zudem besteht die M\u00f6glichkeit, die Anzahl der Bilder und die Bildrate (fps) im Alarmfall zu konfigurieren.<\/p>\n<p data-start=\"2078\" data-end=\"2379\">Um Batterie zu sparen und die Privatsph\u00e4re des Benutzers zu sch\u00fctzen, werden beim Deaktivieren keine Bilder aufgenommen.<\/p>\n<p data-start=\"2078\" data-end=\"2379\">Zur einfacheren Nutzung k\u00f6nnen Bilder auch bei Bedarf \u00fcber Smartphone oder Webbrowser angefordert werden. Die Bilder werden auf dem Detektor gespeichert, bis sie auf das Panel \u00fcbertragen werden. So wird sichergestellt, dass keine wichtigen Beweise verloren gehen.<\/p>\n<p data-start=\"2381\" data-end=\"2411\"><strong data-start=\"2381\" data-end=\"2409\">Haupteigenschaften:<\/strong><\/p>\n<ul data-start=\"2412\" data-end=\"3108\">\n<li data-start=\"2412\" data-end=\"2482\">\n<p data-start=\"2414\" data-end=\"2482\"><strong data-start=\"2414\" data-end=\"2425\">Kamera:<\/strong> VGA- oder QVGA-Aufl\u00f6sung mit einem Sichtfeld von ca. 85\u00b0<\/p>\n<\/li>\n<li data-start=\"2483\" data-end=\"2568\">\n<p data-start=\"2485\" data-end=\"2568\"><strong data-start=\"2485\" data-end=\"2498\">IR-Blitz:<\/strong> Diskreter IR-Blitz f\u00fcr Aufnahmen in v\u00f6lliger Dunkelheit, bis zu 10 Meter<\/p>\n<\/li>\n<li data-start=\"2569\" data-end=\"2612\">\n<p data-start=\"2571\" data-end=\"2612\"><strong data-start=\"2571\" data-end=\"2584\">Umfang:<\/strong> 12 Meter Erfassungsbereich<\/p>\n<\/li>\n<li data-start=\"2613\" data-end=\"2670\">\n<p data-start=\"2615\" data-end=\"2670\"><strong data-start=\"2615\" data-end=\"2627\">Batterie:<\/strong> Betrieben durch 2 langlebige 3V Lithiumbatterien<\/p>\n<\/li>\n<li data-start=\"2671\" data-end=\"2764\">\n<p data-start=\"2673\" data-end=\"2764\"><strong data-start=\"2673\" data-end=\"2697\">Visuelle \u00dcberpr\u00fcfung:<\/strong> Sendet Bilder im Falle von Einbruchsereignissen und auf Anfrage des Benutzers<\/p>\n<\/li>\n<li data-start=\"2765\" data-end=\"2830\">\n<p data-start=\"2767\" data-end=\"2830\"><strong data-start=\"2767\" data-end=\"2786\">Kompatibilit\u00e4t:<\/strong> Kompatibel mit dem Sicherheitssystem Agility\u2122 3<\/p>\n<\/li>\n<li data-start=\"2831\" data-end=\"2905\">\n<p data-start=\"2833\" data-end=\"2905\"><strong data-start=\"2833\" data-end=\"2855\">Bildfolge:<\/strong> Konfigurierbare Anzahl von Frames und fps bei Ereignis<\/p>\n<\/li>\n<li data-start=\"2906\" data-end=\"2961\">\n<p data-start=\"2908\" data-end=\"2961\"><strong data-start=\"2908\" data-end=\"2929\">Datenschutz:<\/strong> Beim Unscharfschalten werden keine Bilder aufgenommen<\/p>\n<\/li>\n<li data-start=\"2962\" data-end=\"3034\">\n<p data-start=\"2964\" data-end=\"3034\"><strong data-start=\"2964\" data-end=\"2981\">Fernzugriff:<\/strong> Bilder k\u00f6nnen \u00fcber Smartphone oder Browser angefordert werden<\/p>\n<\/li>\n<li data-start=\"3035\" data-end=\"3108\">\n<p data-start=\"3037\" data-end=\"3108\"><strong data-start=\"3037\" data-end=\"3049\">Lagerung:<\/strong> Bilder werden auf dem Detektor gespeichert, bis sie an das Panel gesendet werden<\/p>\n<\/li>\n<\/ul>\n<p data-start=\"3110\" data-end=\"3141\"><strong data-start=\"3110\" data-end=\"3139\">Technische Spezifikationen:<\/strong><\/p>\n<ul data-start=\"3142\" data-end=\"3481\">\n<li data-start=\"3142\" data-end=\"3176\">\n<p data-start=\"3144\" data-end=\"3176\"><strong data-start=\"3144\" data-end=\"3159\">Aufl\u00f6sung:<\/strong> VGA oder QVGA<\/p>\n<\/li>\n<li data-start=\"3177\" data-end=\"3197\">\n<p data-start=\"3179\" data-end=\"3197\"><strong data-start=\"3179\" data-end=\"3191\">Sichtfeld:<\/strong> 85\u00b0<\/p>\n<\/li>\n<li data-start=\"3198\" data-end=\"3224\">\n<p data-start=\"3200\" data-end=\"3224\"><strong data-start=\"3200\" data-end=\"3213\">Umfang:<\/strong> 12 Meter<\/p>\n<\/li>\n<li data-start=\"3225\" data-end=\"3260\">\n<p data-start=\"3227\" data-end=\"3260\"><strong data-start=\"3227\" data-end=\"3240\">IR-Blitz:<\/strong> Bis zu 10 Meter<\/p>\n<\/li>\n<li data-start=\"3261\" data-end=\"3300\">\n<p data-start=\"3263\" data-end=\"3300\"><strong data-start=\"3263\" data-end=\"3275\">Batterie:<\/strong> 2 x 3V Lithiumbatterien<\/p>\n<\/li>\n<li data-start=\"3301\" data-end=\"3340\">\n<p data-start=\"3303\" data-end=\"3340\"><strong data-start=\"3303\" data-end=\"3319\">Abmessungen:<\/strong> 132 x 67,5 x 56 mm<\/p>\n<\/li>\n<li data-start=\"3341\" data-end=\"3433\">\n<p data-start=\"3343\" data-end=\"3433\"><strong data-start=\"3343\" data-end=\"3358\">Merkmale:<\/strong> PIR-Sensor, Kamera, IR-Blitz, drahtlose Kommunikation, visuelle \u00dcberpr\u00fcfung<\/p>\n<\/li>\n<li data-start=\"3434\" data-end=\"3481\">\n<p data-start=\"3436\" data-end=\"3481\"><strong data-start=\"3436\" data-end=\"3468\">Artikelnummer des Lieferanten:<\/strong> RWX95CMP800C<\/p>\n<\/li>\n<\/ul>\n<p data-start=\"3483\" data-end=\"3776\">Der Risco 2-Wege-Bewegungssensor mit Kamera ist die perfekte Wahl f\u00fcr Benutzer, die sowohl Bewegungserkennung als auch visuelle \u00dcberpr\u00fcfung von Sicherheitsereignissen w\u00fcnschen.<\/p>\n<p data-start=\"3483\" data-end=\"3776\">Mit seiner fortschrittlichen Technologie, den benutzerfreundlichen Funktionen und dem batteriebetriebenen Design ist dieser Detektor ein zuverl\u00e4ssiger Bestandteil jedes Sicherheitssystems.<\/p>\n<div class=\"field field-name-field-product-description field-type-text-long field-label-hidden\">\n<div class=\"field-items\">\n<div class=\"field-item even\">\n<div>\n<div class=\"row\">\n<div>\n<h4>Erfahren Sie mehr \u00fcber WiComm Pro und diese Funktionen!<\/h4>\n<p><a href=\"https:\/\/www.riscogroup.com\/products\/product\/52708\" target=\"_blank\" rel=\"noopener\">Hier k\u00f6nnen Sie mehr \u00fcber WiCom Pro auf der Website der Risco Group lesen\u00a0<\/a><\/p>\n<p><iframe title=\"Wicomm Smart Hub US\" width=\"1170\" height=\"658\" src=\"https:\/\/www.youtube.com\/embed\/5PHoH2dRjEs?feature=oembed\" frameborder=\"0\" allow=\"accelerometer; autoplay; clipboard-write; encrypted-media; gyroscope; picture-in-picture; web-share\" referrerpolicy=\"strict-origin-when-cross-origin\" allowfullscreen><\/iframe><\/p>\n<\/div>\n<\/div>\n<\/div>\n<\/div>\n<\/div>\n<\/div>","protected":false},"excerpt":{"rendered":"<p>Der Risco 2-Wege-Bewegungsmelder mit Kamera und Haustierfunktion (RWX95CMP800C) ist ein batteriebetriebener PIR-Melder mit integrierter Kamera zur visuellen \u00dcberpr\u00fcfung.<\/p>\n<p>Es eignet sich perfekt f\u00fcr den Einsatz mit dem Sicherheitssystem Agility\u2122 3 und bietet eine Reichweite von 12 Metern, Weitwinkelobjektiv und diskreten IR-Blitz f\u00fcr Aufnahmen im Dunkeln. Haustierfunktion bis 36 kg.<\/p>","protected":false},"featured_media":145489,"template":"","meta":{"_acf_changed":false},"product_brand":[],"product_cat":[3188,2731],"product_tag":[],"class_list":{"0":"post-57494","1":"product","2":"type-product","3":"status-publish","4":"has-post-thumbnail","6":"product_cat-larmenheter-risco-larm","7":"product_cat-risco-larm","8":"product_shipping_class-postnord-varubrev","9":"pa_brands-4risco","10":"pa_risco-produkter-agility-3","11":"pa_risco-produkter-agility-4","12":"pa_wicomm-pro-kategorier-kameradetektorer","13":"tm-no-options","15":"first","16":"instock","17":"sale","18":"featured","19":"taxable","20":"shipping-taxable","21":"purchasable","22":"product-type-simple"},"acf":[],"_links":{"self":[{"href":"https:\/\/secureus.se\/de\/wp-json\/wp\/v2\/product\/57494","targetHints":{"allow":["GET"]}}],"collection":[{"href":"https:\/\/secureus.se\/de\/wp-json\/wp\/v2\/product"}],"about":[{"href":"https:\/\/secureus.se\/de\/wp-json\/wp\/v2\/types\/product"}],"wp:featuredmedia":[{"embeddable":true,"href":"https:\/\/secureus.se\/de\/wp-json\/wp\/v2\/media\/145489"}],"wp:attachment":[{"href":"https:\/\/secureus.se\/de\/wp-json\/wp\/v2\/media?parent=57494"}],"wp:term":[{"taxonomy":"product_brand","embeddable":true,"href":"https:\/\/secureus.se\/de\/wp-json\/wp\/v2\/product_brand?post=57494"},{"taxonomy":"product_cat","embeddable":true,"href":"https:\/\/secureus.se\/de\/wp-json\/wp\/v2\/product_cat?post=57494"},{"taxonomy":"product_tag","embeddable":true,"href":"https:\/\/secureus.se\/de\/wp-json\/wp\/v2\/product_tag?post=57494"}],"curies":[{"name":"wp","href":"https:\/\/api.w.org\/{rel}","templated":true}]}}