{"id":57496,"date":"2022-03-10T14:57:00","date_gmt":"2022-03-10T13:57:00","guid":{"rendered":"https:\/\/secureus.se\/produkt\/tagg-nyckelbricka-agility-risco-och-logo\/"},"modified":"2025-12-31T19:38:06","modified_gmt":"2025-12-31T18:38:06","slug":"tagg-till-risco-knappsats-2-pack","status":"publish","type":"product","link":"https:\/\/secureus.se\/de\/tagg-till-risco-knappsats-2-pack\/","title":{"rendered":"Risco Proxtag f\u00fcr Agility &amp; WiComm Pro Tastatur \u2013 2er-Pack"},"content":{"rendered":"<h1>Etikett f\u00fcr Risco Keypad 2er-Pack<\/h1>\n<p>Kompatibel mit Panda-Panels<\/p>\n<h3 class=\"product-details-module__title ec-header-h6\">Produktdetails f\u00fcr Tagg Agility WiComm Pro<\/h3>\n<div class=\"product-details-module__content\">\n<div id=\"productDescription\" class=\"product-details__product-description\">\n<div>\n<p>Einfaches Entsch\u00e4rfen und Scharfschalten mit\u00a0<strong>Alarm-Tags<\/strong>, auch Tags genannt.<\/p>\n<p>Kann am Schl\u00fcsselring befestigt werden. Ein Alarm-Tag ist pers\u00f6nlich und erg\u00e4nzt den vierstelligen Code.<\/p>\n<p>Die Flexibilit\u00e4t macht die Alarmablage zu einem sehr beliebten Produkt bei unseren Kunden.<\/p>\n<p>Ein Tag ist eine bequeme M\u00f6glichkeit, Alarme zu verwalten und zu steuern \u2013 wenn Sie einen verlieren, programmieren Sie ihn einfach weg und f\u00fcgen einen neuen hinzu.<\/p>\n<p>Ein und derselbe Alarmanh\u00e4nger kann f\u00fcr mehrere verschiedene Alarmsysteme verwendet werden, beispielsweise zur Alarmierung sowohl zu Hause, am Arbeitsplatz als auch im Ferienhaus.<\/p>\n<h4>Erfahren Sie mehr \u00fcber WiComm Pro und diese Funktionen!<\/h4>\n<p><a href=\"https:\/\/www.riscogroup.com\/products\/product\/52708\" target=\"_blank\" rel=\"noopener\">Hier k\u00f6nnen Sie mehr \u00fcber WiCom Pro auf der Website der Risco Group lesen\u00a0<\/a><\/p>\n<p><iframe title=\"Wicomm Smart Hub US\" width=\"1170\" height=\"658\" src=\"https:\/\/www.youtube.com\/embed\/5PHoH2dRjEs?feature=oembed\" frameborder=\"0\" allow=\"accelerometer; autoplay; clipboard-write; encrypted-media; gyroscope; picture-in-picture; web-share\" referrerpolicy=\"strict-origin-when-cross-origin\" allowfullscreen><\/iframe><\/p>\n<\/div>\n<\/div>\n<\/div>","protected":false},"excerpt":{"rendered":"<p>F\u00fcr Panda Panel Risco. Einfaches Entsch\u00e4rfen und Scharfschalten mit <strong>Alarm-Tags<\/strong>, auch Tags genannt.<\/p>\n<p>Kann am Schl\u00fcsselring befestigt werden. Ein Alarm-Tag ist pers\u00f6nlich und erg\u00e4nzt den vierstelligen Code.<\/p>\n<p><span data-teams=\"true\"><span class=\"ui-provider a b c d e f g h i j k l m n o p q r s t u v w x y z ab ac ae af ag ah ai aj ak\" dir=\"ltr\">Das Produkt wird mit 2 Etiketten geliefert.<\/span><\/span><\/p>","protected":false},"featured_media":145696,"template":"","meta":{"_acf_changed":false},"product_brand":[],"product_cat":[4882,4881,4879],"product_tag":[2426,2958],"class_list":{"0":"post-57496","1":"product","2":"type-product","3":"status-publish","4":"has-post-thumbnail","6":"product_cat-agility-v4-3-2","7":"product_cat-overfallslarm-fjarrkontroll","8":"product_cat-wicomm-pro","9":"product_tag-rel-risco","10":"product_tag-stonehouse-produkt","11":"product_shipping_class-postnord-varubrev","12":"pa_brands-stonehouse-security","13":"pa_risco-produkter-agility-4","14":"tm-no-options","16":"first","17":"instock","18":"sale","19":"featured","20":"taxable","21":"shipping-taxable","22":"purchasable","23":"product-type-simple"},"acf":[],"_links":{"self":[{"href":"https:\/\/secureus.se\/de\/wp-json\/wp\/v2\/product\/57496","targetHints":{"allow":["GET"]}}],"collection":[{"href":"https:\/\/secureus.se\/de\/wp-json\/wp\/v2\/product"}],"about":[{"href":"https:\/\/secureus.se\/de\/wp-json\/wp\/v2\/types\/product"}],"wp:featuredmedia":[{"embeddable":true,"href":"https:\/\/secureus.se\/de\/wp-json\/wp\/v2\/media\/145696"}],"wp:attachment":[{"href":"https:\/\/secureus.se\/de\/wp-json\/wp\/v2\/media?parent=57496"}],"wp:term":[{"taxonomy":"product_brand","embeddable":true,"href":"https:\/\/secureus.se\/de\/wp-json\/wp\/v2\/product_brand?post=57496"},{"taxonomy":"product_cat","embeddable":true,"href":"https:\/\/secureus.se\/de\/wp-json\/wp\/v2\/product_cat?post=57496"},{"taxonomy":"product_tag","embeddable":true,"href":"https:\/\/secureus.se\/de\/wp-json\/wp\/v2\/product_tag?post=57496"}],"curies":[{"name":"wp","href":"https:\/\/api.w.org\/{rel}","templated":true}]}}