{"id":57497,"date":"2022-03-10T14:57:00","date_gmt":"2022-03-10T13:57:00","guid":{"rendered":"https:\/\/secureus.se\/produkt\/rorelsesensor-t95p-digital-ir-15-x-15-meter-med-husdjursimmunitet\/"},"modified":"2026-01-16T18:49:07","modified_gmt":"2026-01-16T17:49:07","slug":"risco-rorelsevakt-husdjur-rorelsedetektor-2-vags-t95-pet","status":"publish","type":"product","link":"https:\/\/secureus.se\/de\/risco-rorelsevakt-husdjur-rorelsedetektor-2-vags-t95-pet\/","title":{"rendered":"Risco Bewegungsmelder + Haustier-Bewegungsmelder 2-Wege T95 Pet"},"content":{"rendered":"<h1>Risco Bewegungsmelder + Haustier-Bewegungsmelder 2-Wege T95 Pet<\/h1>\n<p data-start=\"410\" data-end=\"738\">Der Risco 2-Wege-Bewegungssensor T95 Pet (Mod. RWX95P86800) ist ein digitaler drahtloser passiver Infrarot-Detektor (PIR), der sich perfekt f\u00fcr den Einsatz in Wohnungen, B\u00fcros und kleinen gewerblichen Installationen eignet.<\/p>\n<p data-start=\"410\" data-end=\"738\">Dieser Detektor hat eine Reichweite von 12 x 12 Metern (40&#039; x 40&#039;) und bietet ein weites Sichtfeld, um sicherzustellen, dass kein Bereich ungesch\u00fctzt bleibt.<\/p>\n<p data-start=\"740\" data-end=\"1129\"><strong data-start=\"740\" data-end=\"761\">Haustierimmunit\u00e4t<\/strong><br data-start=\"761\" data-end=\"764\" \/>Eines der bemerkenswertesten Merkmale des T95 Pet ist seine Immunit\u00e4t gegen\u00fcber Haustieren. Es verf\u00fcgt \u00fcber eine variable Haustierschwelle (VPT\u2122), die es ideal f\u00fcr Umgebungen mit Haustieren macht, da es Bewegungen von Haustieren bis zu 36 kg (80 lb) ignorieren kann.<\/p>\n<p data-start=\"740\" data-end=\"1129\">Dadurch eignet sich der Melder optimal f\u00fcr Haushalte oder B\u00fcros, in denen kleine bis mittelgro\u00dfe Haustiere vorhanden sind, ohne dass es zu Fehlalarmen kommt.<\/p>\n<p data-start=\"1131\" data-end=\"1453\"><strong data-start=\"1131\" data-end=\"1163\">Drahtlose 2-Wege-Kommunikation<\/strong><br data-start=\"1163\" data-end=\"1166\" \/>Das T95 Pet nutzt eine drahtlose Zweiwegekommunikation und bietet h\u00f6here Sicherheit durch geringere Funk\u00fcberlastung sowie effiziente Fernsteuerung und Diagnose.<\/p>\n<p data-start=\"1131\" data-end=\"1453\">Diese Funktion erleichtert die Aufrechterhaltung eines optimalen Systemzustands und h\u00e4lt gleichzeitig die HF-Kommunikation niedrig, um St\u00f6rungen zu reduzieren.<\/p>\n<p data-start=\"1455\" data-end=\"1735\"><strong data-start=\"1455\" data-end=\"1487\">Intelligente Signalverarbeitung<\/strong><br data-start=\"1487\" data-end=\"1490\" \/>Die digitale Signalverarbeitung stellt sicher, dass der Detektor Bewegungen pr\u00e4zise und zuverl\u00e4ssig erkennen kann.<\/p>\n<p data-start=\"1455\" data-end=\"1735\">Es ist au\u00dferdem mit einer Sensorschutzh\u00fclle ausgestattet, die Fehlalarme durch kleine Insekten verhindert und das System so noch zuverl\u00e4ssiger macht.<\/p>\n<p data-start=\"1737\" data-end=\"2023\"><strong data-start=\"1737\" data-end=\"1755\">Optionale Objektive<\/strong><br data-start=\"1755\" data-end=\"1758\" \/>Um das System noch weiter an spezifische Bed\u00fcrfnisse anzupassen, bietet das T95 Pet optionale Linsen, mit denen die Abdeckung individuell angepasst werden kann.<\/p>\n<p data-start=\"1737\" data-end=\"2023\">Verwenden Sie die Standardlinse f\u00fcr eine Abdeckung von 12 Metern (40 Fu\u00df) oder w\u00e4hlen Sie die Vorhanglinse zum Schutz gr\u00f6\u00dferer Entfernungen (bis zu 23 m\/75 Fu\u00df).<\/p>\n<p data-start=\"2025\" data-end=\"2055\"><strong data-start=\"2025\" data-end=\"2053\">Haupteigenschaften:<\/strong><\/p>\n<ul data-start=\"2056\" data-end=\"2581\">\n<li data-start=\"2056\" data-end=\"2105\">\n<p data-start=\"2058\" data-end=\"2105\"><strong data-start=\"2058\" data-end=\"2071\">Abdeckung:<\/strong> 12\u00d712 Meter (40&#039;x40\u2032) Weitwinkel<\/p>\n<\/li>\n<li data-start=\"2106\" data-end=\"2191\">\n<p data-start=\"2108\" data-end=\"2191\"><strong data-start=\"2108\" data-end=\"2130\">Haustierimmunit\u00e4t:<\/strong> Bis zu 36 kg (80 lb) mit Variable Pet Threshold (VPT\u2122)<\/p>\n<\/li>\n<li data-start=\"2192\" data-end=\"2273\">\n<p data-start=\"2194\" data-end=\"2273\"><strong data-start=\"2194\" data-end=\"2227\">Drahtlose 2-Wege-Kommunikation:<\/strong> H\u00f6here Sicherheit und reduzierte HF-Kommunikation<\/p>\n<\/li>\n<li data-start=\"2274\" data-end=\"2344\">\n<p data-start=\"2276\" data-end=\"2344\"><strong data-start=\"2276\" data-end=\"2309\">Intelligente Signalverarbeitung:<\/strong> Zur pr\u00e4zisen Bewegungserkennung<\/p>\n<\/li>\n<li data-start=\"2345\" data-end=\"2433\">\n<p data-start=\"2347\" data-end=\"2433\"><strong data-start=\"2347\" data-end=\"2371\">Schutz vor Fehlalarmen:<\/strong> Sch\u00fctzende Sensorh\u00fclse zur Verhinderung von Fehlalarmen durch Insekten<\/p>\n<\/li>\n<li data-start=\"2434\" data-end=\"2500\">\n<p data-start=\"2436\" data-end=\"2500\"><strong data-start=\"2436\" data-end=\"2455\">Optionale Objektive:<\/strong> 12m Vorhanglinse oder 23m Fernlinsen<\/p>\n<\/li>\n<li data-start=\"2501\" data-end=\"2581\">\n<p data-start=\"2503\" data-end=\"2581\"><strong data-start=\"2503\" data-end=\"2522\">Kompatibilit\u00e4t:<\/strong> Agility\u21223, Agility\u21224, WiComm Pro und andere Risco-Systeme<\/p>\n<\/li>\n<\/ul>\n<p data-start=\"2583\" data-end=\"2614\"><strong data-start=\"2583\" data-end=\"2612\">Technische Spezifikationen:<\/strong><\/p>\n<ul data-start=\"2615\" data-end=\"2917\">\n<li data-start=\"2615\" data-end=\"2650\">\n<p data-start=\"2617\" data-end=\"2650\"><strong data-start=\"2617\" data-end=\"2630\">Umfang:<\/strong> 12\u00d712 m (40&#039;x40\u2032)<\/p>\n<\/li>\n<li data-start=\"2651\" data-end=\"2736\">\n<p data-start=\"2653\" data-end=\"2736\"><strong data-start=\"2653\" data-end=\"2675\">Haustierimmunit\u00e4t:<\/strong> Bis zu 36 kg (80 lb) mit Variable Pet Threshold (VPT\u2122)<\/p>\n<\/li>\n<li data-start=\"2737\" data-end=\"2774\">\n<p data-start=\"2739\" data-end=\"2774\"><strong data-start=\"2739\" data-end=\"2757\">Kommunikation:<\/strong> 2-Wege-Funk<\/p>\n<\/li>\n<li data-start=\"2775\" data-end=\"2816\">\n<p data-start=\"2777\" data-end=\"2816\"><strong data-start=\"2777\" data-end=\"2789\">Batterie:<\/strong> 3V Lithiumbatterie (im Lieferumfang enthalten)<\/p>\n<\/li>\n<li data-start=\"2817\" data-end=\"2868\">\n<p data-start=\"2819\" data-end=\"2868\"><strong data-start=\"2819\" data-end=\"2828\">Messen:<\/strong> Kompaktes Design f\u00fcr einfache Installation<\/p>\n<\/li>\n<li data-start=\"2869\" data-end=\"2917\">\n<p data-start=\"2871\" data-end=\"2917\"><strong data-start=\"2871\" data-end=\"2903\">Artikelnummer des Lieferanten:<\/strong> RWX95P86800<\/p>\n<\/li>\n<\/ul>\n<p data-start=\"2919\" data-end=\"3223\">Der Risco 2-Wege-Bewegungsmelder T95 Pet ist die perfekte L\u00f6sung, um sicherzustellen, dass Ihr Sicherheitssystem effektiv funktioniert, ohne bei Anwesenheit von Haustieren Fehlalarme auszul\u00f6sen.<\/p>\n<p data-start=\"2919\" data-end=\"3223\">Mit gro\u00dfer Reichweite, intelligenter Signalverarbeitung und Haustierimmunit\u00e4t bietet dieser Detektor hohe Sicherheit und Zuverl\u00e4ssigkeit.<\/p>","protected":false},"excerpt":{"rendered":"<p>Der Risco 2-Wege-Bewegungsmelder T95 Pet ist ein digitaler drahtloser PIR-Detektor mit Haustierimmunit\u00e4t bis 36 kg.<\/p>\n<p>Es bietet eine Abdeckung von 12\u00d712 m und verwendet eine intelligente Signalverarbeitung, um Fehlalarme zu verhindern.<\/p>","protected":false},"featured_media":145375,"template":"","meta":{"_acf_changed":false},"product_brand":[],"product_cat":[3188,2731],"product_tag":[],"class_list":{"0":"post-57497","1":"product","2":"type-product","3":"status-publish","4":"has-post-thumbnail","6":"product_cat-larmenheter-risco-larm","7":"product_cat-risco-larm","8":"product_shipping_class-postnord-varubrev","9":"pa_brands-4risco","10":"pa_risco-produkter-agility-3","11":"pa_risco-produkter-agility-4","12":"tm-no-options","14":"first","15":"instock","16":"sale","17":"featured","18":"taxable","19":"shipping-taxable","20":"purchasable","21":"product-type-simple"},"acf":[],"_links":{"self":[{"href":"https:\/\/secureus.se\/de\/wp-json\/wp\/v2\/product\/57497","targetHints":{"allow":["GET"]}}],"collection":[{"href":"https:\/\/secureus.se\/de\/wp-json\/wp\/v2\/product"}],"about":[{"href":"https:\/\/secureus.se\/de\/wp-json\/wp\/v2\/types\/product"}],"wp:featuredmedia":[{"embeddable":true,"href":"https:\/\/secureus.se\/de\/wp-json\/wp\/v2\/media\/145375"}],"wp:attachment":[{"href":"https:\/\/secureus.se\/de\/wp-json\/wp\/v2\/media?parent=57497"}],"wp:term":[{"taxonomy":"product_brand","embeddable":true,"href":"https:\/\/secureus.se\/de\/wp-json\/wp\/v2\/product_brand?post=57497"},{"taxonomy":"product_cat","embeddable":true,"href":"https:\/\/secureus.se\/de\/wp-json\/wp\/v2\/product_cat?post=57497"},{"taxonomy":"product_tag","embeddable":true,"href":"https:\/\/secureus.se\/de\/wp-json\/wp\/v2\/product_tag?post=57497"}],"curies":[{"name":"wp","href":"https:\/\/api.w.org\/{rel}","templated":true}]}}