{"id":57498,"date":"2022-03-10T14:57:00","date_gmt":"2022-03-10T13:57:00","guid":{"rendered":"https:\/\/secureus.se\/produkt\/sladdstall-2m-skx-2x075\/"},"modified":"2025-12-31T19:41:57","modified_gmt":"2025-12-31T18:41:57","slug":"sladd-transformator-sladdstall-2m-skx-2x075","status":"publish","type":"product","link":"https:\/\/secureus.se\/de\/sladd-transformator-sladdstall-2m-skx-2x075\/","title":{"rendered":"Kabeltransformator Kabelst\u00e4nder 2 m SKX 2\u00d70,75"},"content":{"rendered":"<h1>Kabeltransformator Kabeltr\u00e4ger 2m SKX 2\u00d70,75<\/h1>\n<p>Dieses Cord Transformer Cord Rack ist ein hochwertiges 2 Meter langes Anschlusskabel, das f\u00fcr die Verwendung mit Transformatoren oder Beleuchtung konzipiert ist.<\/p>\n<p>Das Kabel ist mit einem CEE 7\/16 EURO-Stecker ausgestattet und eignet sich besonders gut zum Anschluss an 220 Volt.<\/p>\n<p>Das Kabel verf\u00fcgt \u00fcber zwei Leiter und einen Leiternennquerschnitt von 0,75 mm\u00b2 und ist somit f\u00fcr niedrige bis mittlere Stromst\u00e4rken geeignet.<\/p>\n<p>Der Au\u00dfenmantel besteht aus PVC (Polyvinylchlorid), das f\u00fcr Langlebigkeit und guten Schutz gegen mechanische Beanspruchung sorgt.<\/p>\n<p>Das Kabel hat eine Nennspannung von 300 V und ist in der Farbe Wei\u00df erh\u00e4ltlich, wodurch es sich diskret in die meisten Installationen einf\u00fcgt.<\/p>","protected":false},"excerpt":{"rendered":"<p>Eine 2 Meter lange Anschlussleitung mit CEE 7\/16 EURO-Stecker f\u00fcr Trafos oder Beleuchtung.<\/p>\n<p>Kein systemgebundenes Anschlusssystem und perfekt geeignet zum Anschluss eines 220 V Transformators an Ihre Alarmanlage oder Beleuchtung.<\/p>","protected":false},"featured_media":145479,"template":"","meta":{"_acf_changed":false},"product_brand":[],"product_cat":[1548,1324],"product_tag":[],"class_list":{"0":"post-57498","1":"product","2":"type-product","3":"status-publish","4":"has-post-thumbnail","6":"product_cat-relaer-elektronik","7":"product_cat-outlet","8":"product_shipping_class-postnord-varubrev","9":"pa_brands-solar-sverige-aktiebolag","10":"pa_risco-produkter-agility-4","11":"tm-no-options","13":"first","14":"instock","15":"sale","16":"featured","17":"taxable","18":"shipping-taxable","19":"purchasable","20":"product-type-simple"},"acf":[],"_links":{"self":[{"href":"https:\/\/secureus.se\/de\/wp-json\/wp\/v2\/product\/57498","targetHints":{"allow":["GET"]}}],"collection":[{"href":"https:\/\/secureus.se\/de\/wp-json\/wp\/v2\/product"}],"about":[{"href":"https:\/\/secureus.se\/de\/wp-json\/wp\/v2\/types\/product"}],"wp:featuredmedia":[{"embeddable":true,"href":"https:\/\/secureus.se\/de\/wp-json\/wp\/v2\/media\/145479"}],"wp:attachment":[{"href":"https:\/\/secureus.se\/de\/wp-json\/wp\/v2\/media?parent=57498"}],"wp:term":[{"taxonomy":"product_brand","embeddable":true,"href":"https:\/\/secureus.se\/de\/wp-json\/wp\/v2\/product_brand?post=57498"},{"taxonomy":"product_cat","embeddable":true,"href":"https:\/\/secureus.se\/de\/wp-json\/wp\/v2\/product_cat?post=57498"},{"taxonomy":"product_tag","embeddable":true,"href":"https:\/\/secureus.se\/de\/wp-json\/wp\/v2\/product_tag?post=57498"}],"curies":[{"name":"wp","href":"https:\/\/api.w.org\/{rel}","templated":true}]}}