{"id":57499,"date":"2022-03-10T14:57:00","date_gmt":"2022-03-10T13:57:00","guid":{"rendered":"https:\/\/secureus.se\/produkt\/180-faste-till-beyond-dt-detektorer-agility4-wicomm-pro\/"},"modified":"2025-12-31T19:36:02","modified_gmt":"2025-12-31T18:36:02","slug":"risco-faste-till-beyond-detektorer","status":"publish","type":"product","link":"https:\/\/secureus.se\/de\/risco-faste-till-beyond-detektorer\/","title":{"rendered":"Risco-Halterung f\u00fcr Beyond-Detektoren"},"content":{"rendered":"<div>\n<h1>Risco-Halterung f\u00fcr Beyond-Detektoren<\/h1>\n<p data-start=\"346\" data-end=\"734\">Die Risco-Halterung f\u00fcr Beyond-Detektoren 180\u00b0 (Mod. RA350S00000) ist ein praktisches Zubeh\u00f6r, das es erm\u00f6glicht, Beyond-DT-Detektoren in einem Winkel von 180\u00b0 auszurichten und zu drehen und so Flexibilit\u00e4t und Pr\u00e4zision bei der Installation bietet.<\/p>\n<p data-start=\"346\" data-end=\"734\">Diese Halterung ist besonders n\u00fctzlich, um sicherzustellen, dass der Detektor den Bereich, den Sie sch\u00fctzen m\u00f6chten, pr\u00e4zise \u00fcberwacht und so Abdeckungsbereich und Wirksamkeit maximiert.<\/p>\n<p data-start=\"736\" data-end=\"1065\">Die Halterung ist so konzipiert, dass sie sich problemlos in die Detektoren der Beyond-Serie integrieren l\u00e4sst, sodass die Installation reibungslos und schnell verl\u00e4uft.<\/p>\n<p data-start=\"736\" data-end=\"1065\">Die einstellbare Funktion erm\u00f6glicht dem Benutzer, die Abdeckung des Detektors zu optimieren, und es ist eine perfekte L\u00f6sung f\u00fcr Au\u00dfeninstallationen, bei denen pr\u00e4zise Einstellungen entscheidend sein k\u00f6nnen, um die besten Ergebnisse zu erzielen.<\/p>\n<p data-start=\"1067\" data-end=\"1240\">Diese Halterung ist ein unverzichtbares Zubeh\u00f6r f\u00fcr Beyond Detectors, das den Installationsprozess vereinfacht und gleichzeitig eine genaue und effektive \u00dcberwachung gew\u00e4hrleistet.<\/p>\n<p data-start=\"1242\" data-end=\"1272\"><strong data-start=\"1242\" data-end=\"1270\">Haupteigenschaften:<\/strong><\/p>\n<ul data-start=\"1273\" data-end=\"1676\">\n<li data-start=\"1273\" data-end=\"1380\">\n<p data-start=\"1275\" data-end=\"1380\"><strong data-start=\"1275\" data-end=\"1294\">180\u00b0-Verstellung:<\/strong> Erm\u00f6glicht die einfache Anpassung der Beyond DT-Detektoren, um genau den gew\u00fcnschten Bereich abzudecken<\/p>\n<\/li>\n<li data-start=\"1381\" data-end=\"1489\">\n<p data-start=\"1383\" data-end=\"1489\"><strong data-start=\"1383\" data-end=\"1403\">F\u00fcr den Au\u00dfenbereich:<\/strong> Perfekt f\u00fcr die Installation von Beyond-Detektoren im Au\u00dfenbereich und die Anpassung f\u00fcr optimale Abdeckung<\/p>\n<\/li>\n<li data-start=\"1490\" data-end=\"1574\">\n<p data-start=\"1492\" data-end=\"1574\"><strong data-start=\"1492\" data-end=\"1515\">Einfache Installation:<\/strong> Macht die Installation von Beyond Detectors schnell und einfach<\/p>\n<\/li>\n<li data-start=\"1575\" data-end=\"1676\">\n<p data-start=\"1577\" data-end=\"1676\"><strong data-start=\"1577\" data-end=\"1601\">Abdeckungsoptimierung:<\/strong> Hilft, die Detektoreffizienz durch pr\u00e4zise Ausrichtung zu maximieren<\/p>\n<\/li>\n<\/ul>\n<p data-start=\"1678\" data-end=\"1709\"><strong data-start=\"1678\" data-end=\"1707\">Technische Spezifikationen:<\/strong><\/p>\n<ul data-start=\"1710\" data-end=\"1848\">\n<li data-start=\"1710\" data-end=\"1754\">\n<p data-start=\"1712\" data-end=\"1754\"><strong data-start=\"1712\" data-end=\"1731\">Kompatibilit\u00e4t:<\/strong> \u00dcber DT-Detektoren hinaus<\/p>\n<\/li>\n<li data-start=\"1755\" data-end=\"1799\">\n<p data-start=\"1757\" data-end=\"1799\"><strong data-start=\"1757\" data-end=\"1771\">Einstellung:<\/strong> 180\u00b0 f\u00fcr pr\u00e4zise Ausrichtung<\/p>\n<\/li>\n<li data-start=\"1800\" data-end=\"1848\">\n<p data-start=\"1802\" data-end=\"1848\"><strong data-start=\"1802\" data-end=\"1834\">Artikelnummer des Lieferanten:<\/strong> RA350S00000<\/p>\n<\/li>\n<\/ul>\n<p data-start=\"1850\" data-end=\"2041\">Mit der 180\u00b0-Halterung f\u00fcr Risco Beyond Detectors k\u00f6nnen Benutzer die Abdeckung ihrer Detektoren optimieren und sicherstellen, dass der zu \u00fcberwachende Bereich effektiv und pr\u00e4zise gesch\u00fctzt ist.<\/p>\n<\/div>","protected":false},"excerpt":{"rendered":"<p data-start=\"132\" data-end=\"312\">Mit der Risco Beyond Detector Mount 180\u00b0 k\u00f6nnen Beyond DT-Detektoren so eingestellt werden, dass sie um 180\u00b0 gedreht werden k\u00f6nnen, was eine pr\u00e4zise Ausrichtung zur \u00dcberwachung der gew\u00fcnschten Bereiche erleichtert.<\/p>","protected":false},"featured_media":158863,"template":"","meta":{"_acf_changed":false},"product_brand":[],"product_cat":[3191,2731],"product_tag":[],"class_list":{"0":"post-57499","1":"product","2":"type-product","3":"status-publish","4":"has-post-thumbnail","6":"product_cat-utomhusdetektorer","7":"product_cat-risco-larm","8":"product_shipping_class-postnord-varubrev","9":"pa_risco-produkter-agility-3","10":"pa_risco-produkter-agility-4","11":"pa_wicomm-pro-kategorier-kameradetektorer","12":"pa_wicomm-pro-kategorier-rorelsedetektor","13":"tm-no-options","15":"first","16":"instock","17":"sale","18":"featured","19":"taxable","20":"shipping-taxable","21":"purchasable","22":"product-type-simple"},"acf":[],"_links":{"self":[{"href":"https:\/\/secureus.se\/de\/wp-json\/wp\/v2\/product\/57499","targetHints":{"allow":["GET"]}}],"collection":[{"href":"https:\/\/secureus.se\/de\/wp-json\/wp\/v2\/product"}],"about":[{"href":"https:\/\/secureus.se\/de\/wp-json\/wp\/v2\/types\/product"}],"wp:featuredmedia":[{"embeddable":true,"href":"https:\/\/secureus.se\/de\/wp-json\/wp\/v2\/media\/158863"}],"wp:attachment":[{"href":"https:\/\/secureus.se\/de\/wp-json\/wp\/v2\/media?parent=57499"}],"wp:term":[{"taxonomy":"product_brand","embeddable":true,"href":"https:\/\/secureus.se\/de\/wp-json\/wp\/v2\/product_brand?post=57499"},{"taxonomy":"product_cat","embeddable":true,"href":"https:\/\/secureus.se\/de\/wp-json\/wp\/v2\/product_cat?post=57499"},{"taxonomy":"product_tag","embeddable":true,"href":"https:\/\/secureus.se\/de\/wp-json\/wp\/v2\/product_tag?post=57499"}],"curies":[{"name":"wp","href":"https:\/\/api.w.org\/{rel}","templated":true}]}}