{"id":57504,"date":"2022-03-10T14:57:00","date_gmt":"2022-03-10T13:57:00","guid":{"rendered":"https:\/\/secureus.se\/produkt\/2-vags-tradlos-inomhus-siren-agililty2-3-4-och-wicomm-pro\/"},"modified":"2025-12-31T19:42:04","modified_gmt":"2025-12-31T18:42:04","slug":"risco-siren-2-vags-inomhus-105db","status":"publish","type":"product","link":"https:\/\/secureus.se\/de\/risco-siren-2-vags-inomhus-105db\/","title":{"rendered":"Risco Sirene 2-Wege \u2013 Innen 105dB"},"content":{"rendered":"<h1>Risco Sirene 2-Wege \u2013 Innen 105dB<\/h1>\n<p data-start=\"413\" data-end=\"910\">Risco Siren 2-Wege-Innensirene 105 dB WiComm Pro Agility ist eine kabellose und batteriebetriebene Sirene, die hohe Sicherheit und Zuverl\u00e4ssigkeit bietet.<\/p>\n<p data-start=\"413\" data-end=\"910\">Durch die bidirektionale Funkkommunikation bietet die Sirene eine kontinuierliche \u00dcberwachung von Manipulation, Batteriespannung und Eingangsverz\u00f6gerung.<\/p>\n<p data-start=\"413\" data-end=\"910\">Es verf\u00fcgt \u00fcber eine integrierte Voralarmfunktion, die aktiviert wird, wenn w\u00e4hrend der Eingangsverz\u00f6gerung das Bedienfeld manipuliert oder sabotiert wird, ohne dass ein g\u00fcltiger Code eingegeben wird.<\/p>\n<p data-start=\"413\" data-end=\"910\">Dies bietet eine zus\u00e4tzliche Schutzebene gegen Eindringlinge.<\/p>\n<p data-start=\"912\" data-end=\"1393\">Mit einer Lautst\u00e4rke von 105 dB ist die Sirene laut genug, um im Alarmfall zu warnen.<\/p>\n<p data-start=\"912\" data-end=\"1393\">Die Sirene ist komplett batteriebetrieben und ben\u00f6tigt keine externe Stromversorgung, was sie sehr flexibel in der Installation macht.<\/p>\n<p data-start=\"912\" data-end=\"1393\">Die Batterielebensdauer betr\u00e4gt ca. drei Jahre und Batterien sind im Lieferumfang enthalten.<\/p>\n<p data-start=\"912\" data-end=\"1393\">Dank des robusten Sabotageschutzes (Kasten- und R\u00fcckseiten-Sabotageschutz) ist diese Sirene sowohl zuverl\u00e4ssig als auch sicher.<\/p>\n<p data-start=\"912\" data-end=\"1393\">Die Sirene ist au\u00dferdem fernprogrammierbar und verf\u00fcgt \u00fcber Diagnosefunktionen zur einfachen \u00dcberwachung und Fehlerbehebung.<\/p>\n<p><iframe title=\"Wicomm Smart Hub US\" width=\"1170\" height=\"658\" src=\"https:\/\/www.youtube.com\/embed\/5PHoH2dRjEs?feature=oembed\" frameborder=\"0\" allow=\"accelerometer; autoplay; clipboard-write; encrypted-media; gyroscope; picture-in-picture; web-share\" referrerpolicy=\"strict-origin-when-cross-origin\" allowfullscreen><\/iframe><\/p>","protected":false},"excerpt":{"rendered":"<p>Drahtlose Innensirene f\u00fcr Risco Agility WiComm Pro und Wisdom, mit 2-Wege-Funkkommunikation, Manipulationsschutz und einem Schallpegel von 105 dB.<\/p>\n<p>Batteriebetrieben und autonom, perfekt f\u00fcr Sicherheitsinstallationen.<\/p>","protected":false},"featured_media":145483,"template":"","meta":{"_acf_changed":false},"product_brand":[],"product_cat":[2731,3190],"product_tag":[2262,2420,3070],"class_list":{"0":"post-57504","1":"product","2":"type-product","3":"status-publish","4":"has-post-thumbnail","6":"product_cat-risco-larm","7":"product_cat-sirener-risco-larm","8":"product_tag-larmdon-siren-utomhus","9":"product_tag-rel-larmdonblixt","10":"product_tag-wicomm-pro-siren","11":"product_shipping_class-postnord-varubrev","12":"pa_brands-4risco","13":"pa_risco-produkter-agility-2","14":"pa_risco-produkter-agility-3","15":"pa_risco-produkter-agility-4","16":"pa_wicomm-pro-kategorier-sinerer","17":"tm-no-options","19":"first","20":"instock","21":"sale","22":"featured","23":"taxable","24":"shipping-taxable","25":"purchasable","26":"product-type-simple"},"acf":[],"_links":{"self":[{"href":"https:\/\/secureus.se\/de\/wp-json\/wp\/v2\/product\/57504","targetHints":{"allow":["GET"]}}],"collection":[{"href":"https:\/\/secureus.se\/de\/wp-json\/wp\/v2\/product"}],"about":[{"href":"https:\/\/secureus.se\/de\/wp-json\/wp\/v2\/types\/product"}],"wp:featuredmedia":[{"embeddable":true,"href":"https:\/\/secureus.se\/de\/wp-json\/wp\/v2\/media\/145483"}],"wp:attachment":[{"href":"https:\/\/secureus.se\/de\/wp-json\/wp\/v2\/media?parent=57504"}],"wp:term":[{"taxonomy":"product_brand","embeddable":true,"href":"https:\/\/secureus.se\/de\/wp-json\/wp\/v2\/product_brand?post=57504"},{"taxonomy":"product_cat","embeddable":true,"href":"https:\/\/secureus.se\/de\/wp-json\/wp\/v2\/product_cat?post=57504"},{"taxonomy":"product_tag","embeddable":true,"href":"https:\/\/secureus.se\/de\/wp-json\/wp\/v2\/product_tag?post=57504"}],"curies":[{"name":"wp","href":"https:\/\/api.w.org\/{rel}","templated":true}]}}