{"id":57505,"date":"2022-03-10T14:57:00","date_gmt":"2022-03-10T13:57:00","guid":{"rendered":"https:\/\/secureus.se\/produkt\/risco-agility-gsm-gprs-2g-modul\/"},"modified":"2025-12-31T19:36:09","modified_gmt":"2025-12-31T18:36:09","slug":"risco-agility-gsm-gprs-2g-modul","status":"publish","type":"product","link":"https:\/\/secureus.se\/de\/risco-agility-gsm-gprs-2g-modul\/","title":{"rendered":"Risco Agility GSM\/GPRS 2G-MODUL \u2013 EINGESTELLT"},"content":{"rendered":"<h1>Risco Agility GSM\/GPRS 2G-MODUL<\/h1>\n<p data-start=\"433\" data-end=\"917\">Das Risco Agility GSM\/GPRS 2G-Modul (Mod. RW132G2) ist eine wichtige Komponente zur Erweiterung der Funktionalit\u00e4t des Agility-Sicherheitssystems.<\/p>\n<p data-start=\"433\" data-end=\"917\">Dieses Modul erm\u00f6glicht die Kommunikation \u00fcber GSM\/GPRS-Netzwerke, wodurch das System Alarme und Ereignisse sowohl an Kontaktpersonen als auch an die Alarmzentrale \u00fcbermitteln kann.<\/p>\n<p data-start=\"433\" data-end=\"917\">Es ist die perfekte L\u00f6sung f\u00fcr Benutzer, die eine sichere und zuverl\u00e4ssige Methode zur Alarm\u00fcbertragung w\u00fcnschen, wenn eine internetbasierte Kommunikation \u00fcber die Risco Cloud keine Option ist.<\/p>\n<p data-start=\"919\" data-end=\"1302\">Agility 3 wird in der Basisversion mit einer Netzwerkkarte zur Anbindung an die Risco Cloud zur Alarm\u00fcbermittlung ausgeliefert.<\/p>\n<p data-start=\"919\" data-end=\"1302\">F\u00fcr Anwender, die weiterhin die herk\u00f6mmliche Alarm\u00fcbertragung per GSM oder GPRS nutzen m\u00f6chten, ist der Einbau dieser Einsteckkarte erforderlich.<\/p>\n<p data-start=\"919\" data-end=\"1302\">Dadurch hat das System die M\u00f6glichkeit, bei Systemereignissen oder Alarmen SMS- oder Sprachwarnungen an vorab ausgew\u00e4hlte Kontaktpersonen zu versenden.<\/p>\n<p data-start=\"1304\" data-end=\"1742\">Das Modul unterst\u00fctzt die Sprachanwahl von Kontakten, sodass Benutzer bei Alarmen oder Systemereignissen einen direkten Anruf erhalten k\u00f6nnen. Dies kann eine wichtige Alternative in Situationen sein, in denen SMS nicht ausreicht.<\/p>\n<p data-start=\"1304\" data-end=\"1742\">Dar\u00fcber hinaus erm\u00f6glicht es die Alarm\u00fcbertragung an Alarmzentralen per GSM im ContactID- oder SIA-Alarmformat sowie die \u00dcbertragung per GPRS im SIA-IP-Alarmformat, wodurch das System mit einer Vielzahl von Alarmzentralen kompatibel ist.<\/p>\n<p data-start=\"1744\" data-end=\"1967\">Das Modul erm\u00f6glicht au\u00dferdem die Verbindung zur Risco Cloud \u00fcber GPRS, sodass Benutzer ihr System auch dann weiterhin aus der Ferne \u00fcberwachen und steuern k\u00f6nnen, wenn sie die herk\u00f6mmliche Alarm\u00fcbertragung \u00fcber GSM\/GPRS verwenden.<\/p>\n<p data-start=\"1969\" data-end=\"1999\"><strong data-start=\"1969\" data-end=\"1997\">Haupteigenschaften:<\/strong><\/p>\n<ul data-start=\"2000\" data-end=\"2580\">\n<li data-start=\"2000\" data-end=\"2069\">\n<p data-start=\"2002\" data-end=\"2069\"><strong data-start=\"2002\" data-end=\"2029\">GSM\/GPRS-Kommunikation:<\/strong> Erm\u00f6glicht die Alarm\u00fcbertragung per GSM\/GPRS<\/p>\n<\/li>\n<li data-start=\"2070\" data-end=\"2151\">\n<p data-start=\"2072\" data-end=\"2151\"><strong data-start=\"2072\" data-end=\"2085\">SMS-Alarm:<\/strong> Versendet SMS an Kontaktpersonen bei Alarmen oder Systemereignissen<\/p>\n<\/li>\n<li data-start=\"2152\" data-end=\"2222\">\n<p data-start=\"2154\" data-end=\"2222\"><strong data-start=\"2154\" data-end=\"2174\">Sprachwahl:<\/strong> Sprachanwahl von Kontaktpersonen im Alarmfall<\/p>\n<\/li>\n<li data-start=\"2223\" data-end=\"2292\">\n<p data-start=\"2225\" data-end=\"2292\"><strong data-start=\"2225\" data-end=\"2243\">Fernbedienung:<\/strong> Sprachmen\u00fc zur Fernsteuerung des Agility-Systems<\/p>\n<\/li>\n<li data-start=\"2293\" data-end=\"2387\">\n<p data-start=\"2295\" data-end=\"2387\"><strong data-start=\"2295\" data-end=\"2331\">Alarm\u00fcbermittlung an die Alarmzentrale:<\/strong> Unterst\u00fctzt ContactID und SIA \u00fcber GSM und SIA IP \u00fcber GPRS<\/p>\n<\/li>\n<li data-start=\"2388\" data-end=\"2476\">\n<p data-start=\"2390\" data-end=\"2476\"><strong data-start=\"2390\" data-end=\"2406\">Risikowolke:<\/strong> Erm\u00f6glicht die Verbindung zur Risco Cloud \u00fcber GPRS zur Fern\u00fcberwachung<\/p>\n<\/li>\n<li data-start=\"2477\" data-end=\"2580\">\n<p data-start=\"2479\" data-end=\"2580\"><strong data-start=\"2479\" data-end=\"2495\">Kombination:<\/strong> GSM\/GPRS-Alarm\u00fcbertragung und Verbindung zur Risco Cloud k\u00f6nnen nicht gleichzeitig kombiniert werden<\/p>\n<\/li>\n<\/ul>\n<p data-start=\"2582\" data-end=\"2613\"><strong data-start=\"2582\" data-end=\"2611\">Technische Spezifikationen:<\/strong><\/p>\n<ul data-start=\"2614\" data-end=\"2841\">\n<li data-start=\"2614\" data-end=\"2640\">\n<p data-start=\"2616\" data-end=\"2640\"><strong data-start=\"2616\" data-end=\"2629\">Frequenz:<\/strong> GSM\/GPRS<\/p>\n<\/li>\n<li data-start=\"2641\" data-end=\"2696\">\n<p data-start=\"2643\" data-end=\"2696\"><strong data-start=\"2643\" data-end=\"2658\">Alarmformat:<\/strong> KontaktID, SIA (GSM); SIA IP (GPRS)<\/p>\n<\/li>\n<li data-start=\"2697\" data-end=\"2736\">\n<p data-start=\"2699\" data-end=\"2736\"><strong data-start=\"2699\" data-end=\"2717\">Fernbedienung:<\/strong> Ja, \u00fcber Sprachmen\u00fc<\/p>\n<\/li>\n<li data-start=\"2737\" data-end=\"2796\">\n<p data-start=\"2739\" data-end=\"2796\"><strong data-start=\"2739\" data-end=\"2762\">Installationsmethode:<\/strong> Steckkarten im Agility-System<\/p>\n<\/li>\n<li data-start=\"2797\" data-end=\"2841\">\n<p data-start=\"2799\" data-end=\"2841\"><strong data-start=\"2799\" data-end=\"2831\">Artikelnummer des Lieferanten:<\/strong> RW132G2<\/p>\n<\/li>\n<\/ul>\n<p data-start=\"2843\" data-end=\"3060\">Das Risco Agility GSM\/GPRS 2G-Modul ist eine zuverl\u00e4ssige und flexible L\u00f6sung f\u00fcr Benutzer, die die herk\u00f6mmliche GSM\/GPRS-Alarm\u00fcbertragung nutzen und gleichzeitig die M\u00f6glichkeit zur Fern\u00fcberwachung und -steuerung \u00fcber die Risco Cloud haben m\u00f6chten.<\/p>","protected":false},"excerpt":{"rendered":"<p>Das Risco Agility GSM\/GPRS 2G-Modul (RW132G2) erm\u00f6glicht dem Agility-System die Kommunikation \u00fcber GSM\/GPRS.<\/p>\n<p>Diese Steckkarte bietet Funktionen wie SMS-Alarme, Sprachwahl und Alarm\u00fcbertragung an die Alarmzentrale per GSM oder GPRS in herk\u00f6mmlichen Alarmformaten wie ContactID und SIA.<\/p>","protected":false},"featured_media":145255,"template":"","meta":{"_acf_changed":false},"product_brand":[],"product_cat":[2731],"product_tag":[],"class_list":{"0":"post-57505","1":"product","2":"type-product","3":"status-publish","4":"has-post-thumbnail","6":"product_cat-risco-larm","7":"product_shipping_class-postnord-varubrev","8":"pa_brands-4risco","9":"pa_risco-produkter-agility-2","10":"pa_risco-produkter-agility-3","11":"pa_risco-produkter-agility-4","12":"tm-no-options","14":"first","15":"instock","16":"sale","17":"featured","18":"taxable","19":"shipping-taxable","20":"purchasable","21":"product-type-simple"},"acf":[],"_links":{"self":[{"href":"https:\/\/secureus.se\/de\/wp-json\/wp\/v2\/product\/57505","targetHints":{"allow":["GET"]}}],"collection":[{"href":"https:\/\/secureus.se\/de\/wp-json\/wp\/v2\/product"}],"about":[{"href":"https:\/\/secureus.se\/de\/wp-json\/wp\/v2\/types\/product"}],"wp:featuredmedia":[{"embeddable":true,"href":"https:\/\/secureus.se\/de\/wp-json\/wp\/v2\/media\/145255"}],"wp:attachment":[{"href":"https:\/\/secureus.se\/de\/wp-json\/wp\/v2\/media?parent=57505"}],"wp:term":[{"taxonomy":"product_brand","embeddable":true,"href":"https:\/\/secureus.se\/de\/wp-json\/wp\/v2\/product_brand?post=57505"},{"taxonomy":"product_cat","embeddable":true,"href":"https:\/\/secureus.se\/de\/wp-json\/wp\/v2\/product_cat?post=57505"},{"taxonomy":"product_tag","embeddable":true,"href":"https:\/\/secureus.se\/de\/wp-json\/wp\/v2\/product_tag?post=57505"}],"curies":[{"name":"wp","href":"https:\/\/api.w.org\/{rel}","templated":true}]}}