{"id":57506,"date":"2022-03-10T14:57:00","date_gmt":"2022-03-10T13:57:00","guid":{"rendered":"https:\/\/secureus.se\/produkt\/vattendetektor-tradlos-agililty2-3-4-och-wicomm-pro\/"},"modified":"2025-12-31T19:42:20","modified_gmt":"2025-12-31T18:42:20","slug":"risco-vattendetektor-1-vags","status":"publish","type":"product","link":"https:\/\/secureus.se\/de\/risco-vattendetektor-1-vags\/","title":{"rendered":"Risco Wassermelder 1-Wege"},"content":{"rendered":"<h1>Risco Wassermelder 1-Wege<\/h1>\n<p data-start=\"408\" data-end=\"899\">Der Risco-Wassermelder 1-Wege WiComm Pro Agility ist die perfekte L\u00f6sung zur Vermeidung von Wassersch\u00e4den in Privathaushalten und Unternehmen.<\/p>\n<p data-start=\"408\" data-end=\"899\">Dieser drahtlose \u00dcberflutungsmelder l\u00e4sst sich problemlos in die drahtlosen und hybriden Sicherheitssysteme von RISCO integrieren, um selbst kleine Wasserlecks schnell zu erkennen und davor zu warnen.<\/p>\n<p data-start=\"408\" data-end=\"899\">Egal ob K\u00fcche, Keller, Wassertank oder K\u00fchlschrank: Dieser Melder bietet umfassenden Schutz und kann durch die fr\u00fchzeitige Erkennung von Leckagen gr\u00f6\u00dfere Sch\u00e4den verhindern.<\/p>\n<p data-start=\"901\" data-end=\"1367\">Im Falle eines Wasserlecks sendet der Detektor sofort eine Nachricht an das Smartphone des Benutzers, sodass dieser schnell handeln und den Schaden minimieren kann.<\/p>\n<p data-start=\"901\" data-end=\"1367\">Der Wassermelder funktioniert auch bei deaktiviertem Sicherheitssystem und sorgt so f\u00fcr absolute Sicherheit.<\/p>\n<p data-start=\"901\" data-end=\"1367\">Wassersch\u00e4den k\u00f6nnen durch alles M\u00f6gliche verursacht werden, von geplatzten Rohren und undichten D\u00e4chern bis hin zu kaputten Fenstern und Toiletten. Durch die Installation des \u00dcberflutungsmelders von Risco k\u00f6nnen Sie potenziell kostspielige Reparaturen vermeiden.<\/p>\n<p data-start=\"1369\" data-end=\"1618\">Der Detektor verwendet ein Einwegfunkger\u00e4t mit einer Frequenz von 868 MHz und wird mit einer CR123 3V-Lithiumbatterie geliefert.<\/p>\n<p data-start=\"1369\" data-end=\"1618\">Es ist sowohl mit den unidirektionalen als auch den bidirektionalen drahtlosen Systemen von RISCO kompatibel, was die Installation einfach und flexibel macht.<\/p>\n<p>&nbsp;<\/p>\n<p><iframe title=\"Wicomm Smart Hub US\" width=\"1170\" height=\"658\" src=\"https:\/\/www.youtube.com\/embed\/5PHoH2dRjEs?feature=oembed\" frameborder=\"0\" allow=\"accelerometer; autoplay; clipboard-write; encrypted-media; gyroscope; picture-in-picture; web-share\" referrerpolicy=\"strict-origin-when-cross-origin\" allowfullscreen><\/iframe><\/p>","protected":false},"excerpt":{"rendered":"<p>Drahtloser Wassermelder f\u00fcr WiComm Pro Agility, der Wasserlecks schnell erkennt und davor warnt und so Ihr Zuhause und Ihr Unternehmen vor Wassersch\u00e4den sch\u00fctzt.<\/p>\n<p>Einfach zu installieren und vollst\u00e4ndig kompatibel mit Risco-Sicherheitssystemen.<\/p>","protected":false},"featured_media":145684,"template":"","meta":{"_acf_changed":false},"product_brand":[],"product_cat":[3188,2731],"product_tag":[3152],"class_list":{"0":"post-57506","1":"product","2":"type-product","3":"status-publish","4":"has-post-thumbnail","6":"product_cat-larmenheter-risco-larm","7":"product_cat-risco-larm","8":"product_tag-cr123-tillbehor","9":"product_shipping_class-postnord-varubrev","10":"pa_brands-4risco","11":"pa_risco-produkter-agility-2","12":"pa_risco-produkter-agility-3","13":"pa_risco-produkter-agility-4","14":"pa_wicomm-pro-kategorier-vattendetektor","15":"tm-no-options","17":"first","18":"onbackorder","19":"sale","20":"featured","21":"taxable","22":"shipping-taxable","23":"purchasable","24":"product-type-simple"},"acf":[],"_links":{"self":[{"href":"https:\/\/secureus.se\/de\/wp-json\/wp\/v2\/product\/57506","targetHints":{"allow":["GET"]}}],"collection":[{"href":"https:\/\/secureus.se\/de\/wp-json\/wp\/v2\/product"}],"about":[{"href":"https:\/\/secureus.se\/de\/wp-json\/wp\/v2\/types\/product"}],"wp:featuredmedia":[{"embeddable":true,"href":"https:\/\/secureus.se\/de\/wp-json\/wp\/v2\/media\/145684"}],"wp:attachment":[{"href":"https:\/\/secureus.se\/de\/wp-json\/wp\/v2\/media?parent=57506"}],"wp:term":[{"taxonomy":"product_brand","embeddable":true,"href":"https:\/\/secureus.se\/de\/wp-json\/wp\/v2\/product_brand?post=57506"},{"taxonomy":"product_cat","embeddable":true,"href":"https:\/\/secureus.se\/de\/wp-json\/wp\/v2\/product_cat?post=57506"},{"taxonomy":"product_tag","embeddable":true,"href":"https:\/\/secureus.se\/de\/wp-json\/wp\/v2\/product_tag?post=57506"}],"curies":[{"name":"wp","href":"https:\/\/api.w.org\/{rel}","templated":true}]}}