{"id":57508,"date":"2022-03-10T14:57:00","date_gmt":"2022-03-10T13:57:00","guid":{"rendered":"https:\/\/secureus.se\/produkt\/glaskrossdetektor-tradlos-agililty2-3-4-och-wicomm-pro\/"},"modified":"2025-12-31T19:37:37","modified_gmt":"2025-12-31T18:37:37","slug":"risco-glaskrossdetektor-1-vag","status":"publish","type":"product","link":"https:\/\/secureus.se\/de\/risco-glaskrossdetektor-1-vag\/","title":{"rendered":"Risco Glasbruchmelder 1-fach"},"content":{"rendered":"<h1>Risco Glasbruchmelder 1-fach<\/h1>\n<p data-start=\"389\" data-end=\"823\">Der Risco Glasbruchmelder 1-Wege WiComm Pro Agility ist ein fortschrittlicher und kabelloser Glasbruchmelder, der Glasbr\u00fcche auf allen Glasarten erkennt, einschlie\u00dflich normalem Fensterglas, Verbundglas, drahtverst\u00e4rktem Glas und geh\u00e4rtetem Glas.<\/p>\n<p data-start=\"389\" data-end=\"823\">Es verf\u00fcgt \u00fcber eine beeindruckende Reichweite von bis zu 9 Metern und nutzt eine mikroprozessorbasierte Zweifrequenz-Mustererkennung, um selbst kleinste Glasbr\u00fcche pr\u00e4zise zu erkennen.<\/p>\n<p data-start=\"825\" data-end=\"1227\">Dieser Glasbruchmelder eignet sich perfekt f\u00fcr die Verwendung mit den Sicherheitssystemen Risco Agility und WiComm Pro und wird mit einer Montagehalterung f\u00fcr eine einfache Decken- oder Wandmontage geliefert.<\/p>\n<p data-start=\"825\" data-end=\"1227\">Um die Zuverl\u00e4ssigkeit des Ger\u00e4ts zu gew\u00e4hrleisten, bietet es eine kontinuierliche \u00dcberwachung von Manipulation, Batteriespannung und Kommunikation.<\/p>\n<p data-start=\"825\" data-end=\"1227\">Es wird mit einer CR123A-Lithiumbatterie betrieben, die eine Batterielebensdauer von bis zu 3 Jahren bietet.<\/p>\n<p data-start=\"1229\" data-end=\"1409\">Mit der Ferntest- und toten Mikrofon\u00fcberwachungsfunktion kann der Benutzer das Ger\u00e4t einfach testen, ohne es \u00f6ffnen zu m\u00fcssen. Dies spart Zeit und verbessert die Benutzerfreundlichkeit.<\/p>\n<p><iframe title=\"Wicomm Smart Hub US\" width=\"1170\" height=\"658\" src=\"https:\/\/www.youtube.com\/embed\/5PHoH2dRjEs?feature=oembed\" frameborder=\"0\" allow=\"accelerometer; autoplay; clipboard-write; encrypted-media; gyroscope; picture-in-picture; web-share\" referrerpolicy=\"strict-origin-when-cross-origin\" allowfullscreen><\/iframe><\/p>","protected":false},"excerpt":{"rendered":"<p>Drahtloser Glasbruchmelder f\u00fcr Risco Agility und WiComm Pro, der alle Arten von Glasbruch erkennt, einschlie\u00dflich Tafel-, Verbund- und Hartglas.<\/p>\n<p>Abdeckungsbereich bis zu 9 Meter f\u00fcr erh\u00f6hte Sicherheit.<\/p>","protected":false},"featured_media":145686,"template":"","meta":{"_acf_changed":false},"product_brand":[],"product_cat":[2731,3188],"product_tag":[3152,2426],"class_list":{"0":"post-57508","1":"product","2":"type-product","3":"status-publish","4":"has-post-thumbnail","6":"product_cat-risco-larm","7":"product_cat-larmenheter-risco-larm","8":"product_tag-cr123-tillbehor","9":"product_tag-rel-risco","10":"product_shipping_class-postnord-varubrev","11":"pa_brands-4risco","12":"pa_risco-produkter-agility-2","13":"pa_risco-produkter-agility-3","14":"pa_risco-produkter-agility-4","15":"pa_wicomm-pro-kategorier-glaskrossdetektorer","16":"tm-no-options","18":"first","19":"instock","20":"sale","21":"featured","22":"taxable","23":"shipping-taxable","24":"purchasable","25":"product-type-simple"},"acf":[],"_links":{"self":[{"href":"https:\/\/secureus.se\/de\/wp-json\/wp\/v2\/product\/57508","targetHints":{"allow":["GET"]}}],"collection":[{"href":"https:\/\/secureus.se\/de\/wp-json\/wp\/v2\/product"}],"about":[{"href":"https:\/\/secureus.se\/de\/wp-json\/wp\/v2\/types\/product"}],"wp:featuredmedia":[{"embeddable":true,"href":"https:\/\/secureus.se\/de\/wp-json\/wp\/v2\/media\/145686"}],"wp:attachment":[{"href":"https:\/\/secureus.se\/de\/wp-json\/wp\/v2\/media?parent=57508"}],"wp:term":[{"taxonomy":"product_brand","embeddable":true,"href":"https:\/\/secureus.se\/de\/wp-json\/wp\/v2\/product_brand?post=57508"},{"taxonomy":"product_cat","embeddable":true,"href":"https:\/\/secureus.se\/de\/wp-json\/wp\/v2\/product_cat?post=57508"},{"taxonomy":"product_tag","embeddable":true,"href":"https:\/\/secureus.se\/de\/wp-json\/wp\/v2\/product_tag?post=57508"}],"curies":[{"name":"wp","href":"https:\/\/api.w.org\/{rel}","templated":true}]}}