{"id":58387,"date":"2022-07-10T12:50:32","date_gmt":"2022-07-10T10:50:32","guid":{"rendered":"https:\/\/secureus.se\/produkt\/sticker-pvc-25-mm-sjalvhaftande-em4200-nummer\/"},"modified":"2025-12-31T20:27:09","modified_gmt":"2025-12-31T19:27:09","slug":"rfid-stickers-pvc-25-mm-sjalvhaftande-em4200-nummer","status":"publish","type":"product","link":"https:\/\/secureus.se\/de\/rfid-stickers-pvc-25-mm-sjalvhaftande-em4200-nummer\/","title":{"rendered":"RFID-Aufkleber PVC 25 mm selbstklebend EM4200 + Nummer"},"content":{"rendered":"<p>Kann direkt auf Metallgeh\u00e4use geklebt werden.<\/p>\n<p>Material PVC. Abmessungen Durchmesser 25 mm f\u00fcr Einzelchip und 30 mm f\u00fcr Kombichip.<\/p>\n<p>Dicke 1,25 mm \u00b1 1 mm 25 mm, 1,57 mm \u00b1 1 mm 30 mm.<\/p>\n<p>Chip EM4200, Mifare 1k, Desfire-Chip, EM4200+Mifare 1k Chip Frequenz 125 kHz, 13,56 MHz.<\/p>\n<p>Leseabstand 1 bis 4 cm, abh\u00e4ngig vom Leseger\u00e4t und der Umgebung. Erh\u00e4ltlich mit oder ohne aufgedruckte Nummern und Systemnummern.<\/p>\n<p>M\u00f6glichkeit zum Auftragen einer Epoxidschicht.<\/p>\n<div>\n<div>\n<div data-tid=\"messageBodyContainer\">\n<div data-tid=\"messageBodyContent\">\n<div>\n<div>\n<div>Aufkleber ist ein g\u00fcnstiges und gutes Produkt mit Originalchip f\u00fcr alle Anwendungen.<\/div>\n<\/div>\n<\/div>\n<\/div>\n<\/div>\n<\/div>\n<\/div>","protected":false},"excerpt":{"rendered":"<p>Kann direkt auf Metallgeh\u00e4use geklebt werden. Material PVC.Abmessungen Durchmesser 25 mm f\u00fcr Einzelchip und 30 mm f\u00fcr Kombichip. Dicke 1,25 mm \u00b1 1 mm 25 mm, 1,57 mm \u00b1 1 mm 30 mm. Chip EM4200, Mifare 1k, Desfire-Chip, EM4200+Mifare 1k Chip Frequenz 125 kHz, 13,56 MHz.<\/p>","protected":false},"featured_media":142053,"template":"","meta":{"_acf_changed":false},"product_brand":[],"product_cat":[1357],"product_tag":[2958],"class_list":{"0":"post-58387","1":"product","2":"type-product","3":"status-publish","4":"has-post-thumbnail","6":"product_cat-rfid-sticker","7":"product_tag-stonehouse-produkt","8":"product_shipping_class-postnord-varubrev","9":"pa_brands-stonehouse-security","10":"pa_farg-vit","11":"tm-no-options","13":"first","14":"instock","15":"sale","16":"featured","17":"taxable","18":"shipping-taxable","19":"purchasable","20":"product-type-simple"},"acf":[],"_links":{"self":[{"href":"https:\/\/secureus.se\/de\/wp-json\/wp\/v2\/product\/58387","targetHints":{"allow":["GET"]}}],"collection":[{"href":"https:\/\/secureus.se\/de\/wp-json\/wp\/v2\/product"}],"about":[{"href":"https:\/\/secureus.se\/de\/wp-json\/wp\/v2\/types\/product"}],"wp:featuredmedia":[{"embeddable":true,"href":"https:\/\/secureus.se\/de\/wp-json\/wp\/v2\/media\/142053"}],"wp:attachment":[{"href":"https:\/\/secureus.se\/de\/wp-json\/wp\/v2\/media?parent=58387"}],"wp:term":[{"taxonomy":"product_brand","embeddable":true,"href":"https:\/\/secureus.se\/de\/wp-json\/wp\/v2\/product_brand?post=58387"},{"taxonomy":"product_cat","embeddable":true,"href":"https:\/\/secureus.se\/de\/wp-json\/wp\/v2\/product_cat?post=58387"},{"taxonomy":"product_tag","embeddable":true,"href":"https:\/\/secureus.se\/de\/wp-json\/wp\/v2\/product_tag?post=58387"}],"curies":[{"name":"wp","href":"https:\/\/api.w.org\/{rel}","templated":true}]}}