{"id":58427,"date":"2022-10-10T11:41:27","date_gmt":"2022-10-10T09:41:27","guid":{"rendered":"https:\/\/secureus.se\/produkt\/knappsandare-jck313\/"},"modified":"2025-12-31T20:27:47","modified_gmt":"2025-12-31T19:27:47","slug":"knappsandare-jck313","status":"publish","type":"product","link":"https:\/\/secureus.se\/de\/knappsandare-jck313\/","title":{"rendered":"Tastensender JCK313"},"content":{"rendered":"<h1>Tastensender JCK313<\/h1>\n<p>Wir verf\u00fcgen \u00fcber drei verschiedene Handsender, die sich beispielsweise f\u00fcr die Anpassung von Wohnraum an Behinderte eignen.<\/p>\n<h2>JCK309 \u2013 technische Spezifikation<span class=\"Apple-converted-space\">\u00a0<\/span><\/h2>\n<p>Handsender mit 1 Kanal.<\/p>\n<ul>\n<li>1 Kanal<span class=\"Apple-converted-space\">\u00a0<\/span><\/li>\n<li>Reichweite bis zu 100 m<span class=\"Apple-converted-space\">\u00a0<\/span><\/li>\n<li>Batterie: L1028 \u2013 12V<span class=\"Apple-converted-space\">\u00a0<\/span><\/li>\n<li>Stromverbrauch: 25 mA (ca. 1 Jahr)<span class=\"Apple-converted-space\">\u00a0<\/span><\/li>\n<li>Abmessungen: (L x B x H) 80 x 46 x 16 mm<span class=\"Apple-converted-space\">\u00a0<\/span><\/li>\n<li>Gewicht: 40 g<\/li>\n<\/ul>\n<h2>JCK310<span class=\"Apple-converted-space\">\u00a0\u2013 technische Spezifikation<\/span><\/h2>\n<p>Handsender mit 2 Kan\u00e4len.\u00a0<span class=\"Apple-converted-space\">\u00a0<\/span><\/p>\n<ul>\n<li>2 Kan\u00e4le<span class=\"Apple-converted-space\">\u00a0<\/span><\/li>\n<li>Reichweite bis zu 100 m<span class=\"Apple-converted-space\">\u00a0<\/span><\/li>\n<li>Batterie: L1028 \u2013 12V<span class=\"Apple-converted-space\">\u00a0<\/span><\/li>\n<li>Stromverbrauch: 25 mA (ca. 1 Jahr)<span class=\"Apple-converted-space\">\u00a0<\/span><\/li>\n<li>Abmessungen: (LxBxH) 80 x 46 x 16 mm<span class=\"Apple-converted-space\">\u00a0<\/span><\/li>\n<li>Gewicht: 40 g<\/li>\n<\/ul>\n<h2>JCK313 \u2013 technische Spezifikation<\/h2>\n<p>Handsender mit 4 Kan\u00e4len.<span class=\"Apple-converted-space\">\u00a0<\/span><\/p>\n<ul>\n<li>4 Kan\u00e4le<span class=\"Apple-converted-space\">\u00a0<\/span><\/li>\n<li>Reichweite bis zu 100 m<span class=\"Apple-converted-space\">\u00a0<\/span><\/li>\n<li>Batterie: L1028 \u2013 12V<span class=\"Apple-converted-space\">\u00a0<\/span><\/li>\n<li>Stromverbrauch: 25 mA (ca. 1 Jahr)<span class=\"Apple-converted-space\">\u00a0<\/span><\/li>\n<li>Abmessungen: (L x B x H) 80 x 46 x 16 mm<span class=\"Apple-converted-space\">\u00a0<\/span><\/li>\n<li>\n<pre>Gewicht: 40 g<\/pre>\n<\/li>\n<\/ul>","protected":false},"excerpt":{"rendered":"<p>Tastensender JCK313 Wir f\u00fchren drei verschiedene Handsender, die sich beispielsweise f\u00fcr die behindertengerechte Anpassung von Wohnungen eignen. JCK309 \u2013 Technische Daten Handsender mit 1 Kanal. 1 Kanal Reichweite bis zu 100 m\u00a0<\/p>","protected":false},"featured_media":142621,"template":"","meta":{"_acf_changed":false},"product_brand":[],"product_cat":[1422,4707],"product_tag":[],"class_list":{"0":"post-58427","1":"product","2":"type-product","3":"status-publish","4":"has-post-thumbnail","6":"product_cat-armbagskontakter-dorrautomatik","7":"product_cat-tillval-och-tillbehor","8":"product_shipping_class-tunga-paket","9":"pa_brands-jc-kontakter","10":"tm-no-options","12":"first","13":"onbackorder","14":"sale","15":"featured","16":"taxable","17":"shipping-taxable","18":"purchasable","19":"product-type-simple"},"acf":[],"_links":{"self":[{"href":"https:\/\/secureus.se\/de\/wp-json\/wp\/v2\/product\/58427","targetHints":{"allow":["GET"]}}],"collection":[{"href":"https:\/\/secureus.se\/de\/wp-json\/wp\/v2\/product"}],"about":[{"href":"https:\/\/secureus.se\/de\/wp-json\/wp\/v2\/types\/product"}],"wp:featuredmedia":[{"embeddable":true,"href":"https:\/\/secureus.se\/de\/wp-json\/wp\/v2\/media\/142621"}],"wp:attachment":[{"href":"https:\/\/secureus.se\/de\/wp-json\/wp\/v2\/media?parent=58427"}],"wp:term":[{"taxonomy":"product_brand","embeddable":true,"href":"https:\/\/secureus.se\/de\/wp-json\/wp\/v2\/product_brand?post=58427"},{"taxonomy":"product_cat","embeddable":true,"href":"https:\/\/secureus.se\/de\/wp-json\/wp\/v2\/product_cat?post=58427"},{"taxonomy":"product_tag","embeddable":true,"href":"https:\/\/secureus.se\/de\/wp-json\/wp\/v2\/product_tag?post=58427"}],"curies":[{"name":"wp","href":"https:\/\/api.w.org\/{rel}","templated":true}]}}