{"id":58435,"date":"2022-10-10T11:35:55","date_gmt":"2022-10-10T09:35:55","guid":{"rendered":"https:\/\/secureus.se\/produkt\/radiomottagare-jck311\/"},"modified":"2026-04-07T13:09:16","modified_gmt":"2026-04-07T11:09:16","slug":"radiomottagare-jck312","status":"publish","type":"product","link":"https:\/\/secureus.se\/de\/radiomottagare-jck312\/","title":{"rendered":"Funkempf\u00e4nger JCK312"},"content":{"rendered":"<h2>Funkempf\u00e4nger JCK312<\/h2>\n<p>Funkempf\u00e4nger mit der M\u00f6glichkeit, 100 Sender zu programmieren.<\/p>\n<p>Zwei Relaisausg\u00e4nge programmierbar als Impuls-, Wechsel- oder zeitgesteuert.<\/p>\n<p>Zur einfachen Programmierung verf\u00fcgt der Funkempf\u00e4nger \u00fcber ein beleuchtetes LCD-Display.<\/p>\n<ul>\n<li>Versorgungsspannung: 12\/24 VAC\/DC<\/li>\n<li>Modulation: AM\/ASK<\/li>\n<li>Abmessungen: (L x B x H) 105 x 45 x 28 mm<\/li>\n<li>Frequenz 433 MHz<\/li>\n<\/ul>","protected":false},"excerpt":{"rendered":"<p>Funkempf\u00e4nger JCK312 mit Programmierm\u00f6glichkeit f\u00fcr 100 Sender. Zwei programmierbare Relaisausg\u00e4nge (Impuls-, Wechsel- oder zeitgesteuert). Beleuchtetes LCD-Display f\u00fcr einfache Programmierung. Versorgungsspannung: 12\/24 V AC\/DC. Modulation:<\/p>","protected":false},"featured_media":142631,"template":"","meta":{"_acf_changed":false},"product_brand":[],"product_cat":[1422,4707],"product_tag":[],"class_list":{"0":"post-58435","1":"product","2":"type-product","3":"status-publish","4":"has-post-thumbnail","6":"product_cat-armbagskontakter-dorrautomatik","7":"product_cat-tillval-och-tillbehor","8":"product_shipping_class-postnord-varubrev","9":"pa_brands-jc-kontakter","10":"tm-no-options","12":"first","13":"onbackorder","14":"sale","15":"featured","16":"taxable","17":"shipping-taxable","18":"purchasable","19":"product-type-simple"},"acf":[],"_links":{"self":[{"href":"https:\/\/secureus.se\/de\/wp-json\/wp\/v2\/product\/58435","targetHints":{"allow":["GET"]}}],"collection":[{"href":"https:\/\/secureus.se\/de\/wp-json\/wp\/v2\/product"}],"about":[{"href":"https:\/\/secureus.se\/de\/wp-json\/wp\/v2\/types\/product"}],"wp:featuredmedia":[{"embeddable":true,"href":"https:\/\/secureus.se\/de\/wp-json\/wp\/v2\/media\/142631"}],"wp:attachment":[{"href":"https:\/\/secureus.se\/de\/wp-json\/wp\/v2\/media?parent=58435"}],"wp:term":[{"taxonomy":"product_brand","embeddable":true,"href":"https:\/\/secureus.se\/de\/wp-json\/wp\/v2\/product_brand?post=58435"},{"taxonomy":"product_cat","embeddable":true,"href":"https:\/\/secureus.se\/de\/wp-json\/wp\/v2\/product_cat?post=58435"},{"taxonomy":"product_tag","embeddable":true,"href":"https:\/\/secureus.se\/de\/wp-json\/wp\/v2\/product_tag?post=58435"}],"curies":[{"name":"wp","href":"https:\/\/api.w.org\/{rel}","templated":true}]}}