{"id":58437,"date":"2022-10-10T11:34:16","date_gmt":"2022-10-10T09:34:16","guid":{"rendered":"https:\/\/secureus.se\/produkt\/armbagsbrytare-jck108-245mm-3\/"},"modified":"2025-12-31T20:27:32","modified_gmt":"2025-12-31T19:27:32","slug":"armbagskontakt-jck207-245mm","status":"publish","type":"product","link":"https:\/\/secureus.se\/de\/armbagskontakt-jck207-245mm\/","title":{"rendered":"Winkelverbinder JCK207 \u2013 245 mm HINWEIS! Schwarze \u201eEndkappe\u201c"},"content":{"rendered":"<h1>Winkelverbinder JCK207 \u2013 245mm<\/h1>\n<section>JCK207 geh\u00f6rt zu einer Serie von Winkelkontakten, die \u00fcber eine flache Druckfl\u00e4che mit vier taktilen Rillen verf\u00fcgen.<\/section>\n<section><\/section>\n<section><\/section>\n<section>Die Rillen dienen als zus\u00e4tzliche Orientierungshilfe f\u00fcr Menschen mit Sehbehinderung. Sie k\u00f6nnen leicht ertasten, wo Sie dr\u00fccken m\u00fcssen, um die T\u00fcr\u00f6ffnung auszul\u00f6sen.<\/section>\n<section><\/section>\n<section>JCK207 besteht aus silber eloxiertem Aluminium und hat dunkelgraue Endkappen. Es wird mit 1 Mikroschalter in IP67 geliefert, kann aber auch mit mehreren bestellt werden.<\/p>\n<\/section>\n<section>\n<h4>Technische Spezifikation<\/h4>\n<ul>\n<li>Hergestellt in Schweden.<\/li>\n<li>Material: Alu.6060-T6, POM-Kunststoff (Acetal-Kunststoff).<\/li>\n<li>Ma\u00dfe Standardausf\u00fchrung L\/B\/H: 245x80x23 mm.<\/li>\n<li>Mikroschalter: Standard 1 St\u00fcck NEIN IP67. Bestellbar mit 2, sowie mit NO\/NC.<\/li>\n<\/ul>\n<\/section>","protected":false},"excerpt":{"rendered":"<p>Produktabmessungen: 245 x 80 x 23 mm.<\/p>\n<p>Winkelverbinder aus silber eloxiertem Aluminium mit schwarzen Endkappen.<\/p>\n<p>Flache Druckplatte mit taktilen Rillen.<\/p>","protected":false},"featured_media":148383,"template":"","meta":{"_acf_changed":false},"product_brand":[],"product_cat":[1422,4706],"product_tag":[2989],"class_list":{"0":"post-58437","1":"product","2":"type-product","3":"status-publish","4":"has-post-thumbnail","6":"product_cat-armbagskontakter-dorrautomatik","7":"product_cat-metall","8":"product_tag-egen-logo-ej-taggar-kort","9":"product_shipping_class-tunga-paket","10":"pa_brands-jc-kontakter","11":"tm-has-options","13":"first","14":"instock","15":"sale","16":"featured","17":"taxable","18":"shipping-taxable","19":"purchasable","20":"product-type-simple"},"acf":[],"_links":{"self":[{"href":"https:\/\/secureus.se\/de\/wp-json\/wp\/v2\/product\/58437","targetHints":{"allow":["GET"]}}],"collection":[{"href":"https:\/\/secureus.se\/de\/wp-json\/wp\/v2\/product"}],"about":[{"href":"https:\/\/secureus.se\/de\/wp-json\/wp\/v2\/types\/product"}],"wp:featuredmedia":[{"embeddable":true,"href":"https:\/\/secureus.se\/de\/wp-json\/wp\/v2\/media\/148383"}],"wp:attachment":[{"href":"https:\/\/secureus.se\/de\/wp-json\/wp\/v2\/media?parent=58437"}],"wp:term":[{"taxonomy":"product_brand","embeddable":true,"href":"https:\/\/secureus.se\/de\/wp-json\/wp\/v2\/product_brand?post=58437"},{"taxonomy":"product_cat","embeddable":true,"href":"https:\/\/secureus.se\/de\/wp-json\/wp\/v2\/product_cat?post=58437"},{"taxonomy":"product_tag","embeddable":true,"href":"https:\/\/secureus.se\/de\/wp-json\/wp\/v2\/product_tag?post=58437"}],"curies":[{"name":"wp","href":"https:\/\/api.w.org\/{rel}","templated":true}]}}