{"id":58475,"date":"2022-10-12T12:51:50","date_gmt":"2022-10-12T10:51:50","guid":{"rendered":"https:\/\/secureus.se\/produkt\/uplus-c-12v-100-ah\/"},"modified":"2026-04-15T16:19:51","modified_gmt":"2026-04-15T14:19:51","slug":"batteri-12v-100ah","status":"publish","type":"product","link":"https:\/\/secureus.se\/de\/batteri-12v-100ah\/","title":{"rendered":"12V 100Ah Akkumulator 12V UPLUS 10-12 Jahre Pro-Version"},"content":{"rendered":"<h1>Batterie 12V 100ah \/ Akku<\/h1>\n<p>UPLUS bietet eines der umfangreichsten Sortimente an Hochleistungs-AGM-Batterien auf dem Markt.<\/p>\n<p>UPLUS ist seit vielen Jahren einer der gr\u00f6\u00dften Hersteller von Qualit\u00e4tsbatterien f\u00fcr den Weltmarkt innerhalb der Fertigungsindustrie.<\/p>\n<p>Abmessungen mm (LxBxH): 330 x 173 x 212<\/p>\n<p>Gewicht kg: 33,0<\/p>\n<p>Die UPLUS Longlife-Batterien wurden als Energiequelle entwickelt, bei der hohe Zuverl\u00e4ssigkeit und lange Lebensdauer an erster Stelle stehen.<\/p>\n<p>W\u00e4hrend des Herstellungsprozesses werden die Batterien in mehreren Schritten getestet, um den hohen Anforderungen gerecht zu werden, die Anwender im Marinebereich an ihre Batterien stellen.<\/p>\n<p>Das UPLUS Marine-Sortiment bietet sowohl Standardbatterien, die gut als Allround-Batterie funktionieren, als auch Deep-Cycle-Batterien, die f\u00fcr den zyklischeren Einsatz konzipiert sind.<\/p>\n<p>Deep Cycle ist daher die naheliegende Wahl als Verbrauchsbatterie in Boots-USVs mit vielen Verbrauchern und hohen Lasten.<\/p>\n<p>Die meisten nordischen Bootshersteller verwenden UPLUS standardm\u00e4\u00dfig, da die Betriebssicherheit am wichtigsten ist.<\/p>\n<p>Das gro\u00dfe Sortiment macht es einfach, die Batterie zu finden, die f\u00fcr die jeweilige Installation oder Gleichstromquelle am besten geeignet ist.<\/p>","protected":false},"excerpt":{"rendered":"<p>AGM-Batterie 100 AH, 10\u201312 Jahre Lebensdauer f\u00fcr Telekommunikation, Alarm- und Sicherheitssysteme.<\/p>","protected":false},"featured_media":141658,"template":"","meta":{"_acf_changed":false},"product_brand":[],"product_cat":[1596,2428],"product_tag":[2182],"class_list":{"0":"post-58475","1":"product","2":"type-product","3":"status-publish","4":"has-post-thumbnail","6":"product_cat-ackumulatorer-12v-agm-batterier","7":"product_cat-stromforsorjning-batterier","8":"product_tag-batteri-46ah-och-uppat","9":"product_shipping_class-tunga-paket","10":"pa_brands-uplus","11":"tm-no-options","13":"first","14":"instock","15":"sale","16":"featured","17":"taxable","18":"shipping-taxable","19":"purchasable","20":"product-type-simple"},"acf":[],"_links":{"self":[{"href":"https:\/\/secureus.se\/de\/wp-json\/wp\/v2\/product\/58475","targetHints":{"allow":["GET"]}}],"collection":[{"href":"https:\/\/secureus.se\/de\/wp-json\/wp\/v2\/product"}],"about":[{"href":"https:\/\/secureus.se\/de\/wp-json\/wp\/v2\/types\/product"}],"wp:featuredmedia":[{"embeddable":true,"href":"https:\/\/secureus.se\/de\/wp-json\/wp\/v2\/media\/141658"}],"wp:attachment":[{"href":"https:\/\/secureus.se\/de\/wp-json\/wp\/v2\/media?parent=58475"}],"wp:term":[{"taxonomy":"product_brand","embeddable":true,"href":"https:\/\/secureus.se\/de\/wp-json\/wp\/v2\/product_brand?post=58475"},{"taxonomy":"product_cat","embeddable":true,"href":"https:\/\/secureus.se\/de\/wp-json\/wp\/v2\/product_cat?post=58475"},{"taxonomy":"product_tag","embeddable":true,"href":"https:\/\/secureus.se\/de\/wp-json\/wp\/v2\/product_tag?post=58475"}],"curies":[{"name":"wp","href":"https:\/\/api.w.org\/{rel}","templated":true}]}}