{"id":59032,"date":"2022-07-10T13:27:40","date_gmt":"2022-07-10T11:27:40","guid":{"rendered":"https:\/\/secureus.se\/produkt\/sticker-sjalvhaftande-mifare1k-pappers-30mm\/"},"modified":"2025-12-31T20:24:32","modified_gmt":"2025-12-31T19:24:32","slug":"rfid-stickers-sjalvhaftande-mifare1k-pappers-30mm","status":"publish","type":"product","link":"https:\/\/secureus.se\/de\/rfid-stickers-sjalvhaftande-mifare1k-pappers-30mm\/","title":{"rendered":"RFID-Aufkleber selbstklebend Mifare1k \u2013 Papier 30 mm"},"content":{"rendered":"<p>Lieferung 1 und 1 mit selbstklebender Oberfl\u00e4che und integriertem Chip (Mifare1k)<\/p>\n<p>Da es aus Papier besteht, ist es extrem d\u00fcnn und relativ zerbrechlich.<\/p>\n<p>Wenn Sie einen Stock w\u00fcnschen, der \u00e4u\u00dferen Einfl\u00fcssen besser standh\u00e4lt, w\u00e4hlen Sie einen Stock aus PVC.<\/p>\n<div>\n<div>\n<div data-tid=\"messageBodyContainer\">\n<div data-tid=\"messageBodyContent\">\n<div>\n<div>\n<div>Aufkleber ist ein g\u00fcnstiges und gutes Produkt mit Originalchip f\u00fcr alle Anwendungen.<\/div>\n<\/div>\n<\/div>\n<\/div>\n<\/div>\n<\/div>\n<\/div>","protected":false},"excerpt":{"rendered":"<p>Lieferung 1 und 1 mit selbstklebender Oberfl\u00e4che und integriertem Chip (Mifare1k). Da es aus Papier besteht, ist es extrem d\u00fcnn und relativ zerbrechlich. Wenn Sie m\u00f6chten, bleiben Sie wie<\/p>","protected":false},"featured_media":141754,"template":"","meta":{"_acf_changed":false},"product_brand":[],"product_cat":[1357],"product_tag":[2958],"class_list":{"0":"post-59032","1":"product","2":"type-product","3":"status-publish","4":"has-post-thumbnail","6":"product_cat-rfid-sticker","7":"product_tag-stonehouse-produkt","8":"product_shipping_class-postnord-varubrev","9":"pa_brands-stonehouse-security","10":"tm-no-options","12":"first","13":"instock","14":"sale","15":"featured","16":"taxable","17":"shipping-taxable","18":"purchasable","19":"product-type-simple"},"acf":[],"_links":{"self":[{"href":"https:\/\/secureus.se\/de\/wp-json\/wp\/v2\/product\/59032","targetHints":{"allow":["GET"]}}],"collection":[{"href":"https:\/\/secureus.se\/de\/wp-json\/wp\/v2\/product"}],"about":[{"href":"https:\/\/secureus.se\/de\/wp-json\/wp\/v2\/types\/product"}],"wp:featuredmedia":[{"embeddable":true,"href":"https:\/\/secureus.se\/de\/wp-json\/wp\/v2\/media\/141754"}],"wp:attachment":[{"href":"https:\/\/secureus.se\/de\/wp-json\/wp\/v2\/media?parent=59032"}],"wp:term":[{"taxonomy":"product_brand","embeddable":true,"href":"https:\/\/secureus.se\/de\/wp-json\/wp\/v2\/product_brand?post=59032"},{"taxonomy":"product_cat","embeddable":true,"href":"https:\/\/secureus.se\/de\/wp-json\/wp\/v2\/product_cat?post=59032"},{"taxonomy":"product_tag","embeddable":true,"href":"https:\/\/secureus.se\/de\/wp-json\/wp\/v2\/product_tag?post=59032"}],"curies":[{"name":"wp","href":"https:\/\/api.w.org\/{rel}","templated":true}]}}