{"id":59039,"date":"2022-10-20T12:53:19","date_gmt":"2022-10-20T10:53:19","guid":{"rendered":"https:\/\/secureus.se\/produkt\/tagg-nyckelbricka-abs-pro-mifare1k-farg-gul\/"},"modified":"2026-03-27T15:46:13","modified_gmt":"2026-03-27T14:46:13","slug":"tagg-mifare1k-gul-abs-pro","status":"publish","type":"product","link":"https:\/\/secureus.se\/de\/tagg-mifare1k-gul-abs-pro\/","title":{"rendered":"Mifare 1k Classic ABS Pro Gelb \u2013 2,9 mm (Mifare 13,56 MHz)"},"content":{"rendered":"<h1>Mifare 1k Classic ABS Gelb \u2013 2,9 mm (Mifare 13,56 MHz)<\/h1>\n<p><strong>Der flexibelste und beliebteste Mifare-Tag in Schweden.<\/strong><br \/>\nKomplett unbest\u00fcckte Mifare Classic 1k von NXP \u2013 komplett leer und bereit f\u00fcr Ihre eigene Programmierung von Tasten, Sektoren, Seriennummern oder Logo.<\/p>\n<div style=\"background: #f4f9ff;border: 2px solid #0066cc;border-radius: 12px;padding: 20px;margin: 30px 0;text-align: center\">\n<h3 style=\"margin: 0 0 12px 0;color: #003366\">Sie sind sich bei EM oder Mifare unsicher?<\/h3>\n<p style=\"margin: 8px 0;font-size: 1.05em\/1.5 system-ui, sans-serif;color: #333\">Probieren Sie beide Techniken zu Hause f\u00fcr nur <strong>69 SEK. Kostenloser Versand.<\/strong><br \/>\nGeld zur\u00fcck bei einem Kauf von 100 oder mehr St\u00fcck.<\/p>\n<p><a style=\"display: inline-block;background: #0066cc;color: white;font-weight: bold;padding: 14px 32px;border-radius: 8px;text-decoration: none;margin: 15px 0;font-size: 1.1em\" href=\"\/de\/testtagg-em-mifare\/\">Jetzt Testetikett kaufen \u2013 69 kr<\/a><\/p>\n<\/div>\n<h2>G\u00e4ngige Mifare-Pr\u00e4fixe (ausgew\u00e4hlt unter \u201eProdukt anpassen\u201c)<\/h2>\n<table style=\"width: 100%;border-collapse: collapse;font-size: 0.96em;margin: 20px 0\">\n<tbody>\n<tr style=\"background: #f5f5f5\">\n<th style=\"text-align: left;padding: 10px\">System<\/th>\n<th style=\"text-align: left;padding: 10px\">Pr\u00e4fix<\/th>\n<\/tr>\n<tr>\n<td style=\"padding: 10px\">Aptus<\/td>\n<td><strong>Multifunktionsdisplay<\/strong> + 9 Ziffern<\/td>\n<\/tr>\n<tr style=\"background: #f9f9f9\">\n<td>RCO-Sicherheit (Standard)<\/td>\n<td><strong>MFR<\/strong> + 9 Ziffern<\/td>\n<\/tr>\n<tr>\n<td>RCO-Sicherheitscode (10-stellig)<\/td>\n<td><strong>MFL<\/strong> + 10 Ziffern<\/td>\n<\/tr>\n<tr style=\"background: #f9f9f9\">\n<td>Axema AWAKE<\/td>\n<td><strong>MFV<\/strong> + Zahl<\/td>\n<\/tr>\n<tr>\n<td>ASSA ARX \/ Vanderbilt und andere.<\/td>\n<td><strong>Multifunktionsdisplay<\/strong> + 10 Ziffern<\/td>\n<\/tr>\n<tr style=\"background: #f5f5f5\">\n<td>Benutzerdefiniertes Format \/ Hexadezimal<\/td>\n<td>Sie geben sich selbst an<\/td>\n<\/tr>\n<\/tbody>\n<\/table>\n<h2>Warum Profis sich f\u00fcr Mifare 1k ABS Pro entscheiden<\/h2>\n<ul>\n<li>Nur <strong>2,9 mm<\/strong> Thin \u2013 Schwedens glattestes professionelles Etikett<\/li>\n<li>Original NXP Mifare Classic 1k \u2013 1 kB Speicher, 16 Sektoren<\/li>\n<li>Extrem widerstandsf\u00e4higer ABS-Kunststoff<\/li>\n<li>Komplett leer \u2013 bereit f\u00fcr Ihre eigenen A\/B-Schl\u00fcssel und Daten<\/li>\n<\/ul>\n<h2>Gestalten Sie es genau so, wie Sie es m\u00f6chten<\/h2>\n<p>Klicken Sie auf \u201eProdukt anpassen\u201c und w\u00e4hlen Sie Folgendes aus:<\/p>\n<ul>\n<li>lasergraviertes Logo<\/li>\n<li>Eingravierte Zahlen<\/li>\n<li>Nummer + Logo<\/li>\n<li>Farblogo + Nummer<\/li>\n<li>Seriennummer oder Chip-UID in Hexadezimaldarstellung<\/li>\n<li>Programmierung der Tasten A\/B oder Sektordaten (Kontaktieren Sie uns)<\/li>\n<\/ul>\n<p>\u2714\ufe0f Wir kontaktieren Sie immer vor Produktionsbeginn mit Korrekturabz\u00fcgen.<\/p>\n<h2>Technische Spezifikation<\/h2>\n<table style=\"width: 100%;border-collapse: collapse;margin: 20px 0\">\n<tbody>\n<tr>\n<td><strong>Chip<\/strong><\/td>\n<td>Mifare Classic 1k Original (NXP)<\/td>\n<\/tr>\n<tr>\n<td><strong>Frequenz<\/strong><\/td>\n<td>13,56 MHz<\/td>\n<\/tr>\n<tr>\n<td><strong>Erinnerung<\/strong><\/td>\n<td>1 KB (16 Sektoren \u00e0 64 Byte)<\/td>\n<\/tr>\n<tr>\n<td><strong>Material<\/strong><\/td>\n<td>Strapazierf\u00e4higer ABS-Kunststoff<\/td>\n<\/tr>\n<tr>\n<td><strong>Dicke<\/strong><\/td>\n<td>2,9 mm<\/td>\n<\/tr>\n<tr>\n<td><strong>Standard<\/strong><\/td>\n<td>V\u00f6llig leer \u2013 bereit f\u00fcr Ihre eigene Programmierung<\/td>\n<\/tr>\n<tr>\n<td><strong>Gravur<\/strong><\/td>\n<td>Nummer \u2219 Seriennummer \u2219 Logo \u2219 Pr\u00e4fix<\/td>\n<\/tr>\n<tr>\n<td><strong>Farben<\/strong><\/td>\n<td>Schwarz \u2219 Wei\u00df \u2219 Rot \u2219 Blau \u2219 Gr\u00fcn \u2219 Gelb<\/td>\n<\/tr>\n<\/tbody>\n<\/table>\n<h2>Lieferung und Support<\/h2>\n<ul>\n<li>Normalerweise <strong>1\u20133 Werktage<\/strong><\/li>\n<li><strong>Kostenloser Versand<\/strong> \u00fcber 1000 SEK<\/li>\n<li>Ben\u00f6tigen Sie Hilfe mit Schl\u00fcsseln oder Formaten? Rufen Sie uns an oder schreiben Sie uns eine E-Mail \u2013 wir k\u00fcmmern uns darum!<\/li>\n<\/ul>","protected":false},"excerpt":{"rendered":"<p><strong>Mifare 1k Classic ABS Pro - 2,9 mm (Mifare 13,56 MHz)<\/strong><br \/>\nOriginal NXP-Chip \u2219 1 kB Speicher \u2219 Sektoren &amp; Tasten \u2219 Individuelle Nummerierung &amp; Logo<br \/>\nGeeignet f\u00fcr Aptus \u2219 RCO \u2219 ASSA \u2219 Axema \u2219 Vanderbilt und andere. Mifare-System<\/p>","protected":false},"featured_media":163692,"template":"","meta":{"_acf_changed":false},"product_brand":[],"product_cat":[1340,4784,2354],"product_tag":[2074,2434,2431,4146,2958,2965],"class_list":{"0":"post-59039","1":"product","2":"type-product","3":"status-publish","4":"has-post-thumbnail","6":"product_cat-rfid-tagg-abs-pro","7":"product_cat-mifare1k","8":"product_cat-rfid-taggar","9":"product_tag-ej-lagerfraga","10":"product_tag-mifare-standard-blank-alpha","11":"product_tag-mifare-standard-blank-dtc","12":"product_tag-nxp","13":"product_tag-stonehouse-produkt","14":"product_tag-utvalda-taggar-mifare-taggar","15":"product_shipping_class-postnord-varubrev","16":"pa_brands-stonehouse-security","17":"pa_chip-teknik-mifare1k","18":"pa_farg-gul","19":"pa_pro-larmsystem-aptus","20":"pa_pro-larmsystem-assa-abs-pro-system","21":"pa_pro-larmsystem-axema","22":"pa_pro-larmsystem-axema-vaka","23":"pa_pro-larmsystem-blank-inga-nummer","24":"pa_pro-larmsystem-cdvi","25":"pa_pro-larmsystem-decimala-nummer","26":"pa_pro-larmsystem-enstaka-siffror-valfria","27":"pa_pro-larmsystem-hexadecimal-nummer","28":"pa_pro-larmsystem-lopnummer-valfria","29":"pa_pro-larmsystem-paxton","30":"pa_pro-larmsystem-rco-abs-pro-system","31":"pa_pro-larmsystem-tidomat","32":"pa_pro-larmsystem-vanderbilt-bewator-entro-8-siffror","33":"pa_pro-larmsystem-vanderbilt-bewator-omnis-bewator-2010-13-siffror","34":"tm-has-options","36":"first","37":"instock","38":"sale","39":"featured","40":"taxable","41":"shipping-taxable","42":"purchasable","43":"product-type-simple"},"acf":[],"_links":{"self":[{"href":"https:\/\/secureus.se\/de\/wp-json\/wp\/v2\/product\/59039","targetHints":{"allow":["GET"]}}],"collection":[{"href":"https:\/\/secureus.se\/de\/wp-json\/wp\/v2\/product"}],"about":[{"href":"https:\/\/secureus.se\/de\/wp-json\/wp\/v2\/types\/product"}],"wp:featuredmedia":[{"embeddable":true,"href":"https:\/\/secureus.se\/de\/wp-json\/wp\/v2\/media\/163692"}],"wp:attachment":[{"href":"https:\/\/secureus.se\/de\/wp-json\/wp\/v2\/media?parent=59039"}],"wp:term":[{"taxonomy":"product_brand","embeddable":true,"href":"https:\/\/secureus.se\/de\/wp-json\/wp\/v2\/product_brand?post=59039"},{"taxonomy":"product_cat","embeddable":true,"href":"https:\/\/secureus.se\/de\/wp-json\/wp\/v2\/product_cat?post=59039"},{"taxonomy":"product_tag","embeddable":true,"href":"https:\/\/secureus.se\/de\/wp-json\/wp\/v2\/product_tag?post=59039"}],"curies":[{"name":"wp","href":"https:\/\/api.w.org\/{rel}","templated":true}]}}