{"id":63467,"date":"2022-10-25T16:43:32","date_gmt":"2022-10-25T14:43:32","guid":{"rendered":"https:\/\/secureus.se\/produkt\/tagg-nyckelbricka-abs-pro-em4200-farg-svart-kopia\/"},"modified":"2026-04-09T13:31:40","modified_gmt":"2026-04-09T11:31:40","slug":"tagg-em4200-svart-abs-plus","status":"publish","type":"product","link":"https:\/\/secureus.se\/de\/tagg-em4200-svart-abs-plus\/","title":{"rendered":"EM4200 ABS PLUS Schwarz \u2013 3,9 mm (EM 125 kHz)"},"content":{"rendered":"<h1>EM4200 ABS PLUS \u2013 3,9 mm (EM 125 kHz)<\/h1>\n<p><strong>Der besonders robuste Klassiker \u2013 wenn es wirklich auf Langlebigkeit ankommt.<\/strong><br \/>\n3,9 mm starkes, robustes ABS, Original-Chip, in 6 Farben erh\u00e4ltlich. Ideal f\u00fcr anspruchsvolle Umgebungen und wenn eine etwas gr\u00f6\u00dfere Oberfl\u00e4che f\u00fcr Gravuren oder farbige Logos ben\u00f6tigt wird.<\/p>\n<div style=\"background: #f4f9ff;border: 2px solid #0066cc;border-radius: 12px;padding: 20px;margin: 30px 0;text-align: center\">\n<h3 style=\"margin: 0 0 12px 0;color: #003366\">Sie sind sich nicht sicher, ob Sie EM oder Mifare haben?<\/h3>\n<p style=\"margin: 8px 0;font-size: 1.05em;color: #333\">Probieren Sie beide Techniken zu Hause f\u00fcr nur <strong>69 kr<\/strong><br \/>\nGeld zur\u00fcck bei einem Kauf von 100 oder mehr St\u00fcck.<\/p>\n<p><a style=\"display: inline-block;background: #0066cc;color: white;font-weight: bold;padding: 14px 32px;border-radius: 8px;text-decoration: none;margin: 15px 0;font-size: 1.1em\" href=\"\/de\/testtagg-em-mifare\/\" target=\"_blank\" rel=\"noopener\">Jetzt Testetikett kaufen \u2013 69 kr<br \/>\n<\/a><\/p>\n<p style=\"margin: 8px 0 0;font-size: 0.9em;color: #555\">Inklusive Liste aller g\u00e4ngigen schwedischen Systemnummern \u2219 Kostenloser Versand<\/p>\n<\/div>\n<h2>Kompatible Systeme und gebr\u00e4uchlichste EM-Pr\u00e4fixe<\/h2>\n<table style=\"width: 100%;border-collapse: collapse;font-size: 0.96em;margin: 20px 0\">\n<tbody>\n<tr style=\"background: #f5f5f5\">\n<th style=\"text-align: left;padding: 10px\">System<\/th>\n<th style=\"text-align: left;padding: 10px\">H\u00e4ufigstes Pr\u00e4fix<\/th>\n<\/tr>\n<tr>\n<td style=\"padding: 10px\">Aptus<\/td>\n<td><strong>A<\/strong> + Zahl<\/td>\n<\/tr>\n<tr style=\"background: #f9f9f9\">\n<td>ASSA ARX \/ Solid \/ Entro<\/td>\n<td><strong>S<\/strong> + Zahl<\/td>\n<\/tr>\n<tr>\n<td>Axema AWAKE<\/td>\n<td><strong>V<\/strong> + Zahl<\/td>\n<\/tr>\n<tr style=\"background: #f9f9f9\">\n<td>Axema (andere)<\/td>\n<td><strong>OHR<\/strong> + Zahl<\/td>\n<\/tr>\n<tr>\n<td>Paxton<\/td>\n<td><strong>P<\/strong> + Zahl<\/td>\n<\/tr>\n<tr style=\"background: #f9f9f9\">\n<td>RCO-Sicherheit<\/td>\n<td><strong>R<\/strong> + Zahl<\/td>\n<\/tr>\n<tr>\n<td>Timer<\/td>\n<td><strong>T<\/strong> + Zahl<\/td>\n<\/tr>\n<tr style=\"background: #f9f9f9\">\n<td>Vanderbilt\/Bewator Entro (8-stellig)<\/td>\n<td><strong>B<\/strong> + Zahl<\/td>\n<\/tr>\n<tr>\n<td>Vanderbilt\/Bewator Omnis \/ 2010 (13 Ziffern)<\/td>\n<td><strong>B<\/strong> + Zahl<\/td>\n<\/tr>\n<tr style=\"background: #f5f5f5\">\n<td>Eigenes oder anderes System<\/td>\n<td>Geben Sie ein beliebiges Pr\u00e4fix ein<\/td>\n<\/tr>\n<\/tbody>\n<\/table>\n<h2>Warum Profis ABS PLUS w\u00e4hlen<\/h2>\n<ul>\n<li>Besonders robust \u2013 <strong>3,9 mm<\/strong> hartes ABS<\/li>\n<li>Gr\u00f6\u00dfere Gravurfl\u00e4che \u2013 perfekt f\u00fcr farbige Logos<\/li>\n<li>Originalchip von EM Microelectronic<\/li>\n<li>\u00dcber 30.000 St\u00fcck in 6 Farben auf Lager<\/li>\n<\/ul>\n<h2>Gestalten Sie es genau so, wie Sie es m\u00f6chten<\/h2>\n<p>Klicken Sie auf \u201eProdukt anpassen\u201c und w\u00e4hlen Sie Folgendes aus:<\/p>\n<ul>\n<li>Seriennummer (Startnummer eingeben)<\/li>\n<li>Eigene Vorwahl + Nummer (siehe Tabelle oben)<\/li>\n<li>Lasergravur oder Farblogo<\/li>\n<li>Dezimal-, hexadezimal- oder chipbasierte eindeutige UID<\/li>\n<\/ul>\n<p>\u2714\ufe0f Logos und gr\u00f6\u00dfere Auftr\u00e4ge vor der Produktion immer Korrektur lesen.<\/p>\n<h2>Technische Spezifikation<\/h2>\n<table style=\"width: 100%;border-collapse: collapse;margin: 20px 0\">\n<tbody>\n<tr>\n<td><strong>Chip<\/strong><\/td>\n<td>EM4200 Original (EM Microelectronic)<\/td>\n<\/tr>\n<tr>\n<td><strong>Frequenz<\/strong><\/td>\n<td>125 kHz<\/td>\n<\/tr>\n<tr>\n<td><strong>Technik<\/strong><\/td>\n<td>EM (nicht Mifare)<\/td>\n<\/tr>\n<tr>\n<td><strong>Material<\/strong><\/td>\n<td>Hartes ABS-Kunststoff<\/td>\n<\/tr>\n<tr>\n<td><strong>Dicke<\/strong><\/td>\n<td>3,9 mm<\/td>\n<\/tr>\n<tr>\n<td><strong>Standardnummer<\/strong><\/td>\n<td>Optional \/ leer<\/td>\n<\/tr>\n<tr>\n<td><strong>Gravur<\/strong><\/td>\n<td>Nummer \u2219 Seriennummer \u2219 Logo \u2219 Pr\u00e4fix<\/td>\n<\/tr>\n<tr>\n<td><strong>Farben<\/strong><\/td>\n<td>Schwarz \u2219 Wei\u00df \u2219 Rot \u2219 Blau \u2219 Gr\u00fcn \u2219 Gelb<\/td>\n<\/tr>\n<\/tbody>\n<\/table>\n<h2>Lieferung und Support<\/h2>\n<ul>\n<li>Normalerweise <strong>1\u20133 Werktage<\/strong><\/li>\n<li><strong>Kostenloser Versand<\/strong> \u00fcber 1000 SEK<\/li>\n<li>Stets \u00fcber 30.000 St\u00fcck auf Lager<\/li>\n<\/ul>","protected":false},"excerpt":{"rendered":"<p><strong>EM4200 ABS PLUS - robustes 3,9 mm (nur EM 125 kHz)<\/strong><\/p>\n<p>Besonders robustes Modell \u2219 Originalchip von EM Microelectronic<br \/>\nIdeal f\u00fcr Gravuren, Logos oder optionale Nummern<\/p>\n<p style=\"color: #d32f2f;font-size: 0.95em;margin-top: 8px\">\u26a0\ufe0f Funktioniert <strong>nicht<\/strong> in Mifare-Systemen<\/p>","protected":false},"featured_media":163673,"template":"","meta":{"_acf_changed":false},"product_brand":[],"product_cat":[1337,4783,2354],"product_tag":[2074,2433,2430,2958],"class_list":{"0":"post-63467","1":"product","2":"type-product","3":"status-publish","4":"has-post-thumbnail","6":"product_cat-rfid-tagg-abs-plus","7":"product_cat-em4200-tagg","8":"product_cat-rfid-taggar","9":"product_tag-ej-lagerfraga","10":"product_tag-em4200-standard-blank-alpha","11":"product_tag-em4200-standard-blank-dtc","12":"product_tag-stonehouse-produkt","13":"product_shipping_class-postnord-varubrev","14":"pa_brands-stonehouse-security","15":"pa_chip-teknik-em4200-kompatibelt-med-4100-4102-och-4305","16":"pa_color-svart","17":"pa_farg-svart","18":"pa_pro-larmsystem-aptus","19":"pa_pro-larmsystem-assa-abs-pro-system","20":"pa_pro-larmsystem-axema","21":"pa_pro-larmsystem-axema-vaka","22":"pa_pro-larmsystem-blank-inga-nummer","23":"pa_pro-larmsystem-cdvi","24":"pa_pro-larmsystem-decimala-nummer","25":"pa_pro-larmsystem-enstaka-siffror-valfria","26":"pa_pro-larmsystem-hexadecimal-nummer","27":"pa_pro-larmsystem-lopnummer-valfria","28":"pa_pro-larmsystem-paxton","29":"pa_pro-larmsystem-rco-abs-pro-system","30":"pa_pro-larmsystem-tidomat","31":"pa_pro-larmsystem-vanderbilt-bewator-entro-8-siffror","32":"pa_pro-larmsystem-vanderbilt-bewator-omnis-bewator-2010-13-siffror","33":"tm-has-options","35":"first","36":"instock","37":"sale","38":"featured","39":"taxable","40":"shipping-taxable","41":"purchasable","42":"product-type-simple"},"acf":[],"_links":{"self":[{"href":"https:\/\/secureus.se\/de\/wp-json\/wp\/v2\/product\/63467","targetHints":{"allow":["GET"]}}],"collection":[{"href":"https:\/\/secureus.se\/de\/wp-json\/wp\/v2\/product"}],"about":[{"href":"https:\/\/secureus.se\/de\/wp-json\/wp\/v2\/types\/product"}],"wp:featuredmedia":[{"embeddable":true,"href":"https:\/\/secureus.se\/de\/wp-json\/wp\/v2\/media\/163673"}],"wp:attachment":[{"href":"https:\/\/secureus.se\/de\/wp-json\/wp\/v2\/media?parent=63467"}],"wp:term":[{"taxonomy":"product_brand","embeddable":true,"href":"https:\/\/secureus.se\/de\/wp-json\/wp\/v2\/product_brand?post=63467"},{"taxonomy":"product_cat","embeddable":true,"href":"https:\/\/secureus.se\/de\/wp-json\/wp\/v2\/product_cat?post=63467"},{"taxonomy":"product_tag","embeddable":true,"href":"https:\/\/secureus.se\/de\/wp-json\/wp\/v2\/product_tag?post=63467"}],"curies":[{"name":"wp","href":"https:\/\/api.w.org\/{rel}","templated":true}]}}