{"id":67604,"date":"2022-11-14T16:28:06","date_gmt":"2022-11-14T15:28:06","guid":{"rendered":"https:\/\/secureus.se\/produkt\/satel-programmerings-kabel-for-ex-gsm-sandare\/"},"modified":"2025-12-31T20:29:02","modified_gmt":"2025-12-31T19:29:02","slug":"satel-programmerings-kabel","status":"publish","type":"product","link":"https:\/\/secureus.se\/de\/satel-programmerings-kabel\/","title":{"rendered":"Satel-Programmierkabel"},"content":{"rendered":"<h1>Satel-Programmierkabel \u2013 einfache Verbindung zum Programmieren von SATEL-Produkten<\/h1>\n<p>Vereinfachen Sie die Programmierung Ihres <strong>SATEL-Einheiten<\/strong> mit diesem <strong>USB-RS232-Programmierkabel<\/strong>.<\/p>\n<p>Das Kabel erm\u00f6glicht eine einfache Verbindung zwischen SATEL-Produkten und Computern und erm\u00f6glicht eine schnelle und effiziente Konfiguration und Programmierung.<\/p>\n<h5>Hauptfunktionen<\/h5>\n<ul>\n<li><strong>USB-RS232-Konverter<\/strong>: Erm\u00f6glicht den Anschluss von SATEL-Ger\u00e4ten \u00fcber USB an den Computer.<\/li>\n<li><strong>Kompatibilit\u00e4t<\/strong>: Passend f\u00fcr Ger\u00e4te mit RS-232- oder RS-232 (TTL)-Anschl\u00fcssen, einschlie\u00dflich GSM- und Alarmsendern.<\/li>\n<li><strong>Multifunktional<\/strong>: Perfekt f\u00fcr die Programmierung von SATEL-Funksteuerungen und Fernsendern.<\/li>\n<li><strong>Benutzerfreundliches Design<\/strong>: Lieferung mit vier Kabeln mit passenden Steckern.<\/li>\n<\/ul>\n<h5>Vorteile<\/h5>\n<ul>\n<li><strong>Schnelle Programmierung<\/strong>: Optimiert die Einrichtung von SATEL-Produkten f\u00fcr einen reibungslosen Betrieb.<\/li>\n<li><strong>Flexibilit\u00e4t<\/strong>: Kompatibel mit mehreren verschiedenen Ger\u00e4ten und Ports.<\/li>\n<li><strong>Einfache Verwendung<\/strong>: Plug-and-Play-Funktionalit\u00e4t mit USB-Typ-B-Anschluss.<\/li>\n<\/ul>\n<h5>Einsatzgebiete<\/h5>\n<ul>\n<li><strong>GSM- und Alarmsender<\/strong>: Schnell und einfach programmieren und konfigurieren.<\/li>\n<li><strong>Funksteuerungen<\/strong>: Gew\u00e4hrleisten Sie einen optimalen Betrieb der SATEL-Funkempf\u00e4nger.<\/li>\n<li><strong>Fernsender<\/strong>: Machen Sie die Programmierung von Remote-Ger\u00e4ten zum Kinderspiel.<\/li>\n<\/ul>\n<p>Mit <strong>Satel Programmierkabel<\/strong> Du bekommst eins <strong>zuverl\u00e4ssige und effiziente L\u00f6sung<\/strong> zur Verwaltung Ihrer SATEL-Ger\u00e4te, perfekt f\u00fcr den professionellen und privaten Gebrauch.<\/p>","protected":false},"excerpt":{"rendered":"<p>Effektives Programmierkabel f\u00fcr SATEL-Produkte.<\/p>\n<p>Verbinden Sie GSM- und Alarmsender mit der USB-RS232-Konvertierung f\u00fcr eine schnelle Programmierung mit Ihrem Computer.<\/p>","protected":false},"featured_media":142085,"template":"","meta":{"_acf_changed":false},"product_brand":[],"product_cat":[1551],"product_tag":[2251],"class_list":{"0":"post-67604","1":"product","2":"type-product","3":"status-publish","4":"has-post-thumbnail","6":"product_cat-larmoverforing","7":"product_tag-larmoverforing-4g-sandare","8":"product_shipping_class-postnord-varubrev","9":"pa_brands-satel","10":"tm-no-options","12":"first","13":"onbackorder","14":"sale","15":"featured","16":"taxable","17":"shipping-taxable","18":"purchasable","19":"product-type-simple"},"acf":[],"_links":{"self":[{"href":"https:\/\/secureus.se\/de\/wp-json\/wp\/v2\/product\/67604","targetHints":{"allow":["GET"]}}],"collection":[{"href":"https:\/\/secureus.se\/de\/wp-json\/wp\/v2\/product"}],"about":[{"href":"https:\/\/secureus.se\/de\/wp-json\/wp\/v2\/types\/product"}],"wp:featuredmedia":[{"embeddable":true,"href":"https:\/\/secureus.se\/de\/wp-json\/wp\/v2\/media\/142085"}],"wp:attachment":[{"href":"https:\/\/secureus.se\/de\/wp-json\/wp\/v2\/media?parent=67604"}],"wp:term":[{"taxonomy":"product_brand","embeddable":true,"href":"https:\/\/secureus.se\/de\/wp-json\/wp\/v2\/product_brand?post=67604"},{"taxonomy":"product_cat","embeddable":true,"href":"https:\/\/secureus.se\/de\/wp-json\/wp\/v2\/product_cat?post=67604"},{"taxonomy":"product_tag","embeddable":true,"href":"https:\/\/secureus.se\/de\/wp-json\/wp\/v2\/product_tag?post=67604"}],"curies":[{"name":"wp","href":"https:\/\/api.w.org\/{rel}","templated":true}]}}