{"id":67606,"date":"2022-11-14T16:34:02","date_gmt":"2022-11-14T15:34:02","guid":{"rendered":"https:\/\/secureus.se\/produkt\/ackumulator-6-volt-3-4ah-agility-ny-version-mer-kraft\/"},"modified":"2026-04-07T16:34:08","modified_gmt":"2026-04-07T14:34:08","slug":"batteri-6v-34-ah","status":"publish","type":"product","link":"https:\/\/secureus.se\/de\/batteri-6v-34-ah\/","title":{"rendered":"Batterie 6V 3,4Ah"},"content":{"rendered":"<h1>Batterie 6V 3,4 Ah<\/h1>\n<p data-start=\"434\" data-end=\"817\">Die Batterie 6 V 3,4 Ah ist eine wichtige Komponente in Alarm- und Telekommunikationssystemen, die eine sichere und stabile Stromversorgung ben\u00f6tigen.<\/p>\n<p data-start=\"434\" data-end=\"817\">Diese Batterie ist besonders n\u00fctzlich f\u00fcr Agility-Alarme und andere Systeme, die 6-V-Stromversorgungen verwenden.<\/p>\n<p data-start=\"434\" data-end=\"817\">Um sicherzustellen, dass das System immer \u00fcber eine zuverl\u00e4ssige Notstromversorgung verf\u00fcgt, wird empfohlen, die Batterie unabh\u00e4ngig vom aktuellen Zustand nach etwa drei Jahren auszutauschen.<\/p>\n<p data-start=\"819\" data-end=\"1097\">Das Bedienfeld des Agility-Alarmsystems testet regelm\u00e4\u00dfig die Funktion der Batterie und stellt sicher, dass sie immer betriebsbereit ist, wenn sie am dringendsten ben\u00f6tigt wird.<\/p>\n<p data-start=\"819\" data-end=\"1097\">So k\u00f6nnen Sie sicher sein, dass Ihr Alarm ordnungsgem\u00e4\u00df funktioniert und auf alle Notf\u00e4lle vorbereitet ist.<\/p>\n<p data-start=\"1099\" data-end=\"1466\">Die Batterie ist wartungsfrei und daher einfach zu verwenden und zu installieren.<\/p>\n<p data-start=\"1099\" data-end=\"1466\">Mit seinen kompakten Abmessungen (134x34x66 mm) und einem Gewicht von nur 0,635 kg l\u00e4sst es sich einfach in verschiedene Alarmsysteme und Sicherheitssysteme einbauen.<\/p>\n<p data-start=\"1099\" data-end=\"1466\">Seine langlebige und zuverl\u00e4ssige Leistung macht es zu einer ausgezeichneten Wahl f\u00fcr alle Arten von Alarm- und Telekommunikationssystemen, bei denen h\u00f6chste Zuverl\u00e4ssigkeit erforderlich ist.<\/p>\n<p data-start=\"1468\" data-end=\"1498\"><strong data-start=\"1468\" data-end=\"1496\">Hauptmerkmale:<\/strong><\/p>\n<ul data-start=\"1499\" data-end=\"1776\">\n<li data-start=\"1499\" data-end=\"1519\">\n<p data-start=\"1501\" data-end=\"1519\"><strong data-start=\"1501\" data-end=\"1514\">Stromspannung:<\/strong> 6V<\/p>\n<\/li>\n<li data-start=\"1520\" data-end=\"1545\">\n<p data-start=\"1522\" data-end=\"1545\"><strong data-start=\"1522\" data-end=\"1536\">Kapazit\u00e4t:<\/strong> 3,4 Ah<\/p>\n<\/li>\n<li data-start=\"1546\" data-end=\"1587\">\n<p data-start=\"1548\" data-end=\"1587\"><strong data-start=\"1548\" data-end=\"1560\">Gr\u00f6\u00dfe:<\/strong> 134 x 34 x 66 mm (LxBxH)<\/p>\n<\/li>\n<li data-start=\"1588\" data-end=\"1610\">\n<p data-start=\"1590\" data-end=\"1610\"><strong data-start=\"1590\" data-end=\"1599\">Gewicht:<\/strong> 0,635 kg<\/p>\n<\/li>\n<li data-start=\"1611\" data-end=\"1671\">\n<p data-start=\"1613\" data-end=\"1671\"><strong data-start=\"1613\" data-end=\"1628\">Verwenden:<\/strong> Alarm- und Telekommunikationssysteme, Agility-Alarme<\/p>\n<\/li>\n<li data-start=\"1672\" data-end=\"1699\">\n<p data-start=\"1674\" data-end=\"1699\"><strong data-start=\"1674\" data-end=\"1694\">Wartungsfrei:<\/strong> Ja<\/p>\n<\/li>\n<li data-start=\"1700\" data-end=\"1732\">\n<p data-start=\"1702\" data-end=\"1732\"><strong data-start=\"1702\" data-end=\"1716\">Leben:<\/strong> Bis zu 3 Jahre<\/p>\n<\/li>\n<li data-start=\"1733\" data-end=\"1776\">\n<p data-start=\"1735\" data-end=\"1776\"><strong data-start=\"1735\" data-end=\"1764\">Artikelnummer des Lieferanten:<\/strong> 500034-6V<\/p>\n<\/li>\n<\/ul>\n<p data-start=\"1778\" data-end=\"1793\"><strong data-start=\"1778\" data-end=\"1791\">Vorteile:<\/strong><\/p>\n<ul data-start=\"1794\" data-end=\"2113\">\n<li data-start=\"1794\" data-end=\"1847\">\n<p data-start=\"1796\" data-end=\"1847\"><strong data-start=\"1796\" data-end=\"1815\">Wartungsfrei<\/strong> \u2013 Erfordert nur minimale Aufsicht<\/p>\n<\/li>\n<li data-start=\"1848\" data-end=\"1923\">\n<p data-start=\"1850\" data-end=\"1923\"><strong data-start=\"1850\" data-end=\"1874\">Hohe Zuverl\u00e4ssigkeit<\/strong> \u2013 Perfekt f\u00fcr Alarm- und Sicherheitsanwendungen<\/p>\n<\/li>\n<li data-start=\"1924\" data-end=\"2031\">\n<p data-start=\"1926\" data-end=\"2031\"><strong data-start=\"1926\" data-end=\"1946\">Sicherheitsgarantie<\/strong> \u2013 Regelm\u00e4\u00dfiges Testen des Agility-Systems, um die Batteriefunktionalit\u00e4t sicherzustellen<\/p>\n<\/li>\n<li data-start=\"2032\" data-end=\"2113\">\n<p data-start=\"2034\" data-end=\"2113\"><strong data-start=\"2034\" data-end=\"2052\">Lange Lebensdauer<\/strong> \u2013 Bis zu 3 Jahre Nutzung f\u00fcr sichere und stabile Notstromversorgung<\/p>\n<\/li>\n<\/ul>\n<p data-start=\"2115\" data-end=\"2410\">Zusammenfassend ist die Batterie 6 V 3,4 Ah eine zuverl\u00e4ssige L\u00f6sung f\u00fcr Sicherheits- und Telekommunikationssysteme, die eine stabile Stromversorgung ben\u00f6tigen.<\/p>\n<p data-start=\"2115\" data-end=\"2410\">Es bietet lang anhaltende Leistung und Sicherheit und ist daher eine ausgezeichnete Wahl f\u00fcr alle, die einen zuverl\u00e4ssigen Betrieb ihrer Sicherheitssysteme aufrechterhalten m\u00f6chten.<\/p>","protected":false},"excerpt":{"rendered":"<p>Die Batterie 6 V 3,4 Ah ist eine wartungsfreie Batterie f\u00fcr den Einsatz in Alarm- und Telekommunikationssystemen, einschlie\u00dflich Agility-Alarmsystemen.<\/p>\n<p>Es gew\u00e4hrleistet bis zu drei Jahre lang eine zuverl\u00e4ssige Notstromversorgung und sollte nach dieser Zeit ausgetauscht werden, um Funktionalit\u00e4t und Sicherheit aufrechtzuerhalten.<\/p>","protected":false},"featured_media":142069,"template":"","meta":{"_acf_changed":false},"product_brand":[],"product_cat":[1596,2428,1862],"product_tag":[4513,2419,2426],"class_list":{"0":"post-67606","1":"product","2":"type-product","3":"status-publish","4":"has-post-thumbnail","6":"product_cat-ackumulatorer-12v-agm-batterier","7":"product_cat-stromforsorjning-batterier","8":"product_cat-batterier-knappcell","9":"product_tag-batteri-1-6-ah","10":"product_tag-rel-batteri","11":"product_tag-rel-risco","12":"product_shipping_class-tunga-paket","13":"pa_brands-stonehouse-security","14":"pa_risco-produkter-agility-2","15":"pa_risco-produkter-agility-3","16":"pa_risco-produkter-agility-4","17":"tm-no-options","19":"first","20":"instock","21":"sale","22":"featured","23":"taxable","24":"shipping-taxable","25":"purchasable","26":"product-type-simple"},"acf":[],"_links":{"self":[{"href":"https:\/\/secureus.se\/de\/wp-json\/wp\/v2\/product\/67606","targetHints":{"allow":["GET"]}}],"collection":[{"href":"https:\/\/secureus.se\/de\/wp-json\/wp\/v2\/product"}],"about":[{"href":"https:\/\/secureus.se\/de\/wp-json\/wp\/v2\/types\/product"}],"wp:featuredmedia":[{"embeddable":true,"href":"https:\/\/secureus.se\/de\/wp-json\/wp\/v2\/media\/142069"}],"wp:attachment":[{"href":"https:\/\/secureus.se\/de\/wp-json\/wp\/v2\/media?parent=67606"}],"wp:term":[{"taxonomy":"product_brand","embeddable":true,"href":"https:\/\/secureus.se\/de\/wp-json\/wp\/v2\/product_brand?post=67606"},{"taxonomy":"product_cat","embeddable":true,"href":"https:\/\/secureus.se\/de\/wp-json\/wp\/v2\/product_cat?post=67606"},{"taxonomy":"product_tag","embeddable":true,"href":"https:\/\/secureus.se\/de\/wp-json\/wp\/v2\/product_tag?post=67606"}],"curies":[{"name":"wp","href":"https:\/\/api.w.org\/{rel}","templated":true}]}}