{"id":68287,"date":"2022-11-21T17:14:46","date_gmt":"2022-11-21T16:14:46","guid":{"rendered":"https:\/\/secureus.se\/produkt\/visonic-smd-429-pg2-powerg-wireless-smoke-and-heat-detector\/"},"modified":"2026-03-11T16:56:25","modified_gmt":"2026-03-11T15:56:25","slug":"rokdetektor-smd-429-visonic","status":"publish","type":"product","link":"https:\/\/secureus.se\/de\/rokdetektor-smd-429-visonic\/","title":{"rendered":"Rauchmelder SMD-429 mit W\u00e4rmemelder und PowerG \u2013 Visonic Rauchmelder \u2013 Auslaufmodell. Nur solange der Vorrat reicht."},"content":{"rendered":"<h1>Rauchmelder SMD-429 \u2013 Sicherheit und Schutz<\/h1>\n<p>Der SMD-429 ist ein leistungsstarker drahtloser Rauch- und Hitzemelder, der Ihr Zuhause oder Ihr Unternehmen vor Br\u00e4nden sch\u00fctzen soll.<\/p>\n<p>Dieses Ger\u00e4t verf\u00fcgt \u00fcber die revolution\u00e4re PowerG-Technologie und kombiniert Zuverl\u00e4ssigkeit und Einfachheit mit marktf\u00fchrender Sicherheit.<\/p>\n<p>Der Melder erkennt schnell Rauch und Temperaturen \u00fcber 57\u00b0C und warnt mit einer eingebauten 85 dB-Sirene und einer blinkenden LED.<\/p>\n<p>Gleichzeitig sendet es Signale an das Alarmsystem, um eine schnelle Reaktion zu gew\u00e4hrleisten.<\/p>\n<h4>Funktionen und Vorteile<\/h4>\n<ul>\n<li><strong>Fr\u00fchwarnung bei Br\u00e4nden<\/strong>: Sensoren erkennen Rauch und Hitze und sorgen so f\u00fcr eine fr\u00fchzeitige Warnung.<\/li>\n<li><strong>Gro\u00dfe Reichweite<\/strong>: Die PowerG-Technologie erm\u00f6glicht eine repeaterfreie Installation auch in gr\u00f6\u00dferen R\u00e4umlichkeiten.<\/li>\n<li><strong>Einfach zu installieren<\/strong>: Einfache Montage ohne aufw\u00e4ndige Verkabelung.<\/li>\n<li><strong>Lange Akkulaufzeit<\/strong>: Bis zu 3 Jahre bei normaler Verwendung.<\/li>\n<li><strong>Kompatibilit\u00e4t<\/strong>: Funktioniert nahtlos mit PowerMaster-Alarmsystemen.<\/li>\n<\/ul>\n<p>Dank seiner einfachen Installation und fortschrittlichen Technologie ist der SMD-429 perfekt f\u00fcr Privathaushalte und Unternehmen geeignet, f\u00fcr die Sicherheit und Komfort oberste Priorit\u00e4t haben.<\/p>\n<p>&nbsp;<\/p>","protected":false},"excerpt":{"rendered":"<p>SMD-429 ist ein fortschrittlicher drahtloser Rauch- und Hitzemelder mit integrierter Sirene und PowerG-Technologie.<\/p>\n<p>Es warnt fr\u00fchzeitig vor Rauch und Temperaturen \u00fcber 57 \u00b0C und sch\u00fctzt Ihr Zuhause oder Ihr Unternehmen rund um die Uhr.<\/p>\n<p>Dank der einfachen Installation, dem geringen Batterieverbrauch und der Kompatibilit\u00e4t mit PowerMaster-Systemen ist das SMD-429 die perfekte L\u00f6sung f\u00fcr den Brandschutz.<\/p>","protected":false},"featured_media":142080,"template":"","meta":{"_acf_changed":false},"product_brand":[],"product_cat":[3376,3383,3377],"product_tag":[],"class_list":{"0":"post-68287","1":"product","2":"type-product","3":"status-publish","4":"has-post-thumbnail","6":"product_cat-visonic-larmenheter","7":"product_cat-visonic-brandvarnare-vattendetektor-temperatur","8":"product_cat-visonic-siren","9":"product_shipping_class-tunga-paket","10":"pa_brands-5visonic","11":"tm-no-options","13":"first","14":"outofstock","15":"featured","16":"taxable","17":"shipping-taxable","18":"purchasable","19":"product-type-simple"},"acf":[],"_links":{"self":[{"href":"https:\/\/secureus.se\/de\/wp-json\/wp\/v2\/product\/68287","targetHints":{"allow":["GET"]}}],"collection":[{"href":"https:\/\/secureus.se\/de\/wp-json\/wp\/v2\/product"}],"about":[{"href":"https:\/\/secureus.se\/de\/wp-json\/wp\/v2\/types\/product"}],"wp:featuredmedia":[{"embeddable":true,"href":"https:\/\/secureus.se\/de\/wp-json\/wp\/v2\/media\/142080"}],"wp:attachment":[{"href":"https:\/\/secureus.se\/de\/wp-json\/wp\/v2\/media?parent=68287"}],"wp:term":[{"taxonomy":"product_brand","embeddable":true,"href":"https:\/\/secureus.se\/de\/wp-json\/wp\/v2\/product_brand?post=68287"},{"taxonomy":"product_cat","embeddable":true,"href":"https:\/\/secureus.se\/de\/wp-json\/wp\/v2\/product_cat?post=68287"},{"taxonomy":"product_tag","embeddable":true,"href":"https:\/\/secureus.se\/de\/wp-json\/wp\/v2\/product_tag?post=68287"}],"curies":[{"name":"wp","href":"https:\/\/api.w.org\/{rel}","templated":true}]}}