{"id":68299,"date":"2022-11-21T17:14:06","date_gmt":"2022-11-21T16:14:06","guid":{"rendered":"https:\/\/secureus.se\/produkt\/visonic-0-103371-pmaster-10-swe-triple-panel\/"},"modified":"2026-04-23T13:32:59","modified_gmt":"2026-04-23T11:32:59","slug":"visonic-powermaster-10-centralenhet-v20-panel","status":"publish","type":"product","link":"https:\/\/secureus.se\/de\/visonic-powermaster-10-centralenhet-v20-panel\/","title":{"rendered":"Visonic PowerMaster 10 Zentraleinheit V20 Panel"},"content":{"rendered":"<div id=\"content-2\">\n<div id=\"textholder_1\" class=\"overflow-text u-typography-body-medium full-content\">\n<div id=\"content-1\" class=\"accordion-content\">\n<h1>Visonic PowerMaster 10 Zentraleinheit \u2013 Professionelle Sicherheit und Automatisierung<\/h1>\n<p>Der PowerMaster-10 ist eine drahtlose Zentraleinheit, die f\u00fcr maximale Sicherheit und Komfort in Ihrem Zuhause oder Unternehmen sorgt.<\/p>\n<p>Ausgestattet mit der fortschrittlichen PowerG-Technologie von Visonics bietet das System \u00fcberlegene Reichweite, robuste Leistung und geringen Stromverbrauch.<\/p>\n<p>Das System unterst\u00fctzt 28 drahtlose Zonen und eine kabelgebundene Zone und ist somit flexibel f\u00fcr alle Arten von Sicherheitsanforderungen.<\/p>\n<p>Durch die dreifachen Meldewege \u00fcber PSTN, Ethernet und GPRS ist die Alarmierung immer und situationsunabh\u00e4ngig m\u00f6glich.<\/p>\n<p><strong>Hauptmerkmale:<\/strong><\/p>\n<ul>\n<li><strong>PowerG-Technologie<\/strong>: \u00dcberlegene Funkreichweite und AES-128-Verschl\u00fcsselung.<\/li>\n<li><strong>Unterst\u00fctzung f\u00fcr 28 Zonen<\/strong>: Ideal f\u00fcr kleine und mittelgro\u00dfe Installationen.<\/li>\n<li><strong>Dreifache Berichtswege<\/strong>: Sichere Verbindung \u00fcber PSTN, Ethernet oder GPRS.<\/li>\n<li><strong>Eingebaute Sirene und LCD-Display<\/strong>: Benutzerfreundlich und effizient.<\/li>\n<li><strong>Lange Akkulaufzeit<\/strong>: Bis zu 24 Stunden Gangreserve mit Batterie-Backup.<\/li>\n<\/ul>\n<p>Egal, ob Sie eine L\u00f6sung f\u00fcr Ihr Zuhause oder Ihr B\u00fcro suchen, der PowerMaster-10 ist die perfekte Wahl, um das zu sch\u00fctzen, was Ihnen wichtig ist.<\/p>\n<\/div>\n<\/div>\n<\/div>","protected":false},"excerpt":{"rendered":"<p><strong>PowerMaster-10 Zentraleinheit \u2013 Ihre Sicherheitsl\u00f6sung<\/strong><br \/>\nDer PowerMaster-10 bietet eine professionelle, kabellose L\u00f6sung f\u00fcr Sicherheit und Automatisierung.<\/p>\n<p>Mit Unterst\u00fctzung f\u00fcr 28 Zonen, integrierter Sirene und Batterie-Backup ist dieses System perfekt f\u00fcr Privathaushalte und Unternehmen.<\/p>","protected":false},"featured_media":142108,"template":"","meta":{"_acf_changed":false},"product_brand":[],"product_cat":[3374],"product_tag":[2472,2330],"class_list":{"0":"post-68299","1":"product","2":"type-product","3":"status-publish","4":"has-post-thumbnail","6":"product_cat-visonic-centralenhet-panel","7":"product_tag-sbsc-larmklassr","8":"product_tag-visonic-manoverpanel","9":"product_shipping_class-tunga-paket","10":"pa_brands-5visonic","11":"tm-no-options","13":"first","14":"onbackorder","15":"sale","16":"featured","17":"taxable","18":"shipping-taxable","19":"purchasable","20":"product-type-simple"},"acf":[],"_links":{"self":[{"href":"https:\/\/secureus.se\/de\/wp-json\/wp\/v2\/product\/68299","targetHints":{"allow":["GET"]}}],"collection":[{"href":"https:\/\/secureus.se\/de\/wp-json\/wp\/v2\/product"}],"about":[{"href":"https:\/\/secureus.se\/de\/wp-json\/wp\/v2\/types\/product"}],"wp:featuredmedia":[{"embeddable":true,"href":"https:\/\/secureus.se\/de\/wp-json\/wp\/v2\/media\/142108"}],"wp:attachment":[{"href":"https:\/\/secureus.se\/de\/wp-json\/wp\/v2\/media?parent=68299"}],"wp:term":[{"taxonomy":"product_brand","embeddable":true,"href":"https:\/\/secureus.se\/de\/wp-json\/wp\/v2\/product_brand?post=68299"},{"taxonomy":"product_cat","embeddable":true,"href":"https:\/\/secureus.se\/de\/wp-json\/wp\/v2\/product_cat?post=68299"},{"taxonomy":"product_tag","embeddable":true,"href":"https:\/\/secureus.se\/de\/wp-json\/wp\/v2\/product_tag?post=68299"}],"curies":[{"name":"wp","href":"https:\/\/api.w.org\/{rel}","templated":true}]}}