{"id":68303,"date":"2022-11-21T17:13:56","date_gmt":"2022-11-21T16:13:56","guid":{"rendered":"https:\/\/secureus.se\/produkt\/visonic-sr-740-pg2-powerg-wireless-2-way-outdoor-siren-blue-strobe\/"},"modified":"2026-03-19T11:10:56","modified_gmt":"2026-03-19T10:10:56","slug":"siren-sr-740-pg2-utomhus-visonic","status":"publish","type":"product","link":"https:\/\/secureus.se\/de\/siren-sr-740-pg2-utomhus-visonic\/","title":{"rendered":"Sirene SR-740 Outdoor PG2 Blau \u2013 Visonic \u2013 EOL (nur solange der Vorrat reicht)"},"content":{"rendered":"<h1>Drahtlose Au\u00dfensirene SR-740 PG2 mit blauem Blitzlicht<\/h1>\n<p>Geben Sie Ihrem Zuhause oder Ihrem Unternehmen eine zuverl\u00e4ssige Sicherheitsl\u00f6sung mit <strong>Visonic SR-740 PG2<\/strong>.<\/p>\n<p>Diese kabellose Au\u00dfensirene vereint leistungsstarke Alarmfunktionen mit elegantem Design und langer Batterielaufzeit. Perfekt f\u00fcr die Verwendung mit Visonic PowerMaster\u00ae-Alarmsystemen.<\/p>\n<p>Mit einem lauten 105 dB-Akustiksignal und blauem Blinklicht sorgt der SR-740 PG2 daf\u00fcr, dass der Alarm nicht unbemerkt bleibt.<\/p>\n<p>Dank ihres IP55-zertifizierten Geh\u00e4uses ist die Sirene so konzipiert, dass sie auch bei rauen Wetterbedingungen funktioniert.<\/p>\n<p><strong>Hauptmerkmale:<\/strong><\/p>\n<ul>\n<li><strong>PowerG-Technologie:<\/strong> Erstklassige Zwei-Wege-Kommunikation f\u00fcr maximale Sicherheit.<\/li>\n<li><strong>Lauter Piepton:<\/strong> 105 dB Piezo-Signal f\u00fcr effektive Warnung.<\/li>\n<li><strong>Wetterbest\u00e4ndig:<\/strong> IP55-Zertifizierung f\u00fcr den Betrieb in allen Umgebungen.<\/li>\n<li><strong>Lange Akkulaufzeit:<\/strong> Bis zu 8 Jahre bei normaler Nutzung.<\/li>\n<li><strong>Elegantes Design:<\/strong> Sowohl f\u00fcr private als auch f\u00fcr gewerbliche Immobilien geeignet.<\/li>\n<\/ul>\n<p>Diese Au\u00dfensirene erm\u00f6glicht dank ihrer gro\u00dfen Reichweite eine einfache Installation ohne zus\u00e4tzliche Repeater.<\/p>\n<p>Mit doppeltem Manipulationsschutz und einer sichtbaren Qualit\u00e4tsanzeige am Ger\u00e4t erhalten Sie eine komplette Sicherheitsl\u00f6sung, die einfach zu verwalten ist.<\/p>","protected":false},"excerpt":{"rendered":"<p>Visonic SR-740 PG2 Drahtlose Au\u00dfensirene<\/p>\n<p>Die SR-740 PG2 ist eine elegante und robuste Au\u00dfensirene mit blauem Blinklicht und 105 dB lautem Signal.<\/p>\n<p>Dank PowerG-Technologie und IP55-Geh\u00e4use bietet es hohe Sicherheit und zuverl\u00e4ssigen Betrieb auch in rauen Umgebungen.<\/p>","protected":false},"featured_media":141589,"template":"","meta":{"_acf_changed":false},"product_brand":[],"product_cat":[1562,3377],"product_tag":[2472,2333],"class_list":{"0":"post-68303","1":"product","2":"type-product","3":"status-publish","4":"has-post-thumbnail","6":"product_cat-larmdon-blixtljus","7":"product_cat-visonic-siren","8":"product_tag-sbsc-larmklassr","9":"product_tag-visonic-siren","10":"product_shipping_class-tunga-paket","11":"pa_brands-5visonic","12":"tm-no-options","14":"first","15":"instock","16":"sale","17":"taxable","18":"shipping-taxable","19":"purchasable","20":"product-type-simple"},"acf":[],"_links":{"self":[{"href":"https:\/\/secureus.se\/de\/wp-json\/wp\/v2\/product\/68303","targetHints":{"allow":["GET"]}}],"collection":[{"href":"https:\/\/secureus.se\/de\/wp-json\/wp\/v2\/product"}],"about":[{"href":"https:\/\/secureus.se\/de\/wp-json\/wp\/v2\/types\/product"}],"wp:featuredmedia":[{"embeddable":true,"href":"https:\/\/secureus.se\/de\/wp-json\/wp\/v2\/media\/141589"}],"wp:attachment":[{"href":"https:\/\/secureus.se\/de\/wp-json\/wp\/v2\/media?parent=68303"}],"wp:term":[{"taxonomy":"product_brand","embeddable":true,"href":"https:\/\/secureus.se\/de\/wp-json\/wp\/v2\/product_brand?post=68303"},{"taxonomy":"product_cat","embeddable":true,"href":"https:\/\/secureus.se\/de\/wp-json\/wp\/v2\/product_cat?post=68303"},{"taxonomy":"product_tag","embeddable":true,"href":"https:\/\/secureus.se\/de\/wp-json\/wp\/v2\/product_tag?post=68303"}],"curies":[{"name":"wp","href":"https:\/\/api.w.org\/{rel}","templated":true}]}}