{"id":68307,"date":"2022-11-21T17:13:43","date_gmt":"2022-11-21T16:13:43","guid":{"rendered":"https:\/\/secureus.se\/produkt\/visonic-9-103877-til-kontrolpanel-lte-868-cat4-pm-10-30-33\/"},"modified":"2026-04-14T20:38:44","modified_gmt":"2026-04-14T18:38:44","slug":"4g-visonic","status":"publish","type":"product","link":"https:\/\/secureus.se\/de\/4g-visonic\/","title":{"rendered":"Visonic 4G\/LTE-Kommunikationsmodul f\u00fcr PowerMaster 10\/30\/33"},"content":{"rendered":"<h2 data-start=\"429\" data-end=\"495\"><strong data-start=\"432\" data-end=\"495\">Visonic 4G\/LTE-Kommunikationsmodul f\u00fcr PowerMaster 10\/30\/33<\/strong><\/h2>\n<p data-start=\"497\" data-end=\"768\">Mit dem Visonic 4G\/LTE-Kommunikationsmodul k\u00f6nnen Sie Ihr bestehendes PowerMaster 10-, 30- oder 33-Alarmsystem problemlos auf moderne 4G-Kommunikation aufr\u00fcsten.<br data-start=\"630\" data-end=\"633\" \/>Das Modul ersetzt \u00e4ltere 2G- oder 3G-Module und stellt sicher, dass Ihr System auch dann noch funktioniert, wenn die \u00e4lteren Mobilfunknetze abgeschaltet werden.<\/p>\n<p data-start=\"770\" data-end=\"1024\">Die Installation ist einfach und kann selbst durchgef\u00fchrt werden. Das vorhandene Kommunikationsmodul wird entfernt und durch das neue originale Visonic 4G-Modul ersetzt, das direkt in die Zentraleinheit eingebaut wird. Eine verst\u00e4ndliche Installationsanleitung liegt bei, und es werden keine Spezialwerkzeuge ben\u00f6tigt.<\/p>\n<p data-start=\"1026\" data-end=\"1266\">Das Visonic 4G\/LTE-Modul erm\u00f6glicht eine schnelle, stabile und sichere Kommunikation sowohl f\u00fcr die Ereignismeldung als auch f\u00fcr die Fernsteuerung. Es nutzt das LTE-Netz (4G) als prim\u00e4ren Kommunikationsweg, kann aber bei Bedarf automatisch umschalten, um einen unterbrechungsfreien Betrieb zu gew\u00e4hrleisten.<\/p>\n<p data-start=\"1268\" data-end=\"1415\">Das Modul ist kompatibel mit PowerMaster 10, 30 und 33 (Version 18.04 oder h\u00f6her) und unterst\u00fctzt die Kommunikation \u00fcber die Protokolle SIA\/IP, SIA und Contact ID.<\/p>\n<hr data-start=\"1417\" data-end=\"1420\" \/>\n<h3 data-start=\"1422\" data-end=\"1453\"><strong data-start=\"1426\" data-end=\"1453\">Funktionen und Vorteile<\/strong><\/h3>\n<ul data-start=\"1454\" data-end=\"1927\">\n<li data-start=\"1454\" data-end=\"1512\">\n<p data-start=\"1456\" data-end=\"1512\">Einfaches Upgrade von 2G\/3G auf 4G\/LTE-Kommunikation<\/p>\n<\/li>\n<li data-start=\"1513\" data-end=\"1587\">\n<p data-start=\"1515\" data-end=\"1587\">Schnelle und stabile Verbindung f\u00fcr Ereignismeldungen und Fernsteuerung<\/p>\n<\/li>\n<li data-start=\"1588\" data-end=\"1660\">\n<p data-start=\"1590\" data-end=\"1660\">Kompatibel mit PowerMaster 10, 30 und 33 (Version 18.04 oder h\u00f6her)<\/p>\n<\/li>\n<li data-start=\"1661\" data-end=\"1726\">\n<p data-start=\"1663\" data-end=\"1726\">Einfache Installation \u2013 altes Modul austauschen, Anleitung im Lieferumfang enthalten<\/p>\n<\/li>\n<li data-start=\"1727\" data-end=\"1794\">\n<p data-start=\"1729\" data-end=\"1794\">Vollst\u00e4ndige Zwei-Wege-Kommunikation \u00fcber SIA\/IP, SIA und Contact ID<\/p>\n<\/li>\n<li data-start=\"1795\" data-end=\"1862\">\n<p data-start=\"1797\" data-end=\"1862\">M\u00f6glichkeit zum Anschluss einer externen Antenne zur Verbesserung der Signalst\u00e4rke<\/p>\n<\/li>\n<li data-start=\"1863\" data-end=\"1927\">\n<p data-start=\"1865\" data-end=\"1927\">Sichere und zukunftssichere L\u00f6sung f\u00fcr die Zeit nach der Abschaltung \u00e4lterer Netzwerke<\/p>\n<\/li>\n<\/ul>\n<hr data-start=\"1929\" data-end=\"1932\" \/>\n<h3 data-start=\"1934\" data-end=\"1957\"><strong data-start=\"1938\" data-end=\"1957\">Spezifikationen<\/strong><\/h3>\n<ul data-start=\"1958\" data-end=\"2329\">\n<li data-start=\"1986\" data-end=\"2044\">\n<p data-start=\"1988\" data-end=\"2044\"><strong data-start=\"1988\" data-end=\"2006\">Kommunikation:<\/strong> 4G\/LTE (kompatibel mit 2G-Fallback)<\/p>\n<\/li>\n<li data-start=\"2045\" data-end=\"2139\">\n<p data-start=\"2047\" data-end=\"2139\"><strong data-start=\"2047\" data-end=\"2072\">Kompatible Bedienfelder:<\/strong> PowerMaster 10, PowerMaster 30, PowerMaster 33 (Version \u2265 18.04)<\/p>\n<\/li>\n<li data-start=\"2140\" data-end=\"2182\">\n<p data-start=\"2142\" data-end=\"2182\"><strong data-start=\"2142\" data-end=\"2156\">Protokoll:<\/strong> SIA\/IP, SIA, Kontakt-ID<\/p>\n<\/li>\n<li data-start=\"2183\" data-end=\"2225\">\n<p data-start=\"2185\" data-end=\"2225\"><strong data-start=\"2185\" data-end=\"2199\">Montage:<\/strong> Direkt in der Zentraleinheit<\/p>\n<\/li>\n<li data-start=\"2226\" data-end=\"2268\">\n<p data-start=\"2228\" data-end=\"2268\"><strong data-start=\"2228\" data-end=\"2249\">Stromversorgung:<\/strong> \u00dcber die zentrale Einheit<\/p>\n<\/li>\n<li data-start=\"2269\" data-end=\"2297\">\n<p data-start=\"2271\" data-end=\"2297\"><strong data-start=\"2271\" data-end=\"2287\">Hersteller:<\/strong> Visonic<\/p>\n<\/li>\n<li data-start=\"2298\" data-end=\"2329\">\n<p data-start=\"2300\" data-end=\"2329\"><strong data-start=\"2300\" data-end=\"2318\">Artikelnummer:<\/strong> 9-103877<\/p>\n<\/li>\n<\/ul>\n<hr data-start=\"2331\" data-end=\"2334\" \/>\n<h3 data-start=\"2336\" data-end=\"2394\"><strong data-start=\"2340\" data-end=\"2394\">So \u00fcberpr\u00fcfen Sie die Version Ihres PowerMaster 10<\/strong><\/h3>\n<p data-start=\"2395\" data-end=\"2510\">Um sicherzustellen, dass Ihr Bedienfeld mit diesem Modul kompatibel ist (erfordert Version 18.04 oder h\u00f6her), gehen Sie wie folgt vor:<\/p>\n<ol data-start=\"2511\" data-end=\"2718\">\n<li data-start=\"2511\" data-end=\"2568\">\n<p data-start=\"2514\" data-end=\"2568\">Gehe zu <strong data-start=\"2522\" data-end=\"2543\">Installationsmen\u00fc<\/strong> auf Ihrem PowerMaster 10.<\/p>\n<\/li>\n<li data-start=\"2569\" data-end=\"2595\">\n<p data-start=\"2572\" data-end=\"2595\">W\u00e4hlen <strong data-start=\"2577\" data-end=\"2592\">Seriennummer<\/strong>.<\/p>\n<\/li>\n<li data-start=\"2596\" data-end=\"2628\">\n<p data-start=\"2599\" data-end=\"2628\">Dr\u00fccken <strong data-start=\"2608\" data-end=\"2615\">&gt;&gt;&gt;<\/strong>Schl\u00fcssel.<\/p>\n<\/li>\n<li data-start=\"2629\" data-end=\"2718\">\n<p data-start=\"2632\" data-end=\"2718\">Die letzten Ziffern auf dem Display geben die Firmware-Version an. Zum Beispiel: \u201e<em>JS702271<\/em> <strong>I18.040\u2033 = 18.04<\/strong><\/p>\n<\/li>\n<\/ol>\n<p data-start=\"2720\" data-end=\"2800\">Wenn die Version <strong data-start=\"2736\" data-end=\"2757\">18,04 oder h\u00f6her<\/strong>Ihr Bedienfeld ist mit dem 4G-Modul kompatibel.<\/p>\n<p data-start=\"2720\" data-end=\"2800\">","protected":false},"excerpt":{"rendered":"<p>Das Visonic 4G\/LTE-Kommunikationsmodul r\u00fcstet PowerMaster 10, 30 und 33 auf moderne 4G-Kommunikation auf.<br data-start=\"2958\" data-end=\"2961\" \/>Bietet eine schnelle, stabile und sichere Verbindung f\u00fcr Berichterstellung und Fernsteuerung. Einfache Installation \u2013 das vorhandene Modul wird durch das neue ersetzt. Kompatibel mit Version 18.04 oder h\u00f6her.<\/p>","protected":false},"featured_media":141344,"template":"","meta":{"_acf_changed":false},"product_brand":[],"product_cat":[3375],"product_tag":[2331],"class_list":{"0":"post-68307","1":"product","2":"type-product","3":"status-publish","4":"has-post-thumbnail","6":"product_cat-visonic-larmsandare-ip-4g","7":"product_tag-visonic-larmoverforing","8":"pa_brands-5visonic","9":"pa_farg-vit","10":"tm-no-options","12":"first","13":"instock","14":"sale","15":"featured","16":"taxable","17":"shipping-taxable","18":"purchasable","19":"product-type-simple"},"acf":[],"_links":{"self":[{"href":"https:\/\/secureus.se\/de\/wp-json\/wp\/v2\/product\/68307","targetHints":{"allow":["GET"]}}],"collection":[{"href":"https:\/\/secureus.se\/de\/wp-json\/wp\/v2\/product"}],"about":[{"href":"https:\/\/secureus.se\/de\/wp-json\/wp\/v2\/types\/product"}],"wp:featuredmedia":[{"embeddable":true,"href":"https:\/\/secureus.se\/de\/wp-json\/wp\/v2\/media\/141344"}],"wp:attachment":[{"href":"https:\/\/secureus.se\/de\/wp-json\/wp\/v2\/media?parent=68307"}],"wp:term":[{"taxonomy":"product_brand","embeddable":true,"href":"https:\/\/secureus.se\/de\/wp-json\/wp\/v2\/product_brand?post=68307"},{"taxonomy":"product_cat","embeddable":true,"href":"https:\/\/secureus.se\/de\/wp-json\/wp\/v2\/product_cat?post=68307"},{"taxonomy":"product_tag","embeddable":true,"href":"https:\/\/secureus.se\/de\/wp-json\/wp\/v2\/product_tag?post=68307"}],"curies":[{"name":"wp","href":"https:\/\/api.w.org\/{rel}","templated":true}]}}