{"id":68311,"date":"2022-11-21T17:13:27","date_gmt":"2022-11-21T16:13:27","guid":{"rendered":"https:\/\/secureus.se\/produkt\/visonic-k-305177-2-pack-mcs-740-powermax-siren-lithium-battery\/"},"modified":"2026-04-09T11:37:40","modified_gmt":"2026-04-09T09:37:40","slug":"batteripaket-for-siren-sr-740","status":"publish","type":"product","link":"https:\/\/secureus.se\/de\/batteripaket-for-siren-sr-740\/","title":{"rendered":"Akku f\u00fcr SIREN SR-740 Outdoor \u2013 Visonic"},"content":{"rendered":"<h1>Akkupack f\u00fcr Sirene SR-740 Outdoor \u2013 Zuverl\u00e4ssige Stromversorgung<\/h1>\n<p>Verbessern Sie Ihre Au\u00dfenalarmanlage mit diesem f\u00fcr die Visonic Siren SR-740 entwickelten Batteriepack.<\/p>\n<p>Mit zwei hochwertigen ER18505M Lithiumbatterien bietet dieses Paket eine zuverl\u00e4ssige und langlebige Stromversorgung f\u00fcr Ihre Au\u00dfensirene.<\/p>\n<p>Es wurde speziell f\u00fcr die Gew\u00e4hrleistung optimaler Leistung entwickelt und ist mit Visonics PowerG-Systemen kompatibel.<\/p>\n<h4>Vorteile des Akkupacks:<\/h4>\n<ul>\n<li><strong>Lange Lebensdauer<\/strong>: Mit einer Kapazit\u00e4t von 3,5 Ah haben die Akkus bei normalem Betrieb eine Lebensdauer von 2\u20133 Jahren.<\/li>\n<li><strong>Robustes Design<\/strong>: Die Batterien sind f\u00fcr einen Temperaturbetrieb von -33 \u00b0C bis 70 \u00b0C ausgelegt und somit ideal f\u00fcr raue Au\u00dfenbedingungen.<\/li>\n<li><strong>Kompatibilit\u00e4t<\/strong>: Entwickelt, um perfekt mit Siren SR-740 und anderen PowerMaster-Systemen zu passen.<\/li>\n<\/ul>\n<h3>Optimal f\u00fcr PowerG-Systeme<\/h3>\n<p>Die Sirene SR-740 ist eine leistungsstarke, kabellose Au\u00dfensirene mit fortschrittlicher PowerG-Technologie.<\/p>\n<p>Mit diesem Akkupack erhalten Sie die n\u00f6tige Energieversorgung f\u00fcr einen dauerhaften und effizienten Betrieb.<\/p>\n<p>Die Batterien lassen sich leicht installieren und austauschen, was die Wartung vereinfacht.<\/p>\n<p>Verleihen Sie Ihrer Sicherheitsl\u00f6sung mit diesem Akkupack f\u00fcr die Sirene SR-740 die Zuverl\u00e4ssigkeit, die sie verdient.<\/p>","protected":false},"excerpt":{"rendered":"<p>Der Akkupack f\u00fcr Visonic Siren SR-740 Outdoor bietet eine zuverl\u00e4ssige Stromversorgung mit langer Lebensdauer.<\/p>\n<p>Perfekt f\u00fcr PowerG-Sicherheitssysteme.<\/p>","protected":false},"featured_media":141352,"template":"","meta":{"_acf_changed":false},"product_brand":[],"product_cat":[1562,3379,3377,1862],"product_tag":[2333],"class_list":{"0":"post-68311","1":"product","2":"type-product","3":"status-publish","4":"has-post-thumbnail","6":"product_cat-larmdon-blixtljus","7":"product_cat-visonic-batteri-reservdelar","8":"product_cat-visonic-siren","9":"product_cat-batterier-knappcell","10":"product_tag-visonic-siren","11":"product_shipping_class-postnord-varubrev","12":"pa_brands-5visonic","13":"tm-no-options","15":"first","16":"outofstock","17":"sale","18":"taxable","19":"shipping-taxable","20":"purchasable","21":"product-type-simple"},"acf":[],"_links":{"self":[{"href":"https:\/\/secureus.se\/de\/wp-json\/wp\/v2\/product\/68311","targetHints":{"allow":["GET"]}}],"collection":[{"href":"https:\/\/secureus.se\/de\/wp-json\/wp\/v2\/product"}],"about":[{"href":"https:\/\/secureus.se\/de\/wp-json\/wp\/v2\/types\/product"}],"wp:featuredmedia":[{"embeddable":true,"href":"https:\/\/secureus.se\/de\/wp-json\/wp\/v2\/media\/141352"}],"wp:attachment":[{"href":"https:\/\/secureus.se\/de\/wp-json\/wp\/v2\/media?parent=68311"}],"wp:term":[{"taxonomy":"product_brand","embeddable":true,"href":"https:\/\/secureus.se\/de\/wp-json\/wp\/v2\/product_brand?post=68311"},{"taxonomy":"product_cat","embeddable":true,"href":"https:\/\/secureus.se\/de\/wp-json\/wp\/v2\/product_cat?post=68311"},{"taxonomy":"product_tag","embeddable":true,"href":"https:\/\/secureus.se\/de\/wp-json\/wp\/v2\/product_tag?post=68311"}],"curies":[{"name":"wp","href":"https:\/\/api.w.org\/{rel}","templated":true}]}}