{"id":68321,"date":"2022-11-21T17:12:55","date_gmt":"2022-11-21T16:12:55","guid":{"rendered":"https:\/\/secureus.se\/produkt\/visonic-trafopm10-internal-switching-power-supply-100v-240v-ac-7-5v-dc-1-2a-for-powermaster-10\/"},"modified":"2026-04-03T14:23:04","modified_gmt":"2026-04-03T12:23:04","slug":"power-supply-trafopm10-visonic","status":"publish","type":"product","link":"https:\/\/secureus.se\/de\/power-supply-trafopm10-visonic\/","title":{"rendered":"Internes Visonic-Netzteil f\u00fcr PowerMaster-10-Bedienfelder - Ersatzteil"},"content":{"rendered":"<h1>Netzteil TRAFOPM10 Visonic Netzteil f\u00fcr PowerMaster-10 \u2013 Zuverl\u00e4ssige Stromversorgung<\/h1>\n<p>Stellen Sie die Funktionalit\u00e4t Ihres PowerMaster-10-Bedienfelds mit dem Originalnetzteil von Visonics wieder her.<\/p>\n<p>Dieses hochwertige Ersatzteil dient zum Austausch defekter oder kaputter Netzteile und stellt die optimale Funktion Ihrer Alarmanlage sicher.<\/p>\n<h4>Vorteile der Visonics-Netzteile:<\/h4>\n<ul>\n<li><strong>Hohe Kompatibilit\u00e4t<\/strong>: Speziell f\u00fcr PowerMaster-10 Alarmsysteme entwickelt.<\/li>\n<li><strong>Stabile Leistung<\/strong>: Eingangsspannung 100\u2013240 V AC und Ausgang von 7,5 V DC \/ 1,2 A gew\u00e4hrleisten einen stabilen Betrieb.<\/li>\n<li><strong>Einfache Installation<\/strong>: Perfekt f\u00fcr den schnellen und effizienten Austausch einer defekten Einheit.<\/li>\n<\/ul>\n<h3>Ideal f\u00fcr Zuhause und das B\u00fcro<\/h3>\n<p>Egal, ob Sie Ihr PowerMaster-10-System zu Hause oder am Arbeitsplatz verwenden, dieses Netzteil ist ein wichtiger Bestandteil der Sicherheit.<\/p>\n<p>Durch den Austausch der Einheit k\u00f6nnen h\u00e4ufige Probleme behoben werden, beispielsweise, dass das Panel nicht startet oder nicht richtig funktioniert.<\/p>\n<h4>Wichtig zu beachten:<\/h4>\n<ul>\n<li>Trennen Sie die Stromversorgung, bevor Sie das Netzteil austauschen.<\/li>\n<li>Im Zweifelsfall wenden Sie sich f\u00fcr professionelle Hilfe an einen zertifizierten Alarminstallateur.<\/li>\n<\/ul>\n<p>Geben Sie Ihrer Alarmanlage mit dem PowerMaster-10-Netzteil von Visonics die zuverl\u00e4ssige Stromversorgung, die sie verdient.<\/p>","protected":false},"excerpt":{"rendered":"<p>F\u00fcr eine zuverl\u00e4ssige Stromversorgung sorgen Visonics-Netzteile f\u00fcr den PowerMaster-10.<\/p>\n<p>Ein perfektes Ersatzteil um die Funktion Ihrer Alarmanlage wiederherzustellen.<\/p>","protected":false},"featured_media":141605,"template":"","meta":{"_acf_changed":false},"product_brand":[],"product_cat":[3379],"product_tag":[2334],"class_list":{"0":"post-68321","1":"product","2":"type-product","3":"status-publish","4":"has-post-thumbnail","6":"product_cat-visonic-batteri-reservdelar","7":"product_tag-visonic-reservdel","8":"product_shipping_class-postnord-varubrev","9":"pa_brands-5visonic","10":"pa_farg-svart","11":"tm-no-options","13":"first","14":"instock","15":"sale","16":"featured","17":"taxable","18":"shipping-taxable","19":"purchasable","20":"product-type-simple"},"acf":[],"_links":{"self":[{"href":"https:\/\/secureus.se\/de\/wp-json\/wp\/v2\/product\/68321","targetHints":{"allow":["GET"]}}],"collection":[{"href":"https:\/\/secureus.se\/de\/wp-json\/wp\/v2\/product"}],"about":[{"href":"https:\/\/secureus.se\/de\/wp-json\/wp\/v2\/types\/product"}],"wp:featuredmedia":[{"embeddable":true,"href":"https:\/\/secureus.se\/de\/wp-json\/wp\/v2\/media\/141605"}],"wp:attachment":[{"href":"https:\/\/secureus.se\/de\/wp-json\/wp\/v2\/media?parent=68321"}],"wp:term":[{"taxonomy":"product_brand","embeddable":true,"href":"https:\/\/secureus.se\/de\/wp-json\/wp\/v2\/product_brand?post=68321"},{"taxonomy":"product_cat","embeddable":true,"href":"https:\/\/secureus.se\/de\/wp-json\/wp\/v2\/product_cat?post=68321"},{"taxonomy":"product_tag","embeddable":true,"href":"https:\/\/secureus.se\/de\/wp-json\/wp\/v2\/product_tag?post=68321"}],"curies":[{"name":"wp","href":"https:\/\/api.w.org\/{rel}","templated":true}]}}