{"id":68325,"date":"2022-11-21T17:12:42","date_gmt":"2022-11-21T16:12:42","guid":{"rendered":"https:\/\/secureus.se\/produkt\/visonic-powerlink3-1-plug-and-play-broadband-ip-communicator-for-central-stations\/"},"modified":"2026-03-11T16:59:35","modified_gmt":"2026-03-11T15:59:35","slug":"ip-modul-powermaster-visonic","status":"publish","type":"product","link":"https:\/\/secureus.se\/de\/ip-modul-powermaster-visonic\/","title":{"rendered":"IP-Modul Powermaster \u2013 PowerLink 3.1 \u2013 10 30 &amp; 33 \u2013 Plug &amp; Play \u2013 Visonic"},"content":{"rendered":"<h1>IP-Modul Powermaster \u2013 PowerLink 3.1 \u2013 Ein revolution\u00e4res IP-Modul f\u00fcr PowerMaster<\/h1>\n<p>Visonics PowerLink 3.1 bietet eine einfache und fortschrittliche L\u00f6sung zur Verwaltung und \u00dcberwachung von PowerMaster-Sicherheitssystemen.<\/p>\n<p>Dank der Plug &amp; Play-Funktionalit\u00e4t eignet es sich perfekt f\u00fcr Privathaushalte und Unternehmen, die ihre Sicherheit auf die n\u00e4chste Stufe heben m\u00f6chten.<\/p>\n<p>Mit dem Powerlink IP-Modul k\u00f6nnen Sie sich mit dem Netzwerk verbinden und zusammen mit Visonic-GO den Alarm \u00fcber deren Server visonic.tycomonitor.com steuern.<\/p>\n<p>Powermaster Central muss Version 18 oder h\u00f6her sein. Sie k\u00f6nnen nicht im Bedienfeld sitzen, w\u00e4hrend Sie ein Mobil-\/GPRS-Modul verwenden.<\/p>\n<h4>Funktionen, die den Unterschied machen:<\/h4>\n<ul>\n<li><strong>Einfache Installation<\/strong>: Verbinden Sie den PowerLink 3.1 mit dem Router \u2013 es ist keine weitere Konfiguration erforderlich.<\/li>\n<li><strong>Bildalarm\u00fcberpr\u00fcfung<\/strong>: Senden Sie Bilder zur Alarmzeit basierend auf der Bewegungserkennung von NEXT CAM-Detektoren.<\/li>\n<li><strong>Vollst\u00e4ndige Fernsteuerung<\/strong>: Verwalten Sie das System \u00fcber die Visonics PowerManage-Plattform und die mobile App.<\/li>\n<\/ul>\n<h3>Verbessern Sie die Sicherheit mit IP-Technologie<\/h3>\n<p>PowerLink 3.1 bietet IP-basierte Ereignismeldungen, sodass Zentralstationen Alarme problemlos in Echtzeit verarbeiten k\u00f6nnen.<\/p>\n<p>Mithilfe der Bildverifizierung k\u00f6nnen Hausbesitzer und Sicherheitspersonal schnell feststellen, ob es sich um einen echten oder einen falschen Alarm handelt, wodurch unn\u00f6tige Anrufe vermieden werden.<\/p>\n<h4>Geeignet f\u00fcr Privatpersonen und Unternehmen:<\/h4>\n<ul>\n<li>Senden Sie Bilder und Alarmereignisse per E-Mail oder auf Ihr Mobiltelefon.<\/li>\n<li>Fernkonfiguration und -wartung des PowerMaster-Systems.<\/li>\n<li>M\u00f6glichkeit zur Integration von bis zu 15 Next CAM-Detektoren f\u00fcr eine umfassende \u00dcberwachung.<\/li>\n<\/ul>\n<p>Mit PowerLink 3.1 erhalten Sie eine Komplettl\u00f6sung f\u00fcr Sicherheit und Komfort \u2013 ohne komplizierte Installationen.<\/p>","protected":false},"excerpt":{"rendered":"<p>PowerLink 3.1 ist ein IP-Modul f\u00fcr PowerMaster-Systeme, das eine einfache Fernsteuerung und IP-basierte Alarmkommunikation erm\u00f6glicht.<\/p>\n<p>Plug &amp; Play-L\u00f6sung.<\/p>\n<p>Powermaster Central muss Version 18 oder h\u00f6her sein. Sie k\u00f6nnen nicht im Bedienfeld sitzen, w\u00e4hrend Sie ein Mobil-\/GPRS-Modul verwenden.<\/p>","protected":false},"featured_media":142126,"template":"","meta":{"_acf_changed":false},"product_brand":[],"product_cat":[3375],"product_tag":[2330],"class_list":{"0":"post-68325","1":"product","2":"type-product","3":"status-publish","4":"has-post-thumbnail","6":"product_cat-visonic-larmsandare-ip-4g","7":"product_tag-visonic-manoverpanel","8":"product_shipping_class-postnord-varubrev","9":"pa_brands-5visonic","10":"tm-no-options","12":"first","13":"instock","14":"sale","15":"featured","16":"taxable","17":"shipping-taxable","18":"purchasable","19":"product-type-simple"},"acf":[],"_links":{"self":[{"href":"https:\/\/secureus.se\/de\/wp-json\/wp\/v2\/product\/68325","targetHints":{"allow":["GET"]}}],"collection":[{"href":"https:\/\/secureus.se\/de\/wp-json\/wp\/v2\/product"}],"about":[{"href":"https:\/\/secureus.se\/de\/wp-json\/wp\/v2\/types\/product"}],"wp:featuredmedia":[{"embeddable":true,"href":"https:\/\/secureus.se\/de\/wp-json\/wp\/v2\/media\/142126"}],"wp:attachment":[{"href":"https:\/\/secureus.se\/de\/wp-json\/wp\/v2\/media?parent=68325"}],"wp:term":[{"taxonomy":"product_brand","embeddable":true,"href":"https:\/\/secureus.se\/de\/wp-json\/wp\/v2\/product_brand?post=68325"},{"taxonomy":"product_cat","embeddable":true,"href":"https:\/\/secureus.se\/de\/wp-json\/wp\/v2\/product_cat?post=68325"},{"taxonomy":"product_tag","embeddable":true,"href":"https:\/\/secureus.se\/de\/wp-json\/wp\/v2\/product_tag?post=68325"}],"curies":[{"name":"wp","href":"https:\/\/api.w.org\/{rel}","templated":true}]}}