{"id":68327,"date":"2022-11-21T17:12:35","date_gmt":"2022-11-21T16:12:35","guid":{"rendered":"https:\/\/secureus.se\/produkt\/visonic-0-9912-g-battery-replacement-for-security-alarm-system-9-6v-2100-mah\/"},"modified":"2026-04-09T11:39:34","modified_gmt":"2026-04-09T09:39:34","slug":"batteri-powermax-pro-2100-9-6v-visonic","status":"publish","type":"product","link":"https:\/\/secureus.se\/de\/batteri-powermax-pro-2100-9-6v-visonic\/","title":{"rendered":"Akku Powermax Pro 1800 mAh 9,6 V Extra Power f\u00fcr Visonic"},"content":{"rendered":"<h1>Akku PowerMax Pro 9,6V 1800 mAh \u2013 Sichere und langlebige Notstromversorgung<\/h1>\n<p>Geben Sie Ihrem Visonic PowerMax Pro-Sicherheitssystem mit dieser Batterie mit hoher Kapazit\u00e4t die zuverl\u00e4ssige Notstromversorgung, die es braucht.<\/p>\n<p>Mit 1800 mAh und 9,6 V NiMH-Technologie ist es f\u00fcr eine lang anhaltende und stabile Stromversorgung ausgelegt, selbst bei Stromausf\u00e4llen.<\/p>\n<h4>Vorteile des PowerMax Pro Akkus:<\/h4>\n<ul>\n<li><strong>Lange Betriebszeit<\/strong>: Bis zu 12 Stunden Notstromversorgung bei Stromausfall.<\/li>\n<li><strong>Umweltfreundliche L\u00f6sung<\/strong>: Hergestellt aus nickelhaltigen Materialien, die das Recycling erleichtern.<\/li>\n<li><strong>Wiederaufladbarer Komfort<\/strong>: Der Akku wird von der Zentraleinheit kontinuierlich geladen, um immer einsatzbereit zu sein.<\/li>\n<\/ul>\n<h3>Perfekt f\u00fcr Zuhause und Gesch\u00e4ft<\/h3>\n<p>Diese Batterie ist mit den Alarmsystemen PowerMax Pro und PowerMax Complete kompatibel.<\/p>\n<p>Dadurch wird sichergestellt, dass Ihre Zentraleinheit auch bei unvorhergesehenen Stromausf\u00e4llen ohne Unterbrechung weiter funktioniert und Sie k\u00f6nnen sich dann auf Ruhe und Sicherheit verlassen, wenn Sie diese am meisten ben\u00f6tigen.<\/p>\n<p>Wechseln Sie zu dieser Batterie mit hoher Kapazit\u00e4t, um Ihr Sicherheitssystem zu optimieren und eine zuverl\u00e4ssige Notstroml\u00f6sung zu erhalten.<\/p>","protected":false},"excerpt":{"rendered":"<p>Wiederaufladbarer Akku f\u00fcr PowerMax Pro.<\/p>\n<p>Mit 2100 mAh Kapazit\u00e4t garantiert es bis zu 12 Stunden Betrieb bei einem Stromausfall \u2013 eine sichere Notstromversorgung.<\/p>","protected":false},"featured_media":141375,"template":"","meta":{"_acf_changed":false},"product_brand":[],"product_cat":[3379,1862],"product_tag":[2334],"class_list":{"0":"post-68327","1":"product","2":"type-product","3":"status-publish","4":"has-post-thumbnail","6":"product_cat-visonic-batteri-reservdelar","7":"product_cat-batterier-knappcell","8":"product_tag-visonic-reservdel","9":"product_shipping_class-tunga-paket","10":"pa_brands-5visonic","11":"tm-no-options","13":"first","14":"onbackorder","15":"sale","16":"taxable","17":"shipping-taxable","18":"purchasable","19":"product-type-simple"},"acf":[],"_links":{"self":[{"href":"https:\/\/secureus.se\/de\/wp-json\/wp\/v2\/product\/68327","targetHints":{"allow":["GET"]}}],"collection":[{"href":"https:\/\/secureus.se\/de\/wp-json\/wp\/v2\/product"}],"about":[{"href":"https:\/\/secureus.se\/de\/wp-json\/wp\/v2\/types\/product"}],"wp:featuredmedia":[{"embeddable":true,"href":"https:\/\/secureus.se\/de\/wp-json\/wp\/v2\/media\/141375"}],"wp:attachment":[{"href":"https:\/\/secureus.se\/de\/wp-json\/wp\/v2\/media?parent=68327"}],"wp:term":[{"taxonomy":"product_brand","embeddable":true,"href":"https:\/\/secureus.se\/de\/wp-json\/wp\/v2\/product_brand?post=68327"},{"taxonomy":"product_cat","embeddable":true,"href":"https:\/\/secureus.se\/de\/wp-json\/wp\/v2\/product_cat?post=68327"},{"taxonomy":"product_tag","embeddable":true,"href":"https:\/\/secureus.se\/de\/wp-json\/wp\/v2\/product_tag?post=68327"}],"curies":[{"name":"wp","href":"https:\/\/api.w.org\/{rel}","templated":true}]}}