{"id":68335,"date":"2022-11-21T17:12:04","date_gmt":"2022-11-21T16:12:04","guid":{"rendered":"https:\/\/secureus.se\/produkt\/visonic-tower-cam-pg2-wireless-outdoor-pir-mirror-detector-and-integrated-camera\/"},"modified":"2026-04-09T11:40:08","modified_gmt":"2026-04-09T09:40:08","slug":"tower-cam-pg2-utomhus-kamera-visonic","status":"publish","type":"product","link":"https:\/\/secureus.se\/de\/tower-cam-pg2-utomhus-kamera-visonic\/","title":{"rendered":"TOWER CAM PG2 \u2013 Au\u00dfen-PIR-Spiegeldetektor + integrierte Kamera \u2013 Visonic"},"content":{"rendered":"<h1>TOWER CAM PG2 \u2013 Erweiterte Au\u00dfensicherheit mit Kamera<\/h1>\n<p>TOWER CAM PG2 ist eine innovative L\u00f6sung f\u00fcr die Sicherheit im Au\u00dfenbereich.<\/p>\n<p>Es kombiniert erweiterte Bewegungserkennung mit einer integrierten Kamera zur sofortigen Bildverifizierung im Alarmfall.<\/p>\n<p>Perfekt f\u00fcr Haushalte und Unternehmen, die hohe Sicherheit und ein minimales Risiko von Fehlalarmen ben\u00f6tigen.<\/p>\n<h4>Hauptmerkmale:<\/h4>\n<ul>\n<li><strong>Erweiterte Erkennung<\/strong>: Octa-Quad-Technologie mit acht PIR-Sensoren f\u00fcr pr\u00e4zise Bewegungserkennung.<\/li>\n<li><strong>Bild\u00fcberpr\u00fcfung<\/strong>: Sendet bei Erkennung sofort Bilder an die Alarmzentrale, um Kosten und Fehlalarme zu reduzieren.<\/li>\n<li><strong>Robustes Design<\/strong>: Wetterfeste Konstruktion mit Manipulationsschutz und Anti-Maskierungstechnologie.<\/li>\n<\/ul>\n<h3>Einfache Installation und Verwendung<\/h3>\n<p>TOWER CAM PG2 ist f\u00fcr eine einfache Integration in PowerMaster-Systeme konzipiert.<\/p>\n<p>Seine Plug &amp; Play-Funktionen erm\u00f6glichen eine nahtlose Installation, w\u00e4hrend die Remote-Konfiguration sowohl Installateuren als auch Benutzern Zeit und Ressourcen spart.<\/p>\n<h4>Vorteile f\u00fcr Endbenutzer:<\/h4>\n<ul>\n<li>Lange Batterielebensdauer von bis zu 3 Jahren.<\/li>\n<li>Die IR-Beleuchtung der Kamera erm\u00f6glicht Bilder bei v\u00f6lliger Dunkelheit.<\/li>\n<li>Immunit\u00e4t gegen Haustiere bis zu 18 kg.<\/li>\n<\/ul>\n<p>Mit der TOWER CAM PG2 haben Sie Sicherheit und Kontrolle \u00fcber Ihre Au\u00dfensicherheit.<\/p>","protected":false},"excerpt":{"rendered":"<p>TOWER CAM PG2 ist ein fortschrittlicher PIR-Detektor f\u00fcr den Au\u00dfenbereich mit integrierter Kamera.<\/p>\n<p>Sichere Bewegungserkennung und Bildverifizierung f\u00fcr optimale Sicherheit.<\/p>","protected":false},"featured_media":141390,"template":"","meta":{"_acf_changed":false},"product_brand":[],"product_cat":[3376,3380],"product_tag":[2472,2326],"class_list":{"0":"post-68335","1":"product","2":"type-product","3":"status-publish","4":"has-post-thumbnail","6":"product_cat-visonic-larmenheter","7":"product_cat-visonic-utomhusdetektorer","8":"product_tag-sbsc-larmklassr","9":"product_tag-visonic-kamera","10":"product_shipping_class-tunga-paket","11":"pa_brands-5visonic","12":"tm-no-options","14":"first","15":"onbackorder","16":"sale","17":"taxable","18":"shipping-taxable","19":"purchasable","20":"product-type-simple"},"acf":[],"_links":{"self":[{"href":"https:\/\/secureus.se\/de\/wp-json\/wp\/v2\/product\/68335","targetHints":{"allow":["GET"]}}],"collection":[{"href":"https:\/\/secureus.se\/de\/wp-json\/wp\/v2\/product"}],"about":[{"href":"https:\/\/secureus.se\/de\/wp-json\/wp\/v2\/types\/product"}],"wp:featuredmedia":[{"embeddable":true,"href":"https:\/\/secureus.se\/de\/wp-json\/wp\/v2\/media\/141390"}],"wp:attachment":[{"href":"https:\/\/secureus.se\/de\/wp-json\/wp\/v2\/media?parent=68335"}],"wp:term":[{"taxonomy":"product_brand","embeddable":true,"href":"https:\/\/secureus.se\/de\/wp-json\/wp\/v2\/product_brand?post=68335"},{"taxonomy":"product_cat","embeddable":true,"href":"https:\/\/secureus.se\/de\/wp-json\/wp\/v2\/product_cat?post=68335"},{"taxonomy":"product_tag","embeddable":true,"href":"https:\/\/secureus.se\/de\/wp-json\/wp\/v2\/product_tag?post=68335"}],"curies":[{"name":"wp","href":"https:\/\/api.w.org\/{rel}","templated":true}]}}