{"id":68343,"date":"2022-11-21T17:11:42","date_gmt":"2022-11-21T16:11:42","guid":{"rendered":"https:\/\/secureus.se\/produkt\/visonic-k-303466-chicklets-proximity-tag-on-keychain-3-pack-multi-color\/"},"modified":"2026-04-09T11:40:50","modified_gmt":"2026-04-09T09:40:50","slug":"tag-powermaster-pg2-3pack-prox-visonic","status":"publish","type":"product","link":"https:\/\/secureus.se\/de\/tag-powermaster-pg2-3pack-prox-visonic\/","title":{"rendered":"TAG POWERMASTER PG2 3PACK \u2013 PROX Tag \u2013 Visonic"},"content":{"rendered":"<div class=\"product-information u-m-b-06\"><\/div>\n<h1 class=\"tw-data-text tw-text-large tw-ta\" dir=\"ltr\" data-placeholder=\"\u00d6vers\u00e4ttning\" data-ved=\"2ahUKEwi-9J3M9LaDAxXmTaQEHaxxC3AQ3ewLegQIBRAQ\">TAG PowerMaster PG2 3er-Pack \u2013 Einfaches und sicheres Alarmmanagement<\/h1>\n<p>Machen Sie die Verwaltung Ihres PowerMaster-Alarmsystems einfacher und sicherer mit dem TAG PowerMaster PG2.<\/p>\n<p>Diese praktischen Prox-Tags werden im 3er-Pack geliefert und erm\u00f6glichen schnellen Zugang zu Ihrem Zuhause oder Gesch\u00e4ft, ohne dass Sie sich Codes merken m\u00fcssen.<\/p>\n<h4>Vorteile von TAG PowerMaster PG2:<\/h4>\n<ul>\n<li><strong>Schnell und einfach zu bedienen<\/strong>: Halten Sie das Etikett an das Leseger\u00e4t, um das System zu aktivieren oder zu deaktivieren.<\/li>\n<li><strong>Sicherheit im Fokus<\/strong>: Bei Verlust eines Tags l\u00e4sst sich dieser ganz einfach sperren, um unbefugten Zugriff zu verhindern.<\/li>\n<li><strong>Anpassung f\u00fcr mehrere Benutzer<\/strong>: Erh\u00e4ltlich in verschiedenen Farben, sodass sich jedem Benutzer problemlos eindeutige Tags zuweisen lassen.<\/li>\n<\/ul>\n<h3>Ideal f\u00fcr Zuhause und das B\u00fcro<\/h3>\n<p>TAG PowerMaster PG2 ist mit Bedienfeldern und Tastaturen der PowerMaster-Serie ab Version 13 kompatibel.<\/p>\n<p>Sein leichtes Design und die M\u00f6glichkeit, es an einem Schl\u00fcsselbund zu befestigen, machen es praktisch f\u00fcr den t\u00e4glichen Gebrauch.<\/p>\n<p>Mit diesen Tags erhalten Sie eine intelligente und effektive L\u00f6sung f\u00fcr die Verwaltung des Zugangs und der Sicherheit in Ihren R\u00e4umlichkeiten.<\/p>","protected":false},"excerpt":{"rendered":"<p>Das TAG PowerMaster PG2 3er-Pack bietet schnellen und einfachen Zugriff auf Ihr Alarmsystem.<\/p>\n<p>Perfekt f\u00fcr Haushalte und Unternehmen mit mehreren Benutzern.<\/p>","protected":false},"featured_media":141619,"template":"","meta":{"_acf_changed":false},"product_brand":[],"product_cat":[3378],"product_tag":[2330],"class_list":{"0":"post-68343","1":"product","2":"type-product","3":"status-publish","4":"has-post-thumbnail","6":"product_cat-visonic-larmstyrning-knappsatser","7":"product_tag-visonic-manoverpanel","8":"product_shipping_class-postnord-varubrev","9":"pa_brands-5visonic","10":"tm-no-options","12":"first","13":"instock","14":"featured","15":"taxable","16":"shipping-taxable","17":"purchasable","18":"product-type-simple"},"acf":[],"_links":{"self":[{"href":"https:\/\/secureus.se\/de\/wp-json\/wp\/v2\/product\/68343","targetHints":{"allow":["GET"]}}],"collection":[{"href":"https:\/\/secureus.se\/de\/wp-json\/wp\/v2\/product"}],"about":[{"href":"https:\/\/secureus.se\/de\/wp-json\/wp\/v2\/types\/product"}],"wp:featuredmedia":[{"embeddable":true,"href":"https:\/\/secureus.se\/de\/wp-json\/wp\/v2\/media\/141619"}],"wp:attachment":[{"href":"https:\/\/secureus.se\/de\/wp-json\/wp\/v2\/media?parent=68343"}],"wp:term":[{"taxonomy":"product_brand","embeddable":true,"href":"https:\/\/secureus.se\/de\/wp-json\/wp\/v2\/product_brand?post=68343"},{"taxonomy":"product_cat","embeddable":true,"href":"https:\/\/secureus.se\/de\/wp-json\/wp\/v2\/product_cat?post=68343"},{"taxonomy":"product_tag","embeddable":true,"href":"https:\/\/secureus.se\/de\/wp-json\/wp\/v2\/product_tag?post=68343"}],"curies":[{"name":"wp","href":"https:\/\/api.w.org\/{rel}","templated":true}]}}