{"id":68347,"date":"2022-11-21T17:11:32","date_gmt":"2022-11-21T16:11:32","guid":{"rendered":"https:\/\/secureus.se\/produkt\/visonic-tower-32am-pg2-powerg-high-performance-wireless-mirror-dual-technology-detector-with-anti-masking\/"},"modified":"2026-04-09T11:41:03","modified_gmt":"2026-04-09T09:41:03","slug":"kombidetektor-tower-32-am-pg2-visonic","status":"publish","type":"product","link":"https:\/\/secureus.se\/de\/kombidetektor-tower-32-am-pg2-visonic\/","title":{"rendered":"Kombimelder TOWER-32 AM PG2 \u2013 Visonic"},"content":{"rendered":"<h1>Kombinationsmelder TOWER-32AM PG2 \u2013 Kombinationsmelder mit fortschrittlicher Sicherheitstechnologie<\/h1>\n<p>Der TOWER-32AM PG2 ist ein leistungsstarker drahtloser Detektor, der PIR- und Mikrowellentechnologie kombiniert, um Fehlalarme zu minimieren und eine zuverl\u00e4ssige Bewegungserkennung zu gew\u00e4hrleisten.<\/p>\n<p>Es eignet sich perfekt f\u00fcr gewerbliche sowie wetterfeste Installationen in Wohngeb\u00e4uden und bietet robuste Sicherheit mit einer Reihe erweiterter Funktionen.<\/p>\n<h4>Vorteile von TOWER-32AM PG2:<\/h4>\n<ul>\n<li><strong>Duale Technologie<\/strong>: Kombiniert PIR- und K-Band-Mikrowellentechnologie f\u00fcr genaue Erkennung.<\/li>\n<li><strong>Erweiterte Anti-Maskierung<\/strong>: Sch\u00fctzt vor Versuchen, die Sensoren abzudecken, z. B. durch Bespr\u00fchen oder Abdecken.<\/li>\n<li><strong>Gro\u00dfe Reichweite<\/strong>: Reichweite bis zu 15 m mit 90\u00b0-Erfassungswinkel und Kriechzone.<\/li>\n<\/ul>\n<h3>Einfache Installation und Wartung<\/h3>\n<p>Dank der PowerG-Technologie bietet der TOWER-32AM PG2 eine sichere und stabile drahtlose Verbindung.<\/p>\n<p>Die Installation verl\u00e4uft reibungslos, dank LED-Anzeige zur Anzeige der HF-Verbindungsqualit\u00e4t und die Fernkonfiguration spart sowohl Installateuren als auch Benutzern Zeit.<\/p>\n<h4>Perfekt f\u00fcr:<\/h4>\n<ul>\n<li>Wettergesch\u00fctzte Umgebungen wie Winterg\u00e4rten oder kalte Garagen.<\/li>\n<li>Anspruchsvolle kommerzielle Anwendungen.<\/li>\n<li>Installationen, bei denen haustierfreundliche Technologie erforderlich ist (immun gegen\u00fcber Haustieren bis zu 40 kg).<\/li>\n<\/ul>\n<p>Mit dem Kombimelder TOWER-32AM PG2 erhalten Sie eine zuverl\u00e4ssige und kosteng\u00fcnstige L\u00f6sung zum Einbruchschutz Ihrer R\u00e4umlichkeiten.<\/p>","protected":false},"excerpt":{"rendered":"<p>Der TOWER-32AM PG2 kombiniert PIR- und Mikrowellentechnologie f\u00fcr eine pr\u00e4zise Bewegungserkennung.<\/p>\n<p>Perfekt f\u00fcr wettergesch\u00fctzte Umgebungen und PowerMaster-Systeme.<\/p>","protected":false},"featured_media":142143,"template":"","meta":{"_acf_changed":false},"product_brand":[],"product_cat":[3376,3382],"product_tag":[2472,2332],"class_list":{"0":"post-68347","1":"product","2":"type-product","3":"status-publish","4":"has-post-thumbnail","6":"product_cat-visonic-larmenheter","7":"product_cat-rorelse-och-kamera-visonic-larmenheter","8":"product_tag-sbsc-larmklassr","9":"product_tag-visonic-rorelsedetektor","10":"product_shipping_class-tunga-paket","11":"pa_brands-5visonic","12":"tm-no-options","14":"first","15":"onbackorder","16":"sale","17":"taxable","18":"shipping-taxable","19":"purchasable","20":"product-type-simple"},"acf":[],"_links":{"self":[{"href":"https:\/\/secureus.se\/de\/wp-json\/wp\/v2\/product\/68347","targetHints":{"allow":["GET"]}}],"collection":[{"href":"https:\/\/secureus.se\/de\/wp-json\/wp\/v2\/product"}],"about":[{"href":"https:\/\/secureus.se\/de\/wp-json\/wp\/v2\/types\/product"}],"wp:featuredmedia":[{"embeddable":true,"href":"https:\/\/secureus.se\/de\/wp-json\/wp\/v2\/media\/142143"}],"wp:attachment":[{"href":"https:\/\/secureus.se\/de\/wp-json\/wp\/v2\/media?parent=68347"}],"wp:term":[{"taxonomy":"product_brand","embeddable":true,"href":"https:\/\/secureus.se\/de\/wp-json\/wp\/v2\/product_brand?post=68347"},{"taxonomy":"product_cat","embeddable":true,"href":"https:\/\/secureus.se\/de\/wp-json\/wp\/v2\/product_cat?post=68347"},{"taxonomy":"product_tag","embeddable":true,"href":"https:\/\/secureus.se\/de\/wp-json\/wp\/v2\/product_tag?post=68347"}],"curies":[{"name":"wp","href":"https:\/\/api.w.org\/{rel}","templated":true}]}}