{"id":68349,"date":"2022-11-21T17:11:29","date_gmt":"2022-11-21T16:11:29","guid":{"rendered":"https:\/\/secureus.se\/produkt\/visonic-powerg-0-102736-touch-screen-keypad-kp-160-white\/"},"modified":"2026-04-09T11:41:15","modified_gmt":"2026-04-09T09:41:15","slug":"manoverpanel-kp-160-n-visonic","status":"publish","type":"product","link":"https:\/\/secureus.se\/de\/manoverpanel-kp-160-n-visonic\/","title":{"rendered":"Bedienfeld KP-160 N PowerG \u2013 Touchscreen f\u00fcr PowerMaster Alarmsystem"},"content":{"rendered":"<h1>Zentrale KP-160 N PowerG \u2013 Reibungsloses und sicheres Alarmmanagement<\/h1>\n<p>Der KP-160 N PowerG ist ein fortschrittlicher Touchscreen, der die Verwaltung von PowerMaster-Alarmsystemen einfach und intuitiv macht.<\/p>\n<p>Mit einem gro\u00dfen grafischen Touchscreen und Unterst\u00fctzung f\u00fcr Code-Tags bietet es Sicherheit und Komfort in einem modernen Format.<\/p>\n<h4>Funktionen und Vorteile:<\/h4>\n<ul>\n<li><strong>Intuitiver Touchscreen<\/strong>: Gro\u00dfes, benutzerfreundliches Display f\u00fcr einfache Navigation und Steuerung.<\/li>\n<li><strong>Code-Tags<\/strong>: M\u00f6glichkeit zum schnellen Aktivieren und Deaktivieren von Alarmen mit einem Ausweisleser.<\/li>\n<li><strong>Partitionierung<\/strong>: Unterst\u00fctzung f\u00fcr bis zu drei Bereiche, die einzeln verwaltet werden k\u00f6nnen.<\/li>\n<li><strong>Mehrere Alarmfunktionen<\/strong>: Starten Sie Not-, Feuer- und Panikalarme mit einem einfachen Druck.<\/li>\n<li><strong>Flexibler Einsatz<\/strong>: Kann an der Wand montiert oder als tragbare Einheit verwendet werden.<\/li>\n<\/ul>\n<h3>Ideal f\u00fcr Zuhause und das B\u00fcro<\/h3>\n<p>Der KP-160 N PowerG ist f\u00fcr den Einsatz in Wohnumgebungen sowie in kleinen Unternehmen geeignet.<\/p>\n<p>Mit Funktionen wie Heimautomatisierung und Fernwartung bietet es eine Komplettl\u00f6sung f\u00fcr Sicherheit und Kontrolle.<\/p>\n<h4>Warum KP-160 N PowerG w\u00e4hlen?<\/h4>\n<ul>\n<li>Lange Batterielebensdauer von bis zu 5 Jahren.<\/li>\n<li>Manipulationsschutz f\u00fcr Batteriefach und Montagehalterung.<\/li>\n<li>Optische und akustische Warnung beim Ein-\/Aussteigen.<\/li>\n<\/ul>\n<p>Mit dem KP-160 N PowerG erhalten Sie ein Tool, das das Sicherheitsmanagement vereinfacht und f\u00fcr ein sicheres Gef\u00fchl im Alltag sorgt.<\/p>","protected":false},"excerpt":{"rendered":"<p>Der KP-160 N PowerG ist ein drahtloser Touchscreen, der die Alarmverwaltung vereinfacht.<\/p>\n<p>Dank der Unterst\u00fctzung f\u00fcr Code-Tags und Partitionierung ist es ideal f\u00fcr Privathaushalte und Unternehmen.<\/p>","protected":false},"featured_media":141224,"template":"","meta":{"_acf_changed":false},"product_brand":[],"product_cat":[3378],"product_tag":[2330],"class_list":{"0":"post-68349","1":"product","2":"type-product","3":"status-publish","4":"has-post-thumbnail","6":"product_cat-visonic-larmstyrning-knappsatser","7":"product_tag-visonic-manoverpanel","8":"product_shipping_class-tunga-paket","9":"pa_brands-5visonic","10":"tm-no-options","12":"first","13":"onbackorder","14":"sale","15":"taxable","16":"shipping-taxable","17":"purchasable","18":"product-type-simple"},"acf":[],"_links":{"self":[{"href":"https:\/\/secureus.se\/de\/wp-json\/wp\/v2\/product\/68349","targetHints":{"allow":["GET"]}}],"collection":[{"href":"https:\/\/secureus.se\/de\/wp-json\/wp\/v2\/product"}],"about":[{"href":"https:\/\/secureus.se\/de\/wp-json\/wp\/v2\/types\/product"}],"wp:featuredmedia":[{"embeddable":true,"href":"https:\/\/secureus.se\/de\/wp-json\/wp\/v2\/media\/141224"}],"wp:attachment":[{"href":"https:\/\/secureus.se\/de\/wp-json\/wp\/v2\/media?parent=68349"}],"wp:term":[{"taxonomy":"product_brand","embeddable":true,"href":"https:\/\/secureus.se\/de\/wp-json\/wp\/v2\/product_brand?post=68349"},{"taxonomy":"product_cat","embeddable":true,"href":"https:\/\/secureus.se\/de\/wp-json\/wp\/v2\/product_cat?post=68349"},{"taxonomy":"product_tag","embeddable":true,"href":"https:\/\/secureus.se\/de\/wp-json\/wp\/v2\/product_tag?post=68349"}],"curies":[{"name":"wp","href":"https:\/\/api.w.org\/{rel}","templated":true}]}}