{"id":68355,"date":"2022-11-21T17:11:09","date_gmt":"2022-11-21T16:11:09","guid":{"rendered":"https:\/\/secureus.se\/produkt\/visonic-tower-20am-pg2-powerg-wireless-outdoor-pir-motion-mirror-detector-with-anti-masking\/"},"modified":"2026-03-27T10:28:39","modified_gmt":"2026-03-27T09:28:39","slug":"detektor-tower-20-am-utomhus-visonic","status":"publish","type":"product","link":"https:\/\/secureus.se\/de\/detektor-tower-20-am-utomhus-visonic\/","title":{"rendered":"Melder TOWER-20 AM PIR-Bewegung im Freien PG2 PowerG \u2013 Visonic"},"content":{"rendered":"<h1>Detektor TOWER-20 AM PG2 \u2013 Erweiterte Bewegungserkennung f\u00fcr Au\u00dfenbereiche<\/h1>\n<p>TOWER-20 AM PG2 ist ein drahtloser PIR-Detektor, der f\u00fcr maximale Sicherheit im Au\u00dfenbereich sorgt.<\/p>\n<p>Mit Spiegeloptik und erweiterter Anti-Masking-Funktion sch\u00fctzt es Ihr Zuhause oder Ihr Unternehmen vor potenziellen Bedrohungen, ohne Fehlalarme auszul\u00f6sen.<\/p>\n<h4>Hauptmerkmale:<\/h4>\n<ul>\n<li><strong>Fortschrittliche Technologie<\/strong>: Octa-Quad\u2122-Technologie mit acht PIR-Sensoren f\u00fcr pr\u00e4zise Erkennung.<\/li>\n<li><strong>Abdeck\u00fcberwachung<\/strong>: Sch\u00fctzt vor Manipulationsversuchen am Melder.<\/li>\n<li><strong>Robustes Design<\/strong>: Wetterfest mit IP55-Zertifizierung und Vandalismusschutz.<\/li>\n<\/ul>\n<h3>Perfekt f\u00fcr Zuhause und das B\u00fcro<\/h3>\n<p>Der TOWER-20 AM PG2 bietet eine Abdeckung von 12\u00d712 m mit einem 90\u00b0-Winkel und ist somit ideal f\u00fcr gro\u00dfe Au\u00dfenbereiche.<\/p>\n<p>Es ist immun gegen Fehlalarme durch Haustiere (bis 18 kg), Sonnenlicht und Witterungseinfl\u00fcsse und stellt somit eine zuverl\u00e4ssige Sicherheitsl\u00f6sung dar.<\/p>\n<h4>Vorteile:<\/h4>\n<ul>\n<li>Einfache Installation mit LED-Signalst\u00e4rkeanzeige.<\/li>\n<li>Batterielebensdauer bis zu 3 Jahre.<\/li>\n<li>Kompatibilit\u00e4t mit PowerMaster-Systemen ab Version 16.<\/li>\n<\/ul>\n<p>Mit dem Melder TOWER-20 AM PG2 erhalten Sie eine leistungsstarke und zuverl\u00e4ssige L\u00f6sung zur Absicherung Ihres Au\u00dfenbereichs.<\/p>","protected":false},"excerpt":{"rendered":"<p>TOWER-20 AM PG2 ist ein drahtloser PIR-Detektor f\u00fcr den Au\u00dfenbereich.<\/p>\n<p>Mit erweitertem Abdeck- und Falschalarmschutz ist es ideal f\u00fcr die Sicherheit.<\/p>","protected":false},"featured_media":142148,"template":"","meta":{"_acf_changed":false},"product_brand":[],"product_cat":[3376,3380],"product_tag":[3152,2472,2332],"class_list":{"0":"post-68355","1":"product","2":"type-product","3":"status-publish","4":"has-post-thumbnail","6":"product_cat-visonic-larmenheter","7":"product_cat-visonic-utomhusdetektorer","8":"product_tag-cr123-tillbehor","9":"product_tag-sbsc-larmklassr","10":"product_tag-visonic-rorelsedetektor","11":"product_shipping_class-tunga-paket","12":"pa_brands-5visonic","13":"tm-no-options","15":"first","16":"outofstock","17":"sale","18":"taxable","19":"shipping-taxable","20":"purchasable","21":"product-type-simple"},"acf":[],"_links":{"self":[{"href":"https:\/\/secureus.se\/de\/wp-json\/wp\/v2\/product\/68355","targetHints":{"allow":["GET"]}}],"collection":[{"href":"https:\/\/secureus.se\/de\/wp-json\/wp\/v2\/product"}],"about":[{"href":"https:\/\/secureus.se\/de\/wp-json\/wp\/v2\/types\/product"}],"wp:featuredmedia":[{"embeddable":true,"href":"https:\/\/secureus.se\/de\/wp-json\/wp\/v2\/media\/142148"}],"wp:attachment":[{"href":"https:\/\/secureus.se\/de\/wp-json\/wp\/v2\/media?parent=68355"}],"wp:term":[{"taxonomy":"product_brand","embeddable":true,"href":"https:\/\/secureus.se\/de\/wp-json\/wp\/v2\/product_brand?post=68355"},{"taxonomy":"product_cat","embeddable":true,"href":"https:\/\/secureus.se\/de\/wp-json\/wp\/v2\/product_cat?post=68355"},{"taxonomy":"product_tag","embeddable":true,"href":"https:\/\/secureus.se\/de\/wp-json\/wp\/v2\/product_tag?post=68355"}],"curies":[{"name":"wp","href":"https:\/\/api.w.org\/{rel}","templated":true}]}}