{"id":68369,"date":"2022-11-21T17:10:18","date_gmt":"2022-11-21T16:10:18","guid":{"rendered":"https:\/\/secureus.se\/produkt\/visonic-tower-32am-pg2-powerg-high-performance-wireless-pir-mirror-dual-technology-detector-with-anti-masking\/"},"modified":"2026-04-09T11:37:03","modified_gmt":"2026-04-09T09:37:03","slug":"detektor-tower-32am-kombi-visonic","status":"publish","type":"product","link":"https:\/\/secureus.se\/de\/detektor-tower-32am-kombi-visonic\/","title":{"rendered":"Melder TOWER-32AM Kombimelder K9-90 PG2 \u2013 Visonic"},"content":{"rendered":"<h1>TOWER-32AM PG2 \u2013 Fortschrittlicher Kombidetektor f\u00fcr sicherere Umgebungen<\/h1>\n<p>Der TOWER-32AM PG2 ist ein leistungsstarker drahtloser Kombinationsmelder, der sowohl f\u00fcr die Installation in Wohn- als auch in Gesch\u00e4ftsgeb\u00e4uden konzipiert ist.<\/p>\n<p>Dank fortschrittlicher PIR- und Mikrowellentechnologie bietet es hohe Pr\u00e4zision und ein minimales Risiko von Fehlalarmen.<\/p>\n<h4>Funktionen und Vorteile:<\/h4>\n<ul>\n<li><strong>Duale Technologie<\/strong>: PIR und K-Band-Mikrowelle f\u00fcr genaue Erkennung.<\/li>\n<li><strong>Abdeck\u00fcberwachung<\/strong>: Sch\u00fctzt vor Manipulationen der Sensoren.<\/li>\n<li><strong>Tierimmunit\u00e4t<\/strong>: H\u00e4lt Haustieren bis zu 40 kg stand, was Fehlalarme minimiert.<\/li>\n<li><strong>Robustes Design<\/strong>: Vandalensicher mit V-Slot-Technologie.<\/li>\n<\/ul>\n<h3>Perfekt f\u00fcr Zuhause und das B\u00fcro<\/h3>\n<p>Der TOWER-32AM PG2 ist mit PowerMaster-Systemen kompatibel und bietet eine einfache Installation und Fernwartung.<\/p>\n<p>Sein geringer Stromverbrauch gew\u00e4hrleistet eine lange Batterielebensdauer und hohe Zuverl\u00e4ssigkeit.<\/p>\n<h4>Vorteile:<\/h4>\n<ul>\n<li>Deckt bis zu 15 m mit einem 90\u00b0-Winkel ab.<\/li>\n<li>Angepasst f\u00fcr raue Umgebungen und extreme Temperaturen.<\/li>\n<li>Erf\u00fcllt EN 50131-2-4 Grad 2 Klasse II.<\/li>\n<\/ul>\n<p>Mit dem TOWER-32AM PG2 erhalten Sie eine Sicherheitsl\u00f6sung, die zuverl\u00e4ssige Leistung und Sicherheit in allen Umgebungen bietet.<\/p>","protected":false},"excerpt":{"rendered":"<p>TOWER-32AM PG2 ist ein kabelloser Kombinationsmelder mit fortschrittlicher Technologie.<\/p>\n<p>Perfekt f\u00fcr die Sicherheit in Wohn- und Gesch\u00e4ftsumgebungen.<\/p>","protected":false},"featured_media":141413,"template":"","meta":{"_acf_changed":false},"product_brand":[],"product_cat":[3376,3382],"product_tag":[2472,2332],"class_list":{"0":"post-68369","1":"product","2":"type-product","3":"status-publish","4":"has-post-thumbnail","6":"product_cat-visonic-larmenheter","7":"product_cat-rorelse-och-kamera-visonic-larmenheter","8":"product_tag-sbsc-larmklassr","9":"product_tag-visonic-rorelsedetektor","10":"product_shipping_class-tunga-paket","11":"pa_brands-5visonic","12":"tm-no-options","14":"first","15":"onbackorder","16":"sale","17":"taxable","18":"shipping-taxable","19":"purchasable","20":"product-type-simple"},"acf":[],"_links":{"self":[{"href":"https:\/\/secureus.se\/de\/wp-json\/wp\/v2\/product\/68369","targetHints":{"allow":["GET"]}}],"collection":[{"href":"https:\/\/secureus.se\/de\/wp-json\/wp\/v2\/product"}],"about":[{"href":"https:\/\/secureus.se\/de\/wp-json\/wp\/v2\/types\/product"}],"wp:featuredmedia":[{"embeddable":true,"href":"https:\/\/secureus.se\/de\/wp-json\/wp\/v2\/media\/141413"}],"wp:attachment":[{"href":"https:\/\/secureus.se\/de\/wp-json\/wp\/v2\/media?parent=68369"}],"wp:term":[{"taxonomy":"product_brand","embeddable":true,"href":"https:\/\/secureus.se\/de\/wp-json\/wp\/v2\/product_brand?post=68369"},{"taxonomy":"product_cat","embeddable":true,"href":"https:\/\/secureus.se\/de\/wp-json\/wp\/v2\/product_cat?post=68369"},{"taxonomy":"product_tag","embeddable":true,"href":"https:\/\/secureus.se\/de\/wp-json\/wp\/v2\/product_tag?post=68369"}],"curies":[{"name":"wp","href":"https:\/\/api.w.org\/{rel}","templated":true}]}}