{"id":68837,"date":"2022-11-21T12:56:02","date_gmt":"2022-11-21T11:56:02","guid":{"rendered":"https:\/\/secureus.se\/produkt\/poeswitch-4-port-battbackup\/"},"modified":"2026-04-08T16:47:33","modified_gmt":"2026-04-08T14:47:33","slug":"poeswitch-4-port-battbackup","status":"publish","type":"product","link":"https:\/\/secureus.se\/de\/poeswitch-4-port-battbackup\/","title":{"rendered":"Poeswitch 4 Port Battbackup"},"content":{"rendered":"<p>Netzspannung wird durch eine gr\u00fcne LED und Fehler durch eine rote LED auf der Vorderseite angezeigt, Alarmrelais. Kann mit Alarmkarten f\u00fcr zus\u00e4tzliche Fehleralarme und Sabotagekontakten in vorgebohrten L\u00f6chern ausgestattet werden. Das Ger\u00e4t ist gegen \u00dcberlastung und Kurzschluss gesch\u00fctzt und verf\u00fcgt \u00fcber einen eingebauten Schutz gegen Tiefentladung der Batterien. Netz, Last, Batterie sind durch Sicherungen gesch\u00fctzt. Erf\u00fcllt sowohl IEEE802.3af als auch IEEE802.3at. und kann bis zu 25 W\/Port liefern<\/p>","protected":false},"excerpt":{"rendered":"<p>Netzspannung wird durch eine gr\u00fcne LED und Fehler durch eine rote LED auf der Vorderseite angezeigt, Alarmrelais. Kann mit Alarmkarten f\u00fcr zus\u00e4tzliche Fehleralarme und Sabotagekontakten in vorgebohrten L\u00f6chern ausgestattet werden. Das Ger\u00e4t ist gegen \u00dcberlastung gesch\u00fctzt,<\/p>","protected":false},"featured_media":141530,"template":"","meta":{"_acf_changed":false},"product_brand":[],"product_cat":[2123],"product_tag":[],"class_list":{"0":"post-68837","1":"product","2":"type-product","3":"status-publish","4":"has-post-thumbnail","6":"product_cat-poe-switch-med-batteribackup","7":"product_shipping_class-tunga-paket","8":"pa_brands-swansons","9":"tm-no-options","11":"first","12":"instock","13":"sale","14":"taxable","15":"shipping-taxable","16":"purchasable","17":"product-type-simple"},"acf":[],"_links":{"self":[{"href":"https:\/\/secureus.se\/de\/wp-json\/wp\/v2\/product\/68837","targetHints":{"allow":["GET"]}}],"collection":[{"href":"https:\/\/secureus.se\/de\/wp-json\/wp\/v2\/product"}],"about":[{"href":"https:\/\/secureus.se\/de\/wp-json\/wp\/v2\/types\/product"}],"wp:featuredmedia":[{"embeddable":true,"href":"https:\/\/secureus.se\/de\/wp-json\/wp\/v2\/media\/141530"}],"wp:attachment":[{"href":"https:\/\/secureus.se\/de\/wp-json\/wp\/v2\/media?parent=68837"}],"wp:term":[{"taxonomy":"product_brand","embeddable":true,"href":"https:\/\/secureus.se\/de\/wp-json\/wp\/v2\/product_brand?post=68837"},{"taxonomy":"product_cat","embeddable":true,"href":"https:\/\/secureus.se\/de\/wp-json\/wp\/v2\/product_cat?post=68837"},{"taxonomy":"product_tag","embeddable":true,"href":"https:\/\/secureus.se\/de\/wp-json\/wp\/v2\/product_tag?post=68837"}],"curies":[{"name":"wp","href":"https:\/\/api.w.org\/{rel}","templated":true}]}}