{"id":69219,"date":"2022-11-21T12:05:34","date_gmt":"2022-11-21T11:05:34","guid":{"rendered":"https:\/\/secureus.se\/produkt\/nataggregat-trafo-agg-12v-2a\/"},"modified":"2026-04-23T10:45:01","modified_gmt":"2026-04-23T08:45:01","slug":"nataggregat-trafo-agg-12v-2a","status":"publish","type":"product","link":"https:\/\/secureus.se\/de\/nataggregat-trafo-agg-12v-2a\/","title":{"rendered":"Netzteil Transformator B2 12V 2A Milleteknik AGG 1220-B2"},"content":{"rendered":"<p>Netzteil B2 ist ein verriegelbares, gekapseltes 12 VDC\/2A geschaltetes, stabilisiertes Netzteil. Stabilisierte geregelte Spannung. Einstellbare Ausgangsspannung +-10%. 1 thermisch gesch\u00fctzter Ausgang. Abschlie\u00dfbar mit Fl\u00fcgelt\u00fcr. 2 Kabeleinf\u00fchrungen. Zugentlastung.<br \/>\nSpannung 12 V. Dauerstrom: 2,1 A<br \/>\nSpitzenstrom: 2,5 A<br \/>\nLeistung: 25W<br \/>\nWelligkeit: 120 mV pp<br \/>\nAusgangsspannung einstellbar: +\/-10%<br \/>\nEffizienz: 86 %<br \/>\nArbeitstemperatur: -20 \u2013 +50 \u00b0C<br \/>\nIP-Klasse: 20<br \/>\nAbmessungen (HxBxT): 130x70x60 mm<br \/>\nGewicht: 0,4 kg<br \/>\nAnzahl Kabeleinf\u00fchrungen: 2 Stk<br \/>\nFarbe: Wei\u00df<br \/>\nHerkunftsland: Schweden<\/p>","protected":false},"excerpt":{"rendered":"<p>Stabilisierte, geregelte Ausgangsspannung. 1 thermisch gesch\u00fctzter Ausgang. 2 Kabeleinf\u00fchrungen.<\/p>","protected":false},"featured_media":141661,"template":"","meta":{"_acf_changed":false},"product_brand":[],"product_cat":[1498],"product_tag":[2419],"class_list":{"0":"post-69219","1":"product","2":"type-product","3":"status-publish","4":"has-post-thumbnail","6":"product_cat-transformatorer","7":"product_tag-rel-batteri","8":"product_shipping_class-tunga-paket","9":"pa_brands-milleteknik","10":"tm-no-options","12":"first","13":"instock","14":"sale","15":"featured","16":"taxable","17":"shipping-taxable","18":"purchasable","19":"product-type-simple"},"acf":[],"_links":{"self":[{"href":"https:\/\/secureus.se\/de\/wp-json\/wp\/v2\/product\/69219","targetHints":{"allow":["GET"]}}],"collection":[{"href":"https:\/\/secureus.se\/de\/wp-json\/wp\/v2\/product"}],"about":[{"href":"https:\/\/secureus.se\/de\/wp-json\/wp\/v2\/types\/product"}],"wp:featuredmedia":[{"embeddable":true,"href":"https:\/\/secureus.se\/de\/wp-json\/wp\/v2\/media\/141661"}],"wp:attachment":[{"href":"https:\/\/secureus.se\/de\/wp-json\/wp\/v2\/media?parent=69219"}],"wp:term":[{"taxonomy":"product_brand","embeddable":true,"href":"https:\/\/secureus.se\/de\/wp-json\/wp\/v2\/product_brand?post=69219"},{"taxonomy":"product_cat","embeddable":true,"href":"https:\/\/secureus.se\/de\/wp-json\/wp\/v2\/product_cat?post=69219"},{"taxonomy":"product_tag","embeddable":true,"href":"https:\/\/secureus.se\/de\/wp-json\/wp\/v2\/product_tag?post=69219"}],"curies":[{"name":"wp","href":"https:\/\/api.w.org\/{rel}","templated":true}]}}