{"id":69407,"date":"2022-11-28T13:13:05","date_gmt":"2022-11-28T12:13:05","guid":{"rendered":"https:\/\/secureus.se\/produkt\/kombidetektor-husdjur-12m-tradlos-vit\/"},"modified":"2026-04-02T10:43:41","modified_gmt":"2026-04-02T08:43:41","slug":"ajax-motionprotect-plus-husdjur-vit","status":"publish","type":"product","link":"https:\/\/secureus.se\/de\/ajax-motionprotect-plus-husdjur-vit\/","title":{"rendered":"Ajax MotionProtect Plus Kombinationsmelder \u2013 IR+Mikrowelle \u2013 Wei\u00df \u2013 F\u00fcr rauere Umgebungen"},"content":{"rendered":"<h3><strong>Ajax MotionProtect Plus \u2013 Der perfekte Bewegungsmelder f\u00fcr Zuhause und B\u00fcro<\/strong><\/h3>\n<p>Ajax MotionProtect Plus ist ein innovativer und zuverl\u00e4ssiger kabelloser Bewegungsmelder, der h\u00f6chste Sicherheit f\u00fcr Ihr Zuhause oder Ihr Unternehmen bietet.<\/p>\n<p>Ausgestattet mit einem PIR-Sensor (Passiv-Infrarot-Sensor) und einem Mikrowellensensor kann MotionProtect Plus Bewegungen schnell und effektiv erkennen, selbst in anspruchsvollen Umgebungen mit St\u00f6rungen wie Klimaanlagen, offenen Flammen oder flackernden Lichtern.<\/p>\n<p>Seine fortschrittliche Technologie macht es zur perfekten Wahl, um eine zuverl\u00e4ssige und genaue Erkennung zu gew\u00e4hrleisten, ohne Fehlalarme auszul\u00f6sen.<\/p>\n<p><strong>Fortschrittliche Technologie f\u00fcr \u00fcberlegene Erkennung<\/strong><\/p>\n<p>MotionProtect Plus kombiniert zwei Erkennungssysteme \u2013 PIR-Sensoren und Mikrowellensensoren \u2013 was eine sehr hohe Genauigkeit bei der Erkennung menschlicher Bewegungen erm\u00f6glicht.<\/p>\n<p>Der PIR-Sensor reagiert auf Temperaturunterschiede, w\u00e4hrend der Mikrowellensensor St\u00f6rungen durch Klimaanlage, Vorh\u00e4nge, Blendung oder Reflexionen herausfiltert.<\/p>\n<p>Diese Kombination erm\u00f6glicht es dem Ger\u00e4t, zwischen echten Bedrohungen und potenziellen St\u00f6rungen zu unterscheiden und so das Risiko von Fehlalarmen zu verringern.<\/p>\n<p><strong>Haustiersichere Erkennung<\/strong><\/p>\n<p>Eine der bemerkenswertesten Eigenschaften von MotionProtect Plus ist die Haustierimmunit\u00e4t.<\/p>\n<p>Es ist so konzipiert, dass es Bewegungen von Haustieren mit einem Gewicht von bis zu 20 kg und einer K\u00f6rpergr\u00f6\u00dfe von bis zu 50 cm ignoriert und sich daher ideal f\u00fcr Haushalte mit Tieren eignet.<\/p>\n<p>Dies verringert das Risiko von Fehlalarmen durch Haustiere und erm\u00f6glicht den Einsatz des Melders in Haushalten mit kleinen und gro\u00dfen Haustieren.<\/p>\n<p><strong>Zuverl\u00e4ssige und langlebige Leistung<\/strong><\/p>\n<p>MotionProtect Plus hat eine lange Batterielebensdauer von bis zu 5 Jahren, was bedeutet, dass Sie es einstellen und vergessen k\u00f6nnen, ohne die Batterien h\u00e4ufig wechseln zu m\u00fcssen.<\/p>\n<p>Der Detektor ist au\u00dferdem mit einem fortschrittlichen Energiemanagement ausgestattet, was ihn \u00fcber einen langen Zeitraum langlebig und zuverl\u00e4ssig macht.<\/p>\n<p>Es ist mit allen Ajax-Hubs kompatibel und arbeitet nahtlos mit dem Rest des Sicherheitssystems zusammen, um umfassenden Schutz zu bieten.<\/p>\n<p><strong>Sichere Kommunikation und Manipulationsschutz<\/strong><\/p>\n<p>Um sicherzustellen, dass Ihre Sicherheit nicht durch St\u00f6rungen gef\u00e4hrdet wird, nutzt MotionProtect Plus die Jeweler-Funktechnologie von Ajax.<\/p>\n<p>Dies erm\u00f6glicht eine effektive Kommunikation mit dem Ajax-Hub und anderen Ger\u00e4ten, auch aus gr\u00f6\u00dferer Entfernung.<\/p>\n<p>Es ist au\u00dferdem mit einem Manipulations- und Manipulationserkennungssystem ausgestattet, das sofort alarmiert, wenn jemand versucht, das Ger\u00e4t zu manipulieren.<\/p>\n<p>Die gesamte Kommunikation wird mit dem AES-Algorithmus verschl\u00fcsselt, wodurch das System vor unbefugtem Zugriff und Abh\u00f6ren gesch\u00fctzt ist.<\/p>\n<p><strong>Installation und Konfiguration<\/strong><\/p>\n<p>Ajax MotionProtect Plus ist einfach zu installieren und zu konfigurieren. Es wird mit einer vorinstallierten CR123A-Batterie geliefert und kann \u00fcber die Ajax-Anwendung durch Scannen des QR-Codes schnell mit dem System verbunden werden.<\/p>\n<p>Durch die Verwendung der SmartBracket-Montageplatte kann das Ger\u00e4t an einer vertikalen Fl\u00e4che oder in einer Ecke befestigt werden, was eine schnelle und flexible Installation erm\u00f6glicht.<\/p>\n<p>Um die bestm\u00f6gliche Leistung sicherzustellen, k\u00f6nnen Sie auch Signalst\u00e4rketests durchf\u00fchren und den Erfassungsbereich des Detektors anpassen.<\/p>\n<p><strong>Technische Spezifikationen:<\/strong><\/p>\n<ul>\n<li><strong>Art des Detektors:<\/strong> Drahtloser Kombimelder mit PIR- und Mikrowellensensor<\/li>\n<li><strong>Bewegungserkennungsentfernung:<\/strong> Bis zu 12 Meter<\/li>\n<li><strong>Erfassungswinkel:<\/strong> Horizontal \u2013 88,5\u00b0, Vertikal \u2013 80\u00b0<\/li>\n<li><strong>Alarmlieferzeit:<\/strong> 0,15 Sekunden<\/li>\n<li><strong>Empfindlichkeit:<\/strong> Einstellbar, 3 Stufen<\/li>\n<li><strong>Haustiersicherheit:<\/strong> Bis 20 kg, K\u00f6rpergr\u00f6\u00dfe bis 50 cm<\/li>\n<li><strong>Stromversorgung:<\/strong> CR123A-Batterie (vorinstalliert)<\/li>\n<li><strong>Akkulaufzeit:<\/strong> Bis zu 5 Jahre<\/li>\n<li><strong>Kommunikationsprotokoll:<\/strong> Juwelier<\/li>\n<li><strong>Betriebstemperatur:<\/strong> -10\u00b0C bis +40\u00b0C<\/li>\n<li><strong>Luftfeuchtigkeit:<\/strong> Bis zu 75%<\/li>\n<li><strong>Abmessungen:<\/strong> 110 \u00d7 65 \u00d7 50 mm<\/li>\n<li><strong>Gewicht:<\/strong> 96 g<\/li>\n<\/ul>\n<p><strong>Inhalt des Pakets:<\/strong><\/p>\n<ul>\n<li>MotionProtect Plus Bewegungsmelder<\/li>\n<li>SmartBracket-Montageplatte<\/li>\n<li>CR123A-Batterie (vorinstalliert)<\/li>\n<li>Installationssatz<\/li>\n<li>Benutzerhandbuch<\/li>\n<\/ul>\n<p><strong>Abschluss:<\/strong><\/p>\n<p>Ajax MotionProtect Plus ist eine zuverl\u00e4ssige und flexible L\u00f6sung zur Gew\u00e4hrleistung der Bewegungserkennung und Haustierimmunit\u00e4t in Ihrem Zuhause oder Unternehmen.<\/p>\n<p>Mit seinen erweiterten Funktionen, der langen Akkulaufzeit und den robusten Sicherheitsprotokollen bietet es einen wirksamen und dauerhaften Schutz vor Eindringlingen.<\/p>\n<p>Durch das Herausfiltern von St\u00f6rungen und das Ignorieren von Haustieren bietet MotionProtect Plus eine genaue und zuverl\u00e4ssige Erkennung f\u00fcr alle Arten von Umgebungen.<\/p>","protected":false},"excerpt":{"rendered":"<p>Ajax MotionProtect Plus ist ein fortschrittlicher kabelloser Kombimelder mit Mikrowellensensor und Haustierimmunit\u00e4t.<\/p>\n<p>Es erkennt Bewegungen und filtert St\u00f6rungen durch Klimaanlagen und Lichtflimmern heraus, mit einer Reichweite von bis zu 12 Metern.<\/p>","protected":false},"featured_media":155434,"template":"","meta":{"_acf_changed":false},"product_brand":[],"product_cat":[3156,1319],"product_tag":[3152,3127,2137,4863],"class_list":{"0":"post-69407","1":"product","2":"type-product","3":"status-publish","4":"has-post-thumbnail","6":"product_cat-rorelse-och-kamera","7":"product_cat-ajax-larm","8":"product_tag-cr123-tillbehor","9":"product_tag-kontrollprodukt","10":"product_tag-lager-ajax","11":"product_tag-pf","12":"product_shipping_class-postnord-varubrev","13":"pa_ajax-tradlosa-larm-detektorer","14":"pa_brands-ajax-systems","15":"pa_color-vit","16":"pa_farg-vit","17":"tm-no-options","19":"first","20":"instock","21":"sale","22":"featured","23":"taxable","24":"shipping-taxable","25":"purchasable","26":"product-type-simple"},"acf":[],"_links":{"self":[{"href":"https:\/\/secureus.se\/de\/wp-json\/wp\/v2\/product\/69407","targetHints":{"allow":["GET"]}}],"collection":[{"href":"https:\/\/secureus.se\/de\/wp-json\/wp\/v2\/product"}],"about":[{"href":"https:\/\/secureus.se\/de\/wp-json\/wp\/v2\/types\/product"}],"wp:featuredmedia":[{"embeddable":true,"href":"https:\/\/secureus.se\/de\/wp-json\/wp\/v2\/media\/155434"}],"wp:attachment":[{"href":"https:\/\/secureus.se\/de\/wp-json\/wp\/v2\/media?parent=69407"}],"wp:term":[{"taxonomy":"product_brand","embeddable":true,"href":"https:\/\/secureus.se\/de\/wp-json\/wp\/v2\/product_brand?post=69407"},{"taxonomy":"product_cat","embeddable":true,"href":"https:\/\/secureus.se\/de\/wp-json\/wp\/v2\/product_cat?post=69407"},{"taxonomy":"product_tag","embeddable":true,"href":"https:\/\/secureus.se\/de\/wp-json\/wp\/v2\/product_tag?post=69407"}],"curies":[{"name":"wp","href":"https:\/\/api.w.org\/{rel}","templated":true}]}}