{"id":69414,"date":"2022-11-28T13:13:05","date_gmt":"2022-11-28T12:13:05","guid":{"rendered":"https:\/\/secureus.se\/produkt\/monteringsfaste-ir-detektor-vit\/"},"modified":"2026-03-10T11:02:24","modified_gmt":"2026-03-10T10:02:24","slug":"ajax-faste-ir-detektor-vit","status":"publish","type":"product","link":"https:\/\/secureus.se\/de\/ajax-faste-ir-detektor-vit\/","title":{"rendered":"Ajax Smart Bracket Ersatzteil Montagehalterung \/ Zubeh\u00f6r MotionProtect"},"content":{"rendered":"<h3><strong>Ajax Smart Bracket Montagehalterung f\u00fcr Bewegungsmelder mit IR-Sensor<\/strong><\/h3>\n<p>Die Ajax Smart Bracket ist das ultimative Zubeh\u00f6r f\u00fcr die Installation von Ajax-Bewegungsmeldern und wurde speziell zur Optimierung der Platzierung von Ger\u00e4ten wie MotionProtect mit IR-Sensoren entwickelt.<\/p>\n<p>Mit dieser Montagehalterung erhalten Sie eine sichere, stabile und flexible Installation, sodass Sie Ihren Bewegungsmelder f\u00fcr maximalen Schutz einfach an der besten Stelle platzieren k\u00f6nnen.<\/p>\n<p>Unabh\u00e4ngig davon, ob Sie Melder zu Hause oder im B\u00fcro installieren, sorgt die Smart Bracket f\u00fcr einen zuverl\u00e4ssigen und langlebigen Betrieb.<\/p>\n<p><strong>Vorteile der Ajax Smart Bracket Montagehalterung<\/strong><\/p>\n<p>Smart Bracket erm\u00f6glicht eine reibungslose und schnelle Installation von Ajax MotionProtect-Bewegungsmeldern.<\/p>\n<p>Um den Detektor zu installieren, entfernen Sie die Smart Bracket-Montageplatte vom Ger\u00e4t und befestigen Sie sie an einer vertikalen Oberfl\u00e4che oder in einer Ecke des Raums.<\/p>\n<p>Sie k\u00f6nnen doppelseitiges Klebeband oder andere tempor\u00e4re Befestigungsmittel verwenden.<\/p>\n<p>Die empfohlene Installationsh\u00f6he betr\u00e4gt 2,4 Meter, wodurch der Melder die beste Abdeckung und Erkennung in Ihrem Sicherheitssystem bietet.<\/p>\n<p>Ein wichtiges Merkmal der Smart Bracket ist, dass sie Flexibilit\u00e4t beim Testen der Signalst\u00e4rke bietet.<\/p>\n<p>Durch die Durchf\u00fchrung von Signalst\u00e4rketests \u00fcber die Ajax-App k\u00f6nnen Sie ganz einfach \u00fcberpr\u00fcfen, ob die Signalst\u00e4rke ausreicht, um sicherzustellen, dass Ihr Bewegungsmelder optimal funktioniert.<\/p>\n<p>Sollte die Signalst\u00e4rke zu gering sein, kann eine einfache Anpassung der Ger\u00e4teposition den Empfang deutlich verbessern.<\/p>\n<p><strong>Optimale Erkennung und Anpassung des Erkennungsbereichs<\/strong><\/p>\n<p>Um sicherzustellen, dass der Bewegungsmelder den richtigen Bereich abdeckt, k\u00f6nnen Sie einen Erkennungszonentest durchf\u00fchren.<\/p>\n<p>W\u00e4hrend dieses Tests k\u00f6nnen Sie durch den Raum gehen und die LEDs am Ger\u00e4t beobachten, um zu sehen, ob es Bewegungen wie erwartet erkennt.<\/p>\n<p>Die maximale Erfassungsreichweite f\u00fcr Bewegungsmelder betr\u00e4gt 12 Meter. Durch Testen und Anpassen k\u00f6nnen Sie die Feinabstimmung vornehmen, um die bestm\u00f6gliche Abdeckung und zuverl\u00e4ssige Erkennung zu erzielen.<\/p>\n<p><strong>Einfache und stabile Installation<\/strong><\/p>\n<p>Die Ajax Smart Bracket ist so konzipiert, dass sie einfach zu installieren ist, ohne die Funktionalit\u00e4t des Ger\u00e4ts zu beeintr\u00e4chtigen.<\/p>\n<p>Sobald die Montageplatte angebracht ist, befestigen Sie sie mit den mitgelieferten Schrauben fest, um sicherzustellen, dass der Melder stabil ist.<\/p>\n<p>Die Smart Bracket verf\u00fcgt \u00fcber spezielle L\u00f6cher, um die Platte einfach an der richtigen Stelle zu befestigen. Wenn Sie andere Befestigungselemente verwenden, sollten Sie darauf achten, die Montageplatte nicht zu besch\u00e4digen oder zu verformen.<\/p>\n<p><strong>Kompatibilit\u00e4t mit Ajax-Bewegungsmeldern<\/strong><\/p>\n<p>Die Smart Bracket ist vollst\u00e4ndig kompatibel mit Ajax MotionProtect und anderen Ajax-Bewegungsmeldern und somit ein vielseitiges Zubeh\u00f6r f\u00fcr jedes Sicherheitssystem, das Ajax-Ger\u00e4te verwendet.<\/p>\n<p>Die einfache Installation sowie die Flexibilit\u00e4t, die Signalst\u00e4rke und den Erkennungsbereich anpassen zu k\u00f6nnen, machen diese Halterung zu einem wertvollen Bestandteil des Systems, um sicherzustellen, dass alle Ger\u00e4te optimal funktionieren.<\/p>\n<p><strong>Spezifikationen:<\/strong><\/p>\n<ul>\n<li><strong>Art des Zubeh\u00f6rs:<\/strong> Montagehalterung f\u00fcr Ajax-Bewegungsmelder mit IR-Sensor<\/li>\n<li><strong>Einbauh\u00f6he:<\/strong> Empfohlen 2,4 Meter<\/li>\n<li><strong>Installationsmethode:<\/strong> Zur Befestigung an vertikalen Fl\u00e4chen oder Ecken<\/li>\n<li><strong>Material:<\/strong> Langlebig und wetterfest<\/li>\n<li><strong>Kompatibilit\u00e4t:<\/strong> Passend f\u00fcr Ajax MotionProtect und andere Bewegungsmelder<\/li>\n<li><strong>Signalst\u00e4rketest:<\/strong> Ja, \u00fcber die Ajax-Anwendung<\/li>\n<li><strong>Anpassung des Erfassungsbereichs:<\/strong> Ja<\/li>\n<li><strong>Befestigungselemente:<\/strong> Inklusive Schrauben und der M\u00f6glichkeit, andere Befestigungselemente zu verwenden<\/li>\n<\/ul>\n<p><strong>Abschluss:<\/strong><\/p>\n<p>Die Ajax Smart Bracket ist die perfekte L\u00f6sung f\u00fcr die Installation und Optimierung der Platzierung Ihrer Ajax-Bewegungsmelder.<\/p>\n<p>Mit seiner einfachen Installation, den anpassbaren Funktionen und dem langlebigen Design sorgt die Smart Bracket daf\u00fcr, dass Ihr Sicherheitssystem effizient und zuverl\u00e4ssig funktioniert.<\/p>\n<p>&nbsp;<\/p>","protected":false},"excerpt":{"rendered":"<p>Die Ajax Smart Bracket ist eine Montagehalterung f\u00fcr Ajax MotionProtect Bewegungsmelder mit IR-Sensoren.<\/p>\n<p>Die Halterung macht die Installation einfach und sicher, mit einstellbarer H\u00f6he und Flexibilit\u00e4t, um die Platzierung der Melder in Ihrem Sicherheitssystem zu optimieren.<\/p>","protected":false},"featured_media":0,"template":"","meta":{"_acf_changed":false},"product_brand":[],"product_cat":[3128],"product_tag":[],"class_list":{"0":"post-69414","1":"product","2":"type-product","3":"status-publish","5":"product_cat-ajax-reservdelar-fasten","6":"product_shipping_class-postnord-varubrev","7":"pa_ajax-tradlosa-larm-ovriga-tillbehor-monteringsfaste","8":"pa_brands-ajax-systems","9":"pa_color-vit","10":"pa_farg-vit","11":"tm-no-options","13":"first","14":"instock","15":"sale","16":"featured","17":"taxable","18":"shipping-taxable","19":"purchasable","20":"product-type-simple"},"acf":[],"_links":{"self":[{"href":"https:\/\/secureus.se\/de\/wp-json\/wp\/v2\/product\/69414","targetHints":{"allow":["GET"]}}],"collection":[{"href":"https:\/\/secureus.se\/de\/wp-json\/wp\/v2\/product"}],"about":[{"href":"https:\/\/secureus.se\/de\/wp-json\/wp\/v2\/types\/product"}],"wp:attachment":[{"href":"https:\/\/secureus.se\/de\/wp-json\/wp\/v2\/media?parent=69414"}],"wp:term":[{"taxonomy":"product_brand","embeddable":true,"href":"https:\/\/secureus.se\/de\/wp-json\/wp\/v2\/product_brand?post=69414"},{"taxonomy":"product_cat","embeddable":true,"href":"https:\/\/secureus.se\/de\/wp-json\/wp\/v2\/product_cat?post=69414"},{"taxonomy":"product_tag","embeddable":true,"href":"https:\/\/secureus.se\/de\/wp-json\/wp\/v2\/product_tag?post=69414"}],"curies":[{"name":"wp","href":"https:\/\/api.w.org\/{rel}","templated":true}]}}