{"id":69419,"date":"2022-11-28T13:12:59","date_gmt":"2022-11-28T12:12:59","guid":{"rendered":"https:\/\/secureus.se\/produkt\/integrationsmodul-ocbridge-plus\/"},"modified":"2026-03-09T17:43:43","modified_gmt":"2026-03-09T16:43:43","slug":"ajax-integrationsmodul-ocbridge-plus","status":"publish","type":"product","link":"https:\/\/secureus.se\/de\/ajax-integrationsmodul-ocbridge-plus\/","title":{"rendered":"Ajax-Integrationsmodul\/ ocBridge Plus"},"content":{"rendered":"<h3><strong>Ajax-Integrationsmodul ocBridge Plus \u2013 Erweitern Sie Ihr Ajax-System mit kabelgebundenen Detektoren<\/strong><\/h3>\n<p>Ajax ocBridge Plus ist ein leistungsstarkes Integrationsmodul, das den einfachen Anschluss kabelgebundener Melder und anderer Ger\u00e4te an Ihr drahtloses Ajax-Sicherheitssystem erm\u00f6glicht.<\/p>\n<p>Mit diesem Modul k\u00f6nnen Sie vorhandene kabelgebundene Ger\u00e4te in ein ansonsten komplett kabelloses System integrieren, was es zu einer idealen L\u00f6sung sowohl f\u00fcr Neuinstallationen als auch f\u00fcr Upgrades bestehender Systeme macht.<\/p>\n<p>Dieses Modul er\u00f6ffnet eine Reihe kabelgebundener Melder, darunter Bewegungsmelder, T\u00fcr- und Fenstersensoren sowie andere Sicherheitskomponenten, die traditionell Teil kabelgebundener Sicherheitssysteme waren.<\/p>\n<p><strong>Einfache Integration und Flexibilit\u00e4t<\/strong><\/p>\n<p>ocBridge Plus ist so konzipiert, dass es mit allen Ajax-Hubs kompatibel ist und sich daher problemlos in ein bestehendes Sicherheitssystem integrieren l\u00e4sst.<\/p>\n<p>Die Aufgabe des Moduls besteht darin, kabelgebundene Melder an die Abschnittseing\u00e4nge eines kabelgebundenen Zentralger\u00e4ts anzuschlie\u00dfen.<\/p>\n<p>Auf diese Weise k\u00f6nnen Sie die Vorteile der drahtlosen Ajax-Systeme nutzen \u2013 einschlie\u00dflich benutzerfreundlicher App-Steuerung, schneller Installation und Flexibilit\u00e4t \u2013 und gleichzeitig Ihre bereits installierten kabelgebundenen Ger\u00e4te verwenden.<\/p>\n<p><strong>Erg\u00e4nzung f\u00fcr gr\u00f6\u00dfere Sicherheitssysteme<\/strong><\/p>\n<p>Mit ocBridge Plus k\u00f6nnen Sie ein umfassenderes Sicherheitssystem erstellen, indem Sie bis zu 18 kabelgebundene Melder an das System anschlie\u00dfen.<\/p>\n<p>Dies macht es zu einer perfekten L\u00f6sung f\u00fcr gro\u00dfe Installationen, bei denen eine Mischung aus drahtlosen und kabelgebundenen Komponenten ben\u00f6tigt wird.<\/p>\n<p>Durch den Einsatz dieses Moduls erhalten Sie die bestm\u00f6gliche Abdeckung und Zuverl\u00e4ssigkeit Ihres Sicherheitssystems.<\/p>\n<p><strong>Schnelle und einfache Installation<\/strong><\/p>\n<p>Die Installation von ocBridge Plus ist schnell und einfach. Nachdem Sie es \u00fcber die mitgelieferten Anschl\u00fcsse an das System und die kabelgebundenen Melder angeschlossen haben, k\u00f6nnen Sie das System einfach \u00fcber die Ajax-App konfigurieren und steuern.<\/p>\n<p>Dadurch erhalten Sie in k\u00fcrzester Zeit ein voll funktionsf\u00e4higes und zuverl\u00e4ssiges Sicherheitssystem, ohne dass eine komplizierte Installation erforderlich ist.<\/p>\n<p><strong>Fernbedienung und \u00dcberwachung<\/strong><\/p>\n<p>Einer der gr\u00f6\u00dften Vorteile von Ajax ocBridge Plus besteht darin, dass Benutzer alle angeschlossenen Ger\u00e4te \u2013 sowohl drahtlos als auch kabelgebunden \u2013 \u00fcber die Ajax-App \u00fcberwachen und steuern k\u00f6nnen.<\/p>\n<p>Dies bietet ein hohes Ma\u00df an Benutzerkontrolle und stellt sicher, dass Sie immer Zugriff auf den Systemstatus haben, egal wo Sie sich befinden. Das Modul ist auch mit den Alarmzentralen von Ajax kompatibel, sodass Sie bei Bedarf eine Verbindung zu einem professionellen \u00dcberwachungsdienst herstellen k\u00f6nnen.<\/p>\n<p><strong>Hohe Sicherheit und Verschl\u00fcsselung<\/strong><\/p>\n<p>Als Teil des Ajax-Systems bietet ocBridge Plus das gleiche Ma\u00df an Sicherheit und Verschl\u00fcsselung wie jedes andere Ger\u00e4t.<\/p>\n<p>Es verwendet AES-Verschl\u00fcsselung, um sicherzustellen, dass die gesamte Kommunikation zwischen Ger\u00e4ten sicher und vor externen Bedrohungen gesch\u00fctzt ist.<\/p>\n<p>Dadurch ist es f\u00fcr Unbefugte praktisch unm\u00f6glich, das System abzuh\u00f6ren oder zu manipulieren.<\/p>\n<p><strong>Technische Spezifikationen:<\/strong><\/p>\n<ul>\n<li><strong>Typ:<\/strong> Integrationsmodul f\u00fcr kabelgebundene Melder<\/li>\n<li><strong>Kompatibilit\u00e4t:<\/strong> Funktioniert mit allen Ajax-Hubs<\/li>\n<li><strong>Verbindungen:<\/strong> Bis zu 18 kabelgebundene Melder (PIR, T\u00fcrsensoren usw.)<\/li>\n<li><strong>Verschl\u00fcsselung:<\/strong> AES-Algorithmus<\/li>\n<li><strong>Stromversorgung:<\/strong> 12V Gleichstrom<\/li>\n<li><strong>Installation:<\/strong> Einfache Installation \u00fcber die Ajax-App<\/li>\n<li><strong>Verwenden:<\/strong> Drinnen<\/li>\n<li><strong>Abmessungen:<\/strong> 105 x 105 x 28 mm<\/li>\n<li><strong>Gewicht:<\/strong> 90 g<\/li>\n<li><strong>Garantie:<\/strong> Austausch und Reparatur innerhalb von 24 Monaten ab Verkaufsdatum<\/li>\n<\/ul>\n<p><strong>Abschluss:<\/strong><\/p>\n<p>Ajax ocBridge Plus ist die perfekte L\u00f6sung f\u00fcr Benutzer, die die Vorteile von drahtlosen und kabelgebundenen Ger\u00e4ten in ihrem Sicherheitssystem kombinieren m\u00f6chten.<\/p>\n<p>Durch die einfache Integration kabelgebundener Melder und anderer Komponenten erhalten Sie ein umfassenderes und zuverl\u00e4ssigeres Sicherheitssystem.<\/p>\n<p>Die Installation ist einfach, die Kommunikation ist sicher und Sie erhalten \u00fcber die Ajax-App die volle Kontrolle \u00fcber Ihr System.<\/p>\n<p>&nbsp;<\/p>\n<p>&nbsp;<\/p>","protected":false},"excerpt":{"rendered":"<p>Ajax ocBridge Plus ist ein Integrationsmodul, das die Verbindung kabelgebundener Melder und Ger\u00e4te mit drahtlosen Sicherheitssystemen von Ajax erm\u00f6glicht.<\/p>\n<p>Dieses Zubeh\u00f6r erweitert die Funktionalit\u00e4t und Flexibilit\u00e4t des Systems durch die Integration kabelgebundener Komponenten.<\/p>","protected":false},"featured_media":0,"template":"","meta":{"_acf_changed":false},"product_brand":[],"product_cat":[1319],"product_tag":[4863],"class_list":{"0":"post-69419","1":"product","2":"type-product","3":"status-publish","5":"product_cat-ajax-larm","6":"product_tag-pf","7":"product_shipping_class-tunga-paket","8":"pa_ajax-tradlosa-larm-ovriga-tillbehor-monteringsfaste","9":"pa_brands-ajax-systems","10":"tm-no-options","12":"first","13":"onbackorder","14":"sale","15":"featured","16":"taxable","17":"shipping-taxable","18":"purchasable","19":"product-type-simple"},"acf":[],"_links":{"self":[{"href":"https:\/\/secureus.se\/de\/wp-json\/wp\/v2\/product\/69419","targetHints":{"allow":["GET"]}}],"collection":[{"href":"https:\/\/secureus.se\/de\/wp-json\/wp\/v2\/product"}],"about":[{"href":"https:\/\/secureus.se\/de\/wp-json\/wp\/v2\/types\/product"}],"wp:attachment":[{"href":"https:\/\/secureus.se\/de\/wp-json\/wp\/v2\/media?parent=69419"}],"wp:term":[{"taxonomy":"product_brand","embeddable":true,"href":"https:\/\/secureus.se\/de\/wp-json\/wp\/v2\/product_brand?post=69419"},{"taxonomy":"product_cat","embeddable":true,"href":"https:\/\/secureus.se\/de\/wp-json\/wp\/v2\/product_cat?post=69419"},{"taxonomy":"product_tag","embeddable":true,"href":"https:\/\/secureus.se\/de\/wp-json\/wp\/v2\/product_tag?post=69419"}],"curies":[{"name":"wp","href":"https:\/\/api.w.org\/{rel}","templated":true}]}}