{"id":69428,"date":"2022-11-28T13:12:59","date_gmt":"2022-11-28T12:12:59","guid":{"rendered":"https:\/\/secureus.se\/produkt\/faste-for-ajax-overfallskontakt-svart\/"},"modified":"2026-03-09T17:43:38","modified_gmt":"2026-03-09T16:43:38","slug":"ajax-smart-bracket-svart-4","status":"publish","type":"product","link":"https:\/\/secureus.se\/de\/ajax-smart-bracket-svart-4\/","title":{"rendered":"Ajax Smart Bracket Halterung f\u00fcr Ajax Assault Kontakt \/ Halter f\u00fcr DoubleButton schwarz"},"content":{"rendered":"<h3><strong>Ajax Smart Bracket Halterung f\u00fcr Ajax Assault Contact und DoubleButton<\/strong><\/h3>\n<p>Die Ajax Smart Bracket ist eine vielseitige und zuverl\u00e4ssige Montagehalterung, die die Installation des Ajax Assault Switch und DoubleButton einfach und sicher macht.<\/p>\n<p>Durch die Verwendung dieser Halterung k\u00f6nnen Sie sicherstellen, dass Ihre Angriffstasten leicht zug\u00e4nglich sind, sodass in Notsituationen schnell Alarm ausgel\u00f6st werden kann.<\/p>\n<p>Die Halterung ist besonders n\u00fctzlich f\u00fcr Benutzer, die einen einfachen Zugriff auf ihre Notsignale w\u00fcnschen, ohne bef\u00fcrchten zu m\u00fcssen, dass der Knopf in Stresssituationen schwer zu finden oder zu bedienen ist.<\/p>\n<p><strong>Design und Funktion<\/strong><\/p>\n<p>Die Smart Bracket ist so konzipiert, dass sie perfekt zu Ajax-Angriffsschaltern und DoubleButton passt, zwei wichtigen Ger\u00e4ten im Ajax-Sicherheitssystem.<\/p>\n<p>Der Assault Contact dient zur sofortigen Alarmierung in Notsituationen, w\u00e4hrend der DoubleButton als schnelles und effektives Notsignal zur Abwehr von Gefahren dient.<\/p>\n<p>Durch die Installation dieser Ger\u00e4te mit dem Smart Bracket erhalten Sie Funktionalit\u00e4t und Sicherheit in einem.<\/p>\n<p>Mithilfe der Montagehalterung k\u00f6nnen die Ger\u00e4te auf einer vertikalen Fl\u00e4che oder in einer Ecke platziert werden, sodass sie f\u00fcr den Benutzer leicht zug\u00e4nglich sind.<\/p>\n<p><strong>Einfache Installation und Einstellung<\/strong><\/p>\n<p>Die Smart Bracket-Montagehalterung erm\u00f6glicht eine einfache und schnelle Installation.<\/p>\n<p>Entfernen Sie zur Installation die Halterungsplatte vom Ger\u00e4t und befestigen Sie die Smart Bracket-Platte mit doppelseitigem Klebeband oder anderen tempor\u00e4ren Befestigungsmitteln an einer geeigneten Oberfl\u00e4che. Um einen schnellen Zugriff zu erm\u00f6glichen, sollte die Installationsh\u00f6he etwa 2,4 Meter betragen.<\/p>\n<p>Sobald die Halterung angebracht ist, k\u00f6nnen Sie problemlos Signalst\u00e4rketests durchf\u00fchren, um sicherzustellen, dass die Ger\u00e4te stabil funktionieren. Bei Bedarf k\u00f6nnen Sie den Standort der Ger\u00e4te anpassen, allerdings kann eine leichte Neupositionierung die Signalst\u00e4rke deutlich verbessern.<\/p>\n<p><strong>Sicherheit und Zuverl\u00e4ssigkeit<\/strong><\/p>\n<p>Die Ajax Smart Bracket ist auf hohe Sicherheit und Zuverl\u00e4ssigkeit ausgelegt. Mit dem Smart Bracket montierte Melder und Taster sind vor Manipulation gesch\u00fctzt, sodass alle Alarme und Notsignale sicher und schnell \u00fcbertragen werden k\u00f6nnen.<\/p>\n<p>Um sicherzustellen, dass das System ordnungsgem\u00e4\u00df funktioniert, nutzt das Smart Bracket eine bidirektionale Kommunikation zwischen den Ger\u00e4ten und ist mit allen Ajax-Hubs kompatibel, was die Installation noch einfacher und flexibler macht.<\/p>\n<p>Die Halterung bietet au\u00dferdem die M\u00f6glichkeit, die Funktionalit\u00e4t der Ger\u00e4te \u00fcber die Ajax-App zu testen, sodass Sie sicher sein k\u00f6nnen, dass die Ger\u00e4te optimal funktionieren.<\/p>\n<p><strong>Flexibilit\u00e4t und Kompatibilit\u00e4t<\/strong><\/p>\n<p>Die Smart Bracket ist sowohl mit dem Ajax Assault Switch als auch mit dem DoubleButton (Modelle 50458994 und 50458992) kompatibel, wodurch sie mit verschiedenen Arten von Sicherheitsl\u00f6sungen verwendet werden kann.<\/p>\n<p>Dies erm\u00f6glicht es dem Benutzer, die L\u00f6sung zu w\u00e4hlen, die seinen Sicherheitsanforderungen am besten entspricht, und \u00dcberfalltaster schnell zu Hause oder am Arbeitsplatz zu installieren.<\/p>\n<p><strong>Spezifikationen:<\/strong><\/p>\n<ul>\n<li><strong>Art des Zubeh\u00f6rs:<\/strong> Montagehalterung f\u00fcr Ajax Assault Switch und DoubleButton<\/li>\n<li><strong>Einbauh\u00f6he:<\/strong> Empfohlen 2,4 Meter<\/li>\n<li><strong>Installationsmethode:<\/strong> Zur Befestigung an vertikalen Fl\u00e4chen oder Ecken<\/li>\n<li><strong>Material:<\/strong> Langlebig und wetterfest<\/li>\n<li><strong>Kompatibilit\u00e4t:<\/strong> Kompatibel mit Ajax Assault Switch (50458994) und DoubleButton (50458992)<\/li>\n<li><strong>Signalst\u00e4rketest:<\/strong> Ja, \u00fcber die Ajax-Anwendung<\/li>\n<li><strong>Befestigungselemente:<\/strong> Inklusive Schrauben und der M\u00f6glichkeit, andere Befestigungselemente zu verwenden<\/li>\n<\/ul>\n<p><strong>Abschluss:<\/strong><\/p>\n<p>Die Ajax Smart Bracket ist eine wesentliche Komponente, um in Notsituationen einen schnellen Zugriff auf Ihre Angriffstasten zu gew\u00e4hrleisten.<\/p>\n<p>Mit einfacher Installation, hoher Sicherheit und hervorragender Kompatibilit\u00e4t mit Ajax-Ger\u00e4ten bietet die Smart Bracket Benutzern eine zuverl\u00e4ssige und flexible L\u00f6sung f\u00fcr die Installation ihrer Angriffskontakte und DoubleButtons.<\/p>\n<p>&nbsp;<\/p>\n<p>&nbsp;<\/p>","protected":false},"excerpt":{"rendered":"<p>Ajax Smart Bracket ist eine Montagehalterung f\u00fcr Ajax Assault Switch und DoubleButton.<\/p>\n<p>Es sorgt f\u00fcr eine einfache Installation und eine stabile Platzierung Ihrer Angriffstasten, sodass Sie in Notsituationen schnell darauf zugreifen k\u00f6nnen.<\/p>","protected":false},"featured_media":0,"template":"","meta":{"_acf_changed":false},"product_brand":[],"product_cat":[3165,3128],"product_tag":[],"class_list":{"0":"post-69428","1":"product","2":"type-product","3":"status-publish","5":"product_cat-overfallslarm-knappar","6":"product_cat-ajax-reservdelar-fasten","7":"product_shipping_class-postnord-varubrev","8":"pa_ajax-tradlosa-larm-ovriga-tillbehor-monteringsfaste","9":"pa_brands-ajax-systems","10":"pa_color-svart","11":"pa_farg-svart","12":"tm-no-options","14":"first","15":"onbackorder","16":"sale","17":"featured","18":"taxable","19":"shipping-taxable","20":"purchasable","21":"product-type-simple"},"acf":[],"_links":{"self":[{"href":"https:\/\/secureus.se\/de\/wp-json\/wp\/v2\/product\/69428","targetHints":{"allow":["GET"]}}],"collection":[{"href":"https:\/\/secureus.se\/de\/wp-json\/wp\/v2\/product"}],"about":[{"href":"https:\/\/secureus.se\/de\/wp-json\/wp\/v2\/types\/product"}],"wp:attachment":[{"href":"https:\/\/secureus.se\/de\/wp-json\/wp\/v2\/media?parent=69428"}],"wp:term":[{"taxonomy":"product_brand","embeddable":true,"href":"https:\/\/secureus.se\/de\/wp-json\/wp\/v2\/product_brand?post=69428"},{"taxonomy":"product_cat","embeddable":true,"href":"https:\/\/secureus.se\/de\/wp-json\/wp\/v2\/product_cat?post=69428"},{"taxonomy":"product_tag","embeddable":true,"href":"https:\/\/secureus.se\/de\/wp-json\/wp\/v2\/product_tag?post=69428"}],"curies":[{"name":"wp","href":"https:\/\/api.w.org\/{rel}","templated":true}]}}