{"id":69435,"date":"2022-11-28T12:54:13","date_gmt":"2022-11-28T11:54:13","guid":{"rendered":"https:\/\/secureus.se\/produkt\/monteringsfaste-siren-inomhus-svart\/"},"modified":"2026-03-10T11:01:50","modified_gmt":"2026-03-10T10:01:50","slug":"ajax-smart-bracket-svart-6","status":"publish","type":"product","link":"https:\/\/secureus.se\/de\/ajax-smart-bracket-svart-6\/","title":{"rendered":"Ajax Smart Bracket Ersatzteil Montagehalterung \/ Zubeh\u00f6r Sirene f\u00fcr den Innenbereich schwarz"},"content":{"rendered":"<h3><strong>Ajax Smart Bracket Innensirenen-Montagehalterung \u2013 einfache Installation und flexible Abdeckung<\/strong><\/h3>\n<p>Die Ajax Smart Bracket ist eine praktische und benutzerfreundliche Montagehalterung, die die Installation von Ajax-Sirenen im Innenbereich einfach und effizient macht.<\/p>\n<p>Es wurde entwickelt, um die Platzierung der Sirene f\u00fcr die beste Ton\u00fcbertragung zu optimieren und sicherzustellen, dass Ihr Ajax-Ger\u00e4t optimal funktioniert.<\/p>\n<p>Mit ihrem langlebigen und flexiblen Design erm\u00f6glicht diese Halterung eine stabile Installation auf vertikalen Fl\u00e4chen oder in Ecken und maximiert so die Wirksamkeit des Sicherheitssystems.<\/p>\n<p><strong>Einfache und flexible Installation<\/strong><\/p>\n<p>Smart Bracket ist einfach zu installieren und kann schnell an der gew\u00fcnschten Stelle montiert werden.<\/p>\n<p>Um den Melder zu installieren, entfernen Sie das Smart Bracket-Panel von der Sirene und befestigen Sie es an einer vertikalen Fl\u00e4che oder einer Ecke des Raumes.<\/p>\n<p>Die Befestigung erfolgt mit doppelseitigem Klebeband oder anderen tempor\u00e4ren Befestigungsmitteln.<\/p>\n<p>Die empfohlene Installationsh\u00f6he betr\u00e4gt 2,4 Meter, um eine optimale Funktion der Sirene zu gew\u00e4hrleisten.<\/p>\n<p>Um die bestm\u00f6gliche Signalst\u00e4rke sicherzustellen, k\u00f6nnen Sie mit der Ajax-Anwendung Signalst\u00e4rketests durchf\u00fchren.<\/p>\n<p>Die empfohlene Signalst\u00e4rke f\u00fcr ein stabiles System betr\u00e4gt zwei oder drei Balken.<\/p>\n<p>Wenn das Signal schwach ist, k\u00f6nnen Sie das Ger\u00e4t problemlos um einige Zentimeter verschieben, um den Signalempfang zu verbessern.<\/p>\n<p><strong>Pr\u00fcfung und Anpassung von Erkennungszonen<\/strong><\/p>\n<p>Bei der Installation der Ajax Smart Bracket k\u00f6nnen Sie auch einen Erkennungszonentest durchf\u00fchren, um sicherzustellen, dass die Sirene den richtigen Bereich abdeckt und keine Hindernisse die Ton\u00fcbertragung blockieren.<\/p>\n<p>Durch das Testen von Erfassungsbereichen k\u00f6nnen Sie sicher sein, dass die Sirene in allen Situationen effektiv funktioniert.<\/p>\n<p>Wenn Sie feststellen, dass der Detektor nicht richtig reagiert, k\u00f6nnen Sie die Platzierung anpassen, um bessere Ergebnisse zu erzielen.<\/p>\n<p><strong>Langlebige und stabile Funktion<\/strong><\/p>\n<p>Die Ajax Smart Bracket-Montagehalterung besteht aus langlebigen Materialien und ist f\u00fcr den Langzeitgebrauch konzipiert.<\/p>\n<p>Um eine stabile Montage zu gew\u00e4hrleisten, empfiehlt es sich, die Montageplatte mit den mitgelieferten Schrauben zu befestigen.<\/p>\n<p>Das Smart Bracket-Panel verf\u00fcgt \u00fcber spezielle L\u00f6cher, die eine ordnungsgem\u00e4\u00dfe Befestigung erm\u00f6glichen. Mithilfe der perforierten Teile zur Manipulationserkennung erhalten Sie zus\u00e4tzliche Sicherheit f\u00fcr Ihre Installation.<\/p>\n<p><strong>Kompatibilit\u00e4t und Flexibilit\u00e4t<\/strong><\/p>\n<p>Diese Montagehalterung ist perfekt f\u00fcr alle Ajax-Sirenen und funktioniert sowohl mit \u00e4lteren als auch mit neueren Einheiten.<\/p>\n<p>Es bietet Flexibilit\u00e4t f\u00fcr Benutzer, die die Sicherheit ihres Zuhauses oder Unternehmens optimieren m\u00f6chten, indem sie die Sirene an der bestm\u00f6glichen Stelle platzieren.<\/p>\n<p><strong>Spezifikationen:<\/strong><\/p>\n<ul>\n<li><strong>Art des Zubeh\u00f6rs:<\/strong> Montagehalterung f\u00fcr Ajax-Sirene im Innenbereich<\/li>\n<li><strong>Einbauh\u00f6he:<\/strong> Empfohlen 2,4 Meter<\/li>\n<li><strong>Installationsmethode:<\/strong> Zur Befestigung an vertikalen Fl\u00e4chen oder Ecken<\/li>\n<li><strong>Material:<\/strong> Langlebig und wetterfest<\/li>\n<li><strong>Kompatibilit\u00e4t:<\/strong> Passt zu Ajax-Sirenen<\/li>\n<li><strong>Signalst\u00e4rketest:<\/strong> Ja, \u00fcber die Ajax-Anwendung<\/li>\n<li><strong>Anpassung des Erfassungsbereichs:<\/strong> Ja<\/li>\n<li><strong>Befestigungselemente:<\/strong> Inklusive Schrauben und der M\u00f6glichkeit, andere Befestigungselemente zu verwenden<\/li>\n<\/ul>\n<p><strong>Abschluss:<\/strong><\/p>\n<p>Die Ajax Smart Bracket-Montagehalterung f\u00fcr Sirenen ist ein einfaches und effektives Zubeh\u00f6r zur Optimierung der Installation Ihrer Sirene.<\/p>\n<p>Die Smart Bracket bietet sowohl Haltbarkeit als auch Flexibilit\u00e4t sowie einfache Installation und Einstellung und stellt sicher, dass Ihr Sicherheitssystem optimal funktioniert und maximalen Schutz f\u00fcr Ihr Zuhause oder Ihr Unternehmen bietet.<\/p>","protected":false},"excerpt":{"rendered":"<p>Die Ajax Smart Bracket ist eine Montagehalterung f\u00fcr Ajax-Innensirenen, die f\u00fcr eine einfache Installation und Anpassung der Platzierung konzipiert ist.<\/p>\n<p>Diese L\u00f6sung bietet eine stabile und sichere Installation f\u00fcr eine effektive Alarm\u00fcbertragung in Ihrem Sicherheitssystem.<\/p>","protected":false},"featured_media":0,"template":"","meta":{"_acf_changed":false},"product_brand":[],"product_cat":[3128],"product_tag":[4863],"class_list":{"0":"post-69435","1":"product","2":"type-product","3":"status-publish","5":"product_cat-ajax-reservdelar-fasten","6":"product_tag-pf","7":"product_shipping_class-postnord-varubrev","8":"pa_ajax-tradlosa-larm-ovriga-tillbehor-monteringsfaste","9":"pa_brands-ajax-systems","10":"pa_color-svart","11":"pa_farg-svart","12":"tm-no-options","14":"first","15":"instock","16":"sale","17":"featured","18":"taxable","19":"shipping-taxable","20":"purchasable","21":"product-type-simple"},"acf":[],"_links":{"self":[{"href":"https:\/\/secureus.se\/de\/wp-json\/wp\/v2\/product\/69435","targetHints":{"allow":["GET"]}}],"collection":[{"href":"https:\/\/secureus.se\/de\/wp-json\/wp\/v2\/product"}],"about":[{"href":"https:\/\/secureus.se\/de\/wp-json\/wp\/v2\/types\/product"}],"wp:attachment":[{"href":"https:\/\/secureus.se\/de\/wp-json\/wp\/v2\/media?parent=69435"}],"wp:term":[{"taxonomy":"product_brand","embeddable":true,"href":"https:\/\/secureus.se\/de\/wp-json\/wp\/v2\/product_brand?post=69435"},{"taxonomy":"product_cat","embeddable":true,"href":"https:\/\/secureus.se\/de\/wp-json\/wp\/v2\/product_cat?post=69435"},{"taxonomy":"product_tag","embeddable":true,"href":"https:\/\/secureus.se\/de\/wp-json\/wp\/v2\/product_tag?post=69435"}],"curies":[{"name":"wp","href":"https:\/\/api.w.org\/{rel}","templated":true}]}}