{"id":69498,"date":"2022-11-28T11:05:32","date_gmt":"2022-11-28T10:05:32","guid":{"rendered":"https:\/\/secureus.se\/produkt\/siren-inomhus-tradlos-svart\/"},"modified":"2026-03-18T11:27:18","modified_gmt":"2026-03-18T10:27:18","slug":"ajax-homesiren-svart-siren-inomhus","status":"publish","type":"product","link":"https:\/\/secureus.se\/de\/ajax-homesiren-svart-siren-inomhus\/","title":{"rendered":"Ajax HomeSiren Sirene f\u00fcr den Innenbereich, kabellos, Schwarz"},"content":{"rendered":"<h3>Die Ajax HomeSiren ist die perfekte L\u00f6sung, um Ihren Innenschutz mit einer zuverl\u00e4ssigen und lautstarken Sirene zu st\u00e4rken, die auf die Aktivierung von Detektoren in Ihrem Sicherheitssystem reagiert.<\/h3>\n<p>Es ist sowohl mit Ton- als auch Lichtanzeigen ausgestattet, um schnell vor Einbr\u00fcchen oder anderen Sicherheitsbedrohungen zu warnen.<\/p>\n<p>Die Sirene l\u00e4sst sich einfach mit dem mitgelieferten SmartBracket-Panel installieren und ist mit allen Ajax-Hubs und Range Extendern kompatibel, sodass Sie ein vollst\u00e4ndiges Sicherheitssystem ohne St\u00f6rungen erhalten.<\/p>\n<p>Eines der Hauptmerkmale der Ajax HomeSiren ist ihr kraftvoller Schallpegel, der in einem Abstand von 1 Meter zwischen 80 dB und 98 dB eingestellt werden kann.<\/p>\n<p>Dieser Ton hilft, Eindringlinge abzuschrecken und alle Personen in Reichweite zu alarmieren. Dar\u00fcber hinaus verf\u00fcgt die Sirene \u00fcber eine einstellbare Alarmdauer zwischen 3 Sekunden und 3 Minuten, sodass Sie sie an Ihre Bed\u00fcrfnisse anpassen k\u00f6nnen.<\/p>\n<p>Das integrierte LED-Licht der Sirene zeigt den Status Ihres Systems an und gibt dem Benutzer eine visuelle Anzeige, ob das System scharf oder unscharf ist.<\/p>\n<p>F\u00fcr zus\u00e4tzliche visuelle R\u00fcckmeldung kann eine externe LED an die Sirene angeschlossen werden.<\/p>\n<p>Eine weitere wichtige Funktion ist die integrierte Manipulationsfunktion. Versucht jemand, die Sirene zu manipulieren, wird ein Sabotagealarm aktiviert, der den Nutzer auf m\u00f6gliche Sabotageversuche aufmerksam macht.<\/p>\n<p>Dar\u00fcber hinaus nutzt es die Verschl\u00fcsselung und Einbruchserkennung von Ajax zum Schutz vor Hackerangriffen und unbefugtem Zugriff und stellt so sicher, dass die Sirene ordnungsgem\u00e4\u00df funktioniert, wenn sie wirklich ben\u00f6tigt wird.<\/p>\n<p>Die Ajax HomeSiren hat eine Batterielebensdauer von bis zu 5 Jahren, sodass Sie sich nicht um den h\u00e4ufigen Batteriewechsel k\u00fcmmern m\u00fcssen.<\/p>\n<p>Es ist au\u00dferdem f\u00fcr eine einfache Installation und Verwendung \u00fcber die Ajax-Anwendung konzipiert.<\/p>\n<p>Die Sirene kann mit anderen Sicherheitsger\u00e4ten im Ajax-System integriert werden und die Installation kann in nur wenigen Minuten abgeschlossen werden.<\/p>\n<p><strong>Technische Spezifikationen:<\/strong><\/p>\n<ul>\n<li><strong>Schallpegel:<\/strong> Einstellbar zwischen 80 dB und 98 dB (in 1 m Entfernung)<\/li>\n<li><strong>Dauer des Alarms:<\/strong> Einstellbar zwischen 3 Sekunden und 3 Minuten<\/li>\n<li><strong>Akkulaufzeit:<\/strong> Bis zu 5 Jahre<\/li>\n<li><strong>Stromversorgung:<\/strong> 2 x CR123A-Batterien (vorinstalliert)<\/li>\n<li><strong>Kommunikation:<\/strong> Juwelier-Funktechnik, bis zu 2000 m Kommunikationsreichweite im freien Gel\u00e4nde<\/li>\n<li><strong>Temperaturbereich:<\/strong> Von -10\u00b0C bis +40\u00b0C<\/li>\n<li><strong>Luftfeuchtigkeit:<\/strong> Bis zu 75%<\/li>\n<li><strong>Manipulationsschutz:<\/strong> Ja, mit Manipulationsalarm<\/li>\n<li><strong>Messen:<\/strong> 75 x 76 x 27 mm<\/li>\n<li><strong>Gewicht:<\/strong> 97 g<\/li>\n<li><strong>IP-Schutz:<\/strong> IP50<\/li>\n<li><strong>Kompatibilit\u00e4t:<\/strong> Funktioniert mit allen Ajax-Hubs und Range Extendern<\/li>\n<\/ul>","protected":false},"excerpt":{"rendered":"<p>Die Ajax HomeSiren ist eine kabellose Innensirene, die mit kraftvollem Ton und LED-Anzeigen vor aktivierten Alarmen in Ihrem Sicherheitssystem warnt.<\/p>\n<p>Es soll Eindringlinge abschrecken und dem Benutzer eine sofortige R\u00fcckmeldung \u00fcber den Sicherheitsstatus geben.<\/p>","protected":false},"featured_media":155468,"template":"","meta":{"_acf_changed":false},"product_brand":[],"product_cat":[3163,1319,1562],"product_tag":[3152,3127,4863],"class_list":{"0":"post-69498","1":"product","2":"type-product","3":"status-publish","4":"has-post-thumbnail","6":"product_cat-sirener","7":"product_cat-ajax-larm","8":"product_cat-larmdon-blixtljus","9":"product_tag-cr123-tillbehor","10":"product_tag-kontrollprodukt","11":"product_tag-pf","12":"product_shipping_class-postnord-varubrev","13":"pa_ajax-tradlosa-larm-sirener","14":"pa_brands-ajax-systems","15":"pa_color-svart","16":"pa_farg-svart","17":"tm-no-options","19":"first","20":"instock","21":"sale","22":"featured","23":"taxable","24":"shipping-taxable","25":"purchasable","26":"product-type-simple"},"acf":[],"_links":{"self":[{"href":"https:\/\/secureus.se\/de\/wp-json\/wp\/v2\/product\/69498","targetHints":{"allow":["GET"]}}],"collection":[{"href":"https:\/\/secureus.se\/de\/wp-json\/wp\/v2\/product"}],"about":[{"href":"https:\/\/secureus.se\/de\/wp-json\/wp\/v2\/types\/product"}],"wp:featuredmedia":[{"embeddable":true,"href":"https:\/\/secureus.se\/de\/wp-json\/wp\/v2\/media\/155468"}],"wp:attachment":[{"href":"https:\/\/secureus.se\/de\/wp-json\/wp\/v2\/media?parent=69498"}],"wp:term":[{"taxonomy":"product_brand","embeddable":true,"href":"https:\/\/secureus.se\/de\/wp-json\/wp\/v2\/product_brand?post=69498"},{"taxonomy":"product_cat","embeddable":true,"href":"https:\/\/secureus.se\/de\/wp-json\/wp\/v2\/product_cat?post=69498"},{"taxonomy":"product_tag","embeddable":true,"href":"https:\/\/secureus.se\/de\/wp-json\/wp\/v2\/product_tag?post=69498"}],"curies":[{"name":"wp","href":"https:\/\/api.w.org\/{rel}","templated":true}]}}