{"id":69505,"date":"2022-11-28T11:05:31","date_gmt":"2022-11-28T10:05:31","guid":{"rendered":"https:\/\/secureus.se\/produkt\/passerbricka-ajax-mifare-desfire-svart-2\/"},"modified":"2026-04-15T14:53:42","modified_gmt":"2026-04-15T12:53:42","slug":"ajax-tag-passerbricka-mifare-desfire-sv","status":"publish","type":"product","link":"https:\/\/secureus.se\/de\/ajax-tag-passerbricka-mifare-desfire-sv\/","title":{"rendered":"Ajax Tag (Schwarz) \u2013 Tag f\u00fcr KeyPad Plus und Touchscreen"},"content":{"rendered":"<h3>Ajax Tag Passer Tag Mifare DESFire ist eine fortschrittliche Sicherheitsl\u00f6sung, die schnellen Zugriff auf Ihr Ajax-Sicherheitssystem erm\u00f6glicht.<\/h3>\n<p>Die kontaktlose Technologie erm\u00f6glicht es, den Alarm zu aktivieren oder zu deaktivieren, indem man den Schl\u00fcsselanh\u00e4nger einfach in die N\u00e4he des KeyPad Plus oder KeyPad TouchScreen h\u00e4lt.<\/p>\n<p>Es ist eine ausgezeichnete Wahl sowohl f\u00fcr Privatanwender als auch f\u00fcr Unternehmen, wo Sicherheit und Benutzerfreundlichkeit von entscheidender Bedeutung sind.<\/p>\n<p>Der Tag nutzt die hochverschl\u00fcsselte und sichere Mifare DESFire-Technologie, die auf dem ISO 14443-Standard basiert, was bedeutet, dass nur autorisierte Benutzer auf das System zugreifen k\u00f6nnen.<\/p>\n<p>Die Technologie bietet 128-Bit-Verschl\u00fcsselung und Kopierschutz und bietet Ihnen eine sichere und zuverl\u00e4ssige L\u00f6sung zur Verwaltung Ihres Sicherheitssystems, ohne sich Passw\u00f6rter merken oder Benutzerkonten erstellen zu m\u00fcssen.<\/p>\n<p>Diese Technologie wird auch in Transportsystemen in europ\u00e4ischen Hauptst\u00e4dten und in Zugangssystemen f\u00fcr die NASA eingesetzt.<\/p>\n<p>Einer der gr\u00f6\u00dften Vorteile des Ajax-Tags ist seine Einfachheit. Um dem System einen neuen Schl\u00fcsselanh\u00e4nger hinzuzuf\u00fcgen, \u00f6ffnen Sie einfach die Ajax-App, gehen Sie zu den Einstellungen und halten Sie den Schl\u00fcsselanh\u00e4nger in die N\u00e4he eines kompatiblen KeyPad-Ger\u00e4ts.<\/p>\n<p>Sie m\u00fcssen kein Konto erstellen oder komplizierte Installationen durchf\u00fchren. Damit ist es besonders einfach, anderen Personen, etwa G\u00e4sten oder Mitarbeitern, tempor\u00e4re Zutrittsrechte zu gew\u00e4hren, indem man ihnen einen bestimmten Tag zuweist, ohne Benutzerkonten erstellen zu m\u00fcssen.<\/p>\n<p>Der Ajax Tag-Schl\u00fcsselanh\u00e4nger kann mit bis zu 13 Hubs verbunden werden, was Ihnen die Flexibilit\u00e4t gibt, mehrere Sicherheitssysteme \u00fcber denselben Schl\u00fcsselanh\u00e4nger zu steuern.<\/p>\n<p>\u00dcber die Ajax-App kann der Systemadministrator alle zugewiesenen Tags einfach verwalten und bei Bedarf auch Zugriffsberechtigungen anpassen oder den Zugriff widerrufen.<\/p>\n<p>Alle \u00c4nderungen und Zugriffsaktionen werden im Ereignisprotokoll aufgezeichnet, sodass Sie jederzeit die volle Kontrolle und Transparenz dar\u00fcber haben, wann und von wem das Sicherheitssystem aktiviert oder deaktiviert wurde.<\/p>\n<p>Der Tag funktioniert in einem Temperaturbereich von -10 \u00b0C bis +40 \u00b0C und hat eine lange Lebensdauer von bis zu 10 Jahren, was ihn zu einer langlebigen L\u00f6sung f\u00fcr den Langzeiteinsatz macht.<\/p>\n<p>Au\u00dferdem hat es ein sehr geringes Gewicht, nur 7 Gramm, und ein kompaktes Design, wodurch es leicht zu transportieren und bequem zu verwenden ist.<\/p>\n<p><strong>Technische Spezifikationen:<\/strong><\/p>\n<ul>\n<li><strong>Kommunikationstechnik:<\/strong> Mifare DESFire\u00ae<\/li>\n<li><strong>Betriebsstandard:<\/strong> ISO 14443-A (13,56 MHz)<\/li>\n<li><strong>Verschl\u00fcsselung:<\/strong> 128-Bit-Verschl\u00fcsselung<\/li>\n<li><strong>Anzahl angeschlossener Hubs:<\/strong> Bis zu 13 Hubs<\/li>\n<li><strong>Kompatibilit\u00e4t:<\/strong> Funktioniert mit KeyPad Plus und KeyPad TouchScreen<\/li>\n<li><strong>Arbeitstemperatur:<\/strong> Von -10\u00b0C bis +40\u00b0C<\/li>\n<li><strong>Luftfeuchtigkeit:<\/strong> Bis zu 75%<\/li>\n<li><strong>Abmessungen:<\/strong> 45 \u00d7 32 \u00d7 6 mm<\/li>\n<li><strong>Gewicht:<\/strong> 7 g<\/li>\n<\/ul>","protected":false},"excerpt":{"rendered":"<p>Ajax Tag Passer Tag Mifare DESFire ist ein verschl\u00fcsselter, kontaktloser Schl\u00fcsselanh\u00e4nger f\u00fcr den schnellen und sicheren Zugriff auf Ihr Ajax-Sicherheitssystem.<\/p>\n<p>Entwickelt f\u00fcr die Verwendung mit dem KeyPad Plus und dem TouchScreen, erm\u00f6glicht es die Aktivierung und Deaktivierung des Sicherheitssystems ohne Passwort oder Benutzerkonto.<\/p>","protected":false},"featured_media":158366,"template":"","meta":{"_acf_changed":false},"product_brand":[],"product_cat":[5129],"product_tag":[3127,2137,4863],"class_list":{"0":"post-69505","1":"product","2":"type-product","3":"status-publish","4":"has-post-thumbnail","6":"product_cat-ajax-taggar-kort","7":"product_tag-kontrollprodukt","8":"product_tag-lager-ajax","9":"product_tag-pf","10":"product_shipping_class-postnord-varubrev","11":"pa_ajax-tradlosa-larm-ovriga-tillbehor-monteringsfaste","12":"pa_brands-ajax-systems","13":"pa_color-svart","14":"pa_farg-svart","15":"tm-no-options","17":"first","18":"instock","19":"sale","20":"featured","21":"taxable","22":"shipping-taxable","23":"purchasable","24":"product-type-simple"},"acf":[],"_links":{"self":[{"href":"https:\/\/secureus.se\/de\/wp-json\/wp\/v2\/product\/69505","targetHints":{"allow":["GET"]}}],"collection":[{"href":"https:\/\/secureus.se\/de\/wp-json\/wp\/v2\/product"}],"about":[{"href":"https:\/\/secureus.se\/de\/wp-json\/wp\/v2\/types\/product"}],"wp:featuredmedia":[{"embeddable":true,"href":"https:\/\/secureus.se\/de\/wp-json\/wp\/v2\/media\/158366"}],"wp:attachment":[{"href":"https:\/\/secureus.se\/de\/wp-json\/wp\/v2\/media?parent=69505"}],"wp:term":[{"taxonomy":"product_brand","embeddable":true,"href":"https:\/\/secureus.se\/de\/wp-json\/wp\/v2\/product_brand?post=69505"},{"taxonomy":"product_cat","embeddable":true,"href":"https:\/\/secureus.se\/de\/wp-json\/wp\/v2\/product_cat?post=69505"},{"taxonomy":"product_tag","embeddable":true,"href":"https:\/\/secureus.se\/de\/wp-json\/wp\/v2\/product_tag?post=69505"}],"curies":[{"name":"wp","href":"https:\/\/api.w.org\/{rel}","templated":true}]}}