{"id":69516,"date":"2022-11-28T11:05:31","date_gmt":"2022-11-28T10:05:31","guid":{"rendered":"https:\/\/secureus.se\/produkt\/fjarrkontroll-tradlos-svart\/"},"modified":"2026-04-02T10:43:45","modified_gmt":"2026-04-02T08:43:45","slug":"ajax-spacecontrol-fjarrkontroll-svart","status":"publish","type":"product","link":"https:\/\/secureus.se\/de\/ajax-spacecontrol-fjarrkontroll-svart\/","title":{"rendered":"Ajax SpaceControl Fernbedienung Schwarz"},"content":{"rendered":"<h3>Ajax SpaceControl ist eine innovative und benutzerfreundliche Fernbedienung, die Ihnen die volle Kontrolle \u00fcber Ihr Sicherheitssystem gibt.<\/h3>\n<p>\u00dcber vier programmierbare Tasten k\u00f6nnen Sie ganz einfach verschiedene Sicherheitsmodi aktivieren oder deaktivieren und \u00fcber die spezielle Paniktaste einen Notfallalarm ausl\u00f6sen.<\/p>\n<p>Diese Fernbedienung ist das perfekte Werkzeug, um Ihr Alarmsystem schnell und einfach bequem zu verwalten, egal ob Sie zu Hause oder im B\u00fcro sind.<\/p>\n<p>Eine der herausragendsten Funktionen von Ajax SpaceControl ist die integrierte Paniktaste.<\/p>\n<p>Tritt ein Notfall ein, k\u00f6nnen Sie sofort den Alarm ausl\u00f6sen und Hilfe holen. Der Panikknopf sendet Alarmsignale sowohl an das Sicherheitsunternehmen als auch an alle angeschlossenen Ger\u00e4te in Ihrem System, sodass schnell Hilfe eingeleitet werden kann.<\/p>\n<p>Dies ist besonders wichtig im Falle eines Einbruchs oder eines anderen Notfalls, bei dem eine schnelle Reaktion von entscheidender Bedeutung sein kann.<\/p>\n<p>Um maximale Sicherheit zu gew\u00e4hrleisten und F\u00e4lschungen zu verhindern, ist Ajax SpaceControl mit Authentifizierungstechnologie ausgestattet.<\/p>\n<p>Dadurch k\u00f6nnen nur autorisierte Benutzer die Fernbedienung anschlie\u00dfen und verwenden, wodurch unbefugter Zugriff und F\u00e4lschungen verhindert werden.<\/p>\n<p>Dar\u00fcber hinaus nutzt es verschl\u00fcsselte Kommunikationskan\u00e4le und verf\u00fcgt \u00fcber eine integrierte St\u00f6rerkennung, wodurch das System vor m\u00f6glichen St\u00f6rungen und Angriffen gesch\u00fctzt ist.<\/p>\n<p>Eine weitere praktische Funktion ist die bidirektionale Kommunikation, die eine Best\u00e4tigung erm\u00f6glicht, dass Ihre Befehle korrekt ausgef\u00fchrt wurden.<\/p>\n<p>Wenn ein Befehl gesendet wird, zeigt die Fernbedienung dies durch ein farbiges Blinken an und gibt Ihnen eine visuelle R\u00fcckmeldung, dass das Sicherheitssystem Ihren Befehl empfangen und verarbeitet hat.<\/p>\n<p>Dies minimiert das Risiko von Missverst\u00e4ndnissen und gibt dem Benutzer die absolute Sicherheit, dass die richtigen Ma\u00dfnahmen ergriffen wurden.<\/p>\n<p>Ajax SpaceControl ist au\u00dferdem sehr einfach zu bedienen. Sie m\u00fcssen sich nicht um komplizierte Installationen oder Benutzereinstellungen k\u00fcmmern.<\/p>\n<p>Die Fernbedienung ist sofort einsatzbereit und l\u00e4sst sich \u00fcber die mobile App problemlos mit Ihrem Ajax-Sicherheitssystem verbinden.<\/p>\n<p>Mit einer Batterielebensdauer von bis zu f\u00fcnf Jahren und einem kompakten Design von nur 13 Gramm ist es sowohl praktisch als auch langlebig.<\/p>\n<p>Diese Fernbedienung funktioniert hervorragend mit allen Ajax-Hubs, Range Extendern, ocBridge Plus und uartBridge und verf\u00fcgt \u00fcber eine Kommunikationsreichweite von bis zu 1300 Metern in offenem Gel\u00e4nde, sodass Sie von fast \u00fcberall in Ihrem Grundst\u00fcck aus Flexibilit\u00e4t und Kontrolle haben.<\/p>\n<p><strong>Technische Spezifikationen:<\/strong><\/p>\n<ul>\n<li><strong>Ger\u00e4tetyp:<\/strong> Fernbedienung mit vier Tasten<\/li>\n<li><strong>Merkmale:<\/strong> Alarmverwaltung, Paniktaste, bidirektionale Kommunikation<\/li>\n<li><strong>Kompatibilit\u00e4t:<\/strong> Funktioniert mit allen Ajax-Hubs und Range Extendern<\/li>\n<li><strong>Verschl\u00fcsselung:<\/strong> AES-128-Bit-Verschl\u00fcsselung<\/li>\n<li><strong>Akkulaufzeit:<\/strong> Bis zu 5 Jahre (CR2032-Batterie)<\/li>\n<li><strong>Temperaturbereich:<\/strong> Von -25\u00b0C bis +50\u00b0C<\/li>\n<li><strong>Luftfeuchtigkeit:<\/strong> Bis zu 95%<\/li>\n<li><strong>Messen:<\/strong> 65 \u00d7 37 \u00d7 10 mm<\/li>\n<li><strong>Gewicht:<\/strong> 13 g<\/li>\n<li><strong>Garantie:<\/strong> 24 Monate (Batterien fallen nicht unter die Garantie)<\/li>\n<\/ul>","protected":false},"excerpt":{"rendered":"<p>Ajax SpaceControl ist eine drahtlose Fernbedienung zur einfachen und sicheren Verwaltung Ihres Sicherheitssystems.<\/p>\n<p>Mit Funktionen wie Paniktaste, Authentifizierung und bidirektionaler Kommunikation sorgt es f\u00fcr effektive Kontrolle und erh\u00f6hte Sicherheit.<\/p>","protected":false},"featured_media":156280,"template":"","meta":{"_acf_changed":false},"product_brand":[],"product_cat":[3164,1319],"product_tag":[3127,2137,4863],"class_list":{"0":"post-69516","1":"product","2":"type-product","3":"status-publish","4":"has-post-thumbnail","6":"product_cat-larmstyrning","7":"product_cat-ajax-larm","8":"product_tag-kontrollprodukt","9":"product_tag-lager-ajax","10":"product_tag-pf","11":"product_shipping_class-postnord-varubrev","12":"pa_ajax-tradlosa-larm-fjarr-overfallsknapp","13":"pa_brands-ajax-systems","14":"pa_color-svart","15":"pa_farg-svart","16":"tm-no-options","18":"first","19":"instock","20":"sale","21":"featured","22":"taxable","23":"shipping-taxable","24":"purchasable","25":"product-type-simple"},"acf":[],"_links":{"self":[{"href":"https:\/\/secureus.se\/de\/wp-json\/wp\/v2\/product\/69516","targetHints":{"allow":["GET"]}}],"collection":[{"href":"https:\/\/secureus.se\/de\/wp-json\/wp\/v2\/product"}],"about":[{"href":"https:\/\/secureus.se\/de\/wp-json\/wp\/v2\/types\/product"}],"wp:featuredmedia":[{"embeddable":true,"href":"https:\/\/secureus.se\/de\/wp-json\/wp\/v2\/media\/156280"}],"wp:attachment":[{"href":"https:\/\/secureus.se\/de\/wp-json\/wp\/v2\/media?parent=69516"}],"wp:term":[{"taxonomy":"product_brand","embeddable":true,"href":"https:\/\/secureus.se\/de\/wp-json\/wp\/v2\/product_brand?post=69516"},{"taxonomy":"product_cat","embeddable":true,"href":"https:\/\/secureus.se\/de\/wp-json\/wp\/v2\/product_cat?post=69516"},{"taxonomy":"product_tag","embeddable":true,"href":"https:\/\/secureus.se\/de\/wp-json\/wp\/v2\/product_tag?post=69516"}],"curies":[{"name":"wp","href":"https:\/\/api.w.org\/{rel}","templated":true}]}}