{"id":69523,"date":"2022-11-28T11:05:31","date_gmt":"2022-11-28T10:05:31","guid":{"rendered":"https:\/\/secureus.se\/produkt\/vattendetektor-tradlos-vit\/"},"modified":"2026-04-10T23:12:35","modified_gmt":"2026-04-10T21:12:35","slug":"ajax-leaksprotect-vattendetektor-vit","status":"publish","type":"product","link":"https:\/\/secureus.se\/de\/ajax-leaksprotect-vattendetektor-vit\/","title":{"rendered":"Ajax LeaksProtect Wassermelder kabellos Wei\u00df"},"content":{"rendered":"<h3><strong>Ajax LeaksProtect \u2013 Drahtloser Wassermelder f\u00fcr \u00dcberschwemmungen<\/strong><\/h3>\n<p>Ajax LeaksProtect ist ein fortschrittlicher und zuverl\u00e4ssiger kabelloser Wassermelder, der Ihr Zuhause oder Ihr Unternehmen vor schweren Sch\u00e4den durch Wasserlecks sch\u00fctzen soll.<\/p>\n<p>Mit innovativer Technik und hochwertiger Ausstattung sorgt dieser Melder daf\u00fcr, dass Sie schnell \u00fcber eventuelle Lecks informiert werden, bevor diese gr\u00f6\u00dferen Schaden anrichten.<\/p>\n<p><strong>Schnelle Erkennung und Alarm:<\/strong> LeaksProtect reagiert sofort beim ersten Anzeichen eines Lecks und aktiviert einen Alarm, um den Benutzer und das Sicherheitsunternehmen \u00fcber das Problem zu informieren.<\/p>\n<p>Die schnelle Erkennung erm\u00f6glicht es Ihnen, rechtzeitig einzugreifen und etwaige Sachsch\u00e4den zu minimieren.<\/p>\n<p><strong>Kompaktes und diskretes Design:<\/strong> Mit einer H\u00f6he von nur 14 mm ist LeaksProtect unglaublich diskret und kann auf fast jeder Oberfl\u00e4che platziert werden.<\/p>\n<p>Dies erm\u00f6glicht die Installation an schwer zug\u00e4nglichen Stellen wie unter der Sp\u00fcle, in der N\u00e4he von Fenstern, neben Rohren oder unter Haushaltsger\u00e4ten, wo Undichtigkeiten auftreten k\u00f6nnen.<\/p>\n<p><strong>Innovative Technologie f\u00fcr Zuverl\u00e4ssigkeit:<\/strong> Der Detektor ist mit vier Paar wasserempfindlichen Kontakten ausgestattet, die die gesamte Oberfl\u00e4che des Ger\u00e4ts bedecken.<\/p>\n<p>Sobald einer der Kontaktpartner mit Wasser in Kontakt kommt, schl\u00e4gt das Ger\u00e4t Alarm und sendet ein Signal an den Ajax-Hub. Dadurch kann das System Lecks schnell erkennen und beheben.<\/p>\n<p><strong>Lange Akkulaufzeit und einfache Installation:<\/strong> LeaksProtect ist sowohl wirksam als auch langlebig.<\/p>\n<p>Es verwendet zwei AAA-Batterien und hat eine Batterielebensdauer von bis zu 5 Jahren.<\/p>\n<p>Die Installation ist einfach und erfordert keinen komplizierten Montagevorgang \u2013 stellen Sie es einfach auf eine horizontale Fl\u00e4che, wo die Gefahr einer Leckage besteht, und schon ist es einsatzbereit.<\/p>\n<p><strong>Schutzart IP65:<\/strong> Mit der Schutzart IP65 ist LeaksProtect sowohl staub- als auch wasserabweisend und somit f\u00fcr den Einsatz im Innen- und Au\u00dfenbereich geeignet.<\/p>\n<p><strong>Automatische Wasserabschaltung:<\/strong> Wenn LeaksProtect an ein WaterStop-Ger\u00e4t angeschlossen ist, kann das System die Wasserzufuhr automatisch abschalten, wenn Lecks erkannt werden.<\/p>\n<p>Dies verhindert m\u00f6gliche \u00dcberschwemmungen und Wassersch\u00e4den und sorgt f\u00fcr zus\u00e4tzliche Sicherheit.<\/p>\n<p><strong>Fern\u00fcberwachung \u00fcber die Ajax-App:<\/strong> Wie andere Ajax-Ger\u00e4te ist LeaksProtect vollst\u00e4ndig in das Ajax-\u00d6kosystem integriert, sodass Sie den Detektor \u00fcber die Ajax-App auf Ihrem Smartphone \u00fcberwachen und steuern k\u00f6nnen.<\/p>\n<p>Sie erhalten im Alarmfall Push-Benachrichtigungen und k\u00f6nnen schnell handeln, um Sch\u00e4den zu verhindern.<\/p>\n<p><strong>Vorteile:<\/strong><\/p>\n<ul>\n<li><strong>Schnelle und effektive Erkennung von Wasserlecks<\/strong> um Sch\u00e4den zu minimieren.<\/li>\n<li><strong>Lange Akkulaufzeit<\/strong> von bis zu 5 Jahren f\u00fcr zuverl\u00e4ssigen Betrieb ohne st\u00e4ndige Wartung.<\/li>\n<li><strong>Kompaktes Design<\/strong> Dies erleichtert die Installation an schwer zug\u00e4nglichen Stellen.<\/li>\n<li><strong>Schutzart IP65<\/strong> f\u00fcr den Einsatz im Innen- und Au\u00dfenbereich.<\/li>\n<li><strong>Automatische Wasserabschaltung<\/strong> durch Integration mit WaterStop, um weitere Sch\u00e4den zu verhindern.<\/li>\n<li><strong>Fernbedienung und \u00dcberwachung<\/strong> \u00fcber die Ajax-App f\u00fcr st\u00e4ndige Kontrolle.<\/li>\n<\/ul>\n<p><strong>Technische Spezifikationen:<\/strong><\/p>\n<ul>\n<li><strong>Akkulaufzeit:<\/strong> Bis zu 5 Jahre.<\/li>\n<li><strong>Kommunikationsbereich:<\/strong> Bis 1300 m (im freien Gel\u00e4nde).<\/li>\n<li><strong>Schutzklasse:<\/strong> IP65 (staubdicht und wasserdicht).<\/li>\n<li><strong>Installationsmethode:<\/strong> Auf einer horizontalen Fl\u00e4che platziert.<\/li>\n<li><strong>Stromversorgung:<\/strong> 2 x AAA-Batterien.<\/li>\n<li><strong>Messen:<\/strong> 56 \u00d7 56 \u00d7 14 mm.<\/li>\n<li><strong>Gewicht:<\/strong> 40 g.<\/li>\n<\/ul>\n<p>Sch\u00fctzen Sie Ihr Zuhause oder Ihr Unternehmen mit Ajax LeaksProtect vor Wassersch\u00e4den.<\/p>\n<p>Seine schnelle Erkennung, zuverl\u00e4ssige Kommunikation und lange Akkulaufzeit machen es zu einem unverzichtbaren Bestandteil Ihres Sicherheitssystems.<\/p>","protected":false},"excerpt":{"rendered":"<p>Ajax LeaksProtect ist ein drahtloser \u00dcberschwemmungsmelder, der Wasserlecks schnell erkennt und Benutzer durch Alarme warnt.<\/p>\n<p>Es l\u00e4sst sich in Ihr Ajax-System integrieren und tr\u00e4gt dazu bei, Ihr Zuhause oder Ihr Unternehmen vor m\u00f6glichen Wassersch\u00e4den zu sch\u00fctzen.<\/p>","protected":false},"featured_media":155448,"template":"","meta":{"_acf_changed":false},"product_brand":[],"product_cat":[3158,1319],"product_tag":[3127,2137,4863],"class_list":{"0":"post-69523","1":"product","2":"type-product","3":"status-publish","4":"has-post-thumbnail","6":"product_cat-vattenlarm-och-fuktlarm","7":"product_cat-ajax-larm","8":"product_tag-kontrollprodukt","9":"product_tag-lager-ajax","10":"product_tag-pf","11":"product_shipping_class-postnord-varubrev","12":"pa_ajax-tradlosa-larm-fuktlarm","13":"pa_brands-ajax-systems","14":"pa_color-vit","15":"pa_farg-vit","16":"tm-no-options","18":"first","19":"instock","20":"sale","21":"featured","22":"taxable","23":"shipping-taxable","24":"purchasable","25":"product-type-simple"},"acf":[],"_links":{"self":[{"href":"https:\/\/secureus.se\/de\/wp-json\/wp\/v2\/product\/69523","targetHints":{"allow":["GET"]}}],"collection":[{"href":"https:\/\/secureus.se\/de\/wp-json\/wp\/v2\/product"}],"about":[{"href":"https:\/\/secureus.se\/de\/wp-json\/wp\/v2\/types\/product"}],"wp:featuredmedia":[{"embeddable":true,"href":"https:\/\/secureus.se\/de\/wp-json\/wp\/v2\/media\/155448"}],"wp:attachment":[{"href":"https:\/\/secureus.se\/de\/wp-json\/wp\/v2\/media?parent=69523"}],"wp:term":[{"taxonomy":"product_brand","embeddable":true,"href":"https:\/\/secureus.se\/de\/wp-json\/wp\/v2\/product_brand?post=69523"},{"taxonomy":"product_cat","embeddable":true,"href":"https:\/\/secureus.se\/de\/wp-json\/wp\/v2\/product_cat?post=69523"},{"taxonomy":"product_tag","embeddable":true,"href":"https:\/\/secureus.se\/de\/wp-json\/wp\/v2\/product_tag?post=69523"}],"curies":[{"name":"wp","href":"https:\/\/api.w.org\/{rel}","templated":true}]}}