{"id":69549,"date":"2022-11-28T11:05:31","date_gmt":"2022-11-28T10:05:31","guid":{"rendered":"https:\/\/secureus.se\/produkt\/manoverpanel-tradlos-svart\/"},"modified":"2026-03-10T11:00:31","modified_gmt":"2026-03-10T10:00:31","slug":"ajax-keypad-manoverpanel-svart","status":"publish","type":"product","link":"https:\/\/secureus.se\/de\/ajax-keypad-manoverpanel-svart\/","title":{"rendered":"Ajax KeyPad Bedienfeld Schwarz"},"content":{"rendered":"<h3>Das Ajax KeyPad ist ein fortschrittliches drahtloses Bedienfeld, mit dem Sie Ihr Ajax-Sicherheitssystem einfach und sicher steuern k\u00f6nnen.<\/h3>\n<p>Es ist mit einer kapazitiven Touch-Tastatur ausgestattet, mit der das Sicherheitssystem einfach durch Eingabe eines Codes aktiviert und deaktiviert werden kann.<\/p>\n<p>KeyPad ist au\u00dferdem mit einer Reihe erweiterter Funktionen wie Authentifizierung zur Verhinderung von F\u00e4lschungen und Manipulationen ausgestattet, was es zu einer zuverl\u00e4ssigen Wahl macht, um die Sicherheit Ihres Zuhauses oder Unternehmens zu gew\u00e4hrleisten.<\/p>\n<p>Mit dem Ajax KeyPad kann der Benutzer verschiedene Sicherheitsmodi effektiv steuern. Es verf\u00fcgt \u00fcber einen speziellen Alarmknopf, der bei Verdacht auf Einbruch oder Notfallsituationen einen Notfallalarm ausl\u00f6sen kann.<\/p>\n<p>Um unbefugten Zugriff zu verhindern und potenzielle Bedrohungen abzuwehren, sperrt KeyPad automatisch, wenn innerhalb kurzer Zeit zu viele Fehleingaben vorgenommen werden.<\/p>\n<p>Das KeyPad ist au\u00dferdem mit einer stillen Alarmfunktion ausgestattet, die es dem Benutzer erm\u00f6glicht, ein Alarmsignal zu aktivieren, ohne seinen Standort potenziellen Eindringlingen preiszugeben.<\/p>\n<p>Es unterst\u00fctzt bis zu 99 Benutzercodes und unterst\u00fctzt die Remote-Erstellung und -Bearbeitung von Codes \u00fcber die Ajax-App.<\/p>\n<p>Es funktioniert auch mit einem einzigartigen \u201eZwangscode\u201c, der eine diskrete Aktivierung des Alarms erm\u00f6glicht, wenn der Benutzer gezwungen ist, das Sicherheitssystem unter Zwang zu deaktivieren.<\/p>\n<p>KeyPad ist mit allen Ajax-Hubs und Range Extendern kompatibel und kann daher in verschiedenen Installationsszenarien verwendet werden.<\/p>\n<p>Au\u00dferdem ist es einfach zu installieren und zu konfigurieren und mit den vorinstallierten Batterien k\u00f6nnen Sie sofort loslegen.<\/p>\n<p>Es nutzt Jeweler-Funktechnologie, um eine stabile und sichere Kommunikation zwischen Ger\u00e4ten und der Zentraleinheit zu gew\u00e4hrleisten, mit einer beeindruckenden Kommunikationsreichweite von bis zu 1700 Metern.<\/p>\n<p><strong>Technische Spezifikationen<\/strong>:<\/p>\n<ul>\n<li><strong>Kommunikation<\/strong>: Kabellos mit Jeweler-Funktechnologie<\/li>\n<li><strong>Stromversorgung<\/strong>: 4 \u00d7 AAA-Batterien, bis zu 2 Jahre Batterielebensdauer<\/li>\n<li><strong>Kommunikationsbereich<\/strong>: Bis zu 2700 km Freifl\u00e4che<\/li>\n<li><strong>Temperaturbereich<\/strong>: -10\u00b0C bis +40\u00b0C<\/li>\n<li><strong>Luftfeuchtigkeit<\/strong>: Bis zu 75%<\/li>\n<li><strong>Schutz<\/strong>: F\u00e4lschungsschutz, Interferenzerkennung<\/li>\n<li><strong>Gr\u00f6\u00dfe<\/strong>: 150 \u00d7 103 \u00d7 14 mm<\/li>\n<li><strong>Gewicht<\/strong>: 197 g<\/li>\n<li><strong>Garantie<\/strong>: 24 Monate<\/li>\n<\/ul>\n<p><strong>Das Paket enth\u00e4lt<\/strong>:<\/p>\n<ul>\n<li>Ajax-Tastatur<\/li>\n<li>SmartBracket-Montageplatte<\/li>\n<li>4 \u00d7 AAA-Batterien (vorinstalliert)<\/li>\n<li>Installationssatz<\/li>\n<li>Kurzanleitung<\/li>\n<\/ul>\n<p>&nbsp;<\/p>","protected":false},"excerpt":{"rendered":"<p>Das Ajax KeyPad ist ein kabelloses Drucktastenfeld, mit dem Benutzer ihr Ajax-Sicherheitssystem einfach und sicher steuern k\u00f6nnen.<\/p>\n<p>Mit Funktionen wie Authentifizierung, Alarmtaste und Manipulationsalarm bietet es sowohl Sicherheit als auch Benutzerfreundlichkeit.<\/p>\n<p>Die Installation ist einfach und funktioniert in jedem Innenbereich.<\/p>\n<p>Durch die Unterst\u00fctzung mehrerer Benutzercodes und die M\u00f6glichkeit, Bedrohungscodes zu erstellen, bietet das Ajax KeyPad maximale Sicherheit f\u00fcr Privathaushalte und Unternehmen.<\/p>","protected":false},"featured_media":156277,"template":"","meta":{"_acf_changed":false},"product_brand":[],"product_cat":[3164,1319],"product_tag":[3127,4863],"class_list":{"0":"post-69549","1":"product","2":"type-product","3":"status-publish","4":"has-post-thumbnail","6":"product_cat-larmstyrning","7":"product_cat-ajax-larm","8":"product_tag-kontrollprodukt","9":"product_tag-pf","10":"pa_ajax-tradlosa-larm-knapssats-manoverpanel","11":"pa_brands-ajax-systems","12":"pa_color-svart","13":"pa_farg-svart","14":"tm-no-options","16":"first","17":"instock","18":"sale","19":"featured","20":"taxable","21":"shipping-taxable","22":"purchasable","23":"product-type-simple"},"acf":[],"_links":{"self":[{"href":"https:\/\/secureus.se\/de\/wp-json\/wp\/v2\/product\/69549","targetHints":{"allow":["GET"]}}],"collection":[{"href":"https:\/\/secureus.se\/de\/wp-json\/wp\/v2\/product"}],"about":[{"href":"https:\/\/secureus.se\/de\/wp-json\/wp\/v2\/types\/product"}],"wp:featuredmedia":[{"embeddable":true,"href":"https:\/\/secureus.se\/de\/wp-json\/wp\/v2\/media\/156277"}],"wp:attachment":[{"href":"https:\/\/secureus.se\/de\/wp-json\/wp\/v2\/media?parent=69549"}],"wp:term":[{"taxonomy":"product_brand","embeddable":true,"href":"https:\/\/secureus.se\/de\/wp-json\/wp\/v2\/product_brand?post=69549"},{"taxonomy":"product_cat","embeddable":true,"href":"https:\/\/secureus.se\/de\/wp-json\/wp\/v2\/product_cat?post=69549"},{"taxonomy":"product_tag","embeddable":true,"href":"https:\/\/secureus.se\/de\/wp-json\/wp\/v2\/product_tag?post=69549"}],"curies":[{"name":"wp","href":"https:\/\/api.w.org\/{rel}","templated":true}]}}