{"id":69556,"date":"2022-11-28T11:05:31","date_gmt":"2022-11-28T10:05:31","guid":{"rendered":"https:\/\/secureus.se\/produkt\/relamodul-36vdc-och-230vac-tradlos-svart\/"},"modified":"2026-04-01T11:12:11","modified_gmt":"2026-04-01T09:12:11","slug":"ajax-relay-module-relamodul-36vdc","status":"publish","type":"product","link":"https:\/\/secureus.se\/de\/ajax-relay-module-relamodul-36vdc\/","title":{"rendered":"Ajax Relaismodul Relaismodul-Steuerung mit 7-24\u00a0V\u00a0DC (drahtloses Ger\u00e4t)"},"content":{"rendered":"<h3>Das Ajax-Relaismodul ist eine vielseitige und effiziente L\u00f6sung zur Fernsteuerung elektrischer Systeme \u00fcber ein drahtloses Netzwerk.<\/h3>\n<p>Das Modul ist sowohl mit Niederspannungssystemen als auch mit Haushaltsstrom kompatibel und eignet sich daher ideal f\u00fcr die Steuerung einer Vielzahl von Ger\u00e4ten, von Beleuchtung und Toren bis hin zu Ventilen und elektromagnetischen Schl\u00f6ssern.<\/p>\n<p>Das Relaismodul ist mit einem Trockenkontakt ausgestattet und arbeitet ohne galvanische Verbindung zur Stromversorgung des Ger\u00e4ts, wodurch es in einer Vielzahl von Elektroinstallationen eingesetzt werden kann.<\/p>\n<p>Eines der hervorstechendsten Merkmale ist die flexible Betriebstechnologie, die sowohl bistabile als auch Impulsmodi f\u00fcr unterschiedliche Einsatzzwecke bietet.<\/p>\n<p>Im Pulsmodus kann der Anwender die Dauer von 0,5 bis 255 Sekunden einstellen und so das Modul genau nach Bedarf einstellen.<\/p>\n<p>Das Relaismodul ist au\u00dferdem mit einem Spannungsschutz ausgestattet, der das Ger\u00e4t vor Spannungsspitzen sch\u00fctzt und eine lange Lebensdauer und Betriebssicherheit gew\u00e4hrleistet.<\/p>\n<p>Die Installation ist einfach und dauert nur wenige Minuten. Durch die Verbindung des Moduls mit dem Ajax-Hub \u00fcber die Ajax-App k\u00f6nnen Benutzer schnell auf ihre Ger\u00e4te zugreifen.<\/p>\n<p>Das miniaturisierte Ger\u00e4t (39\u00d733\u00d718 mm) passt perfekt in elektrische Anschlussk\u00e4sten und Schalttafeln, und eine externe Antenne sorgt f\u00fcr stabile Kommunikation bis zu 1000 Metern im offenen Gel\u00e4nde.<\/p>\n<p>Das Relaismodul basiert auf der Jeweler-Funktechnologie von Ajax und gew\u00e4hrleistet eine schnelle und sichere Kommunikation zwischen Ger\u00e4ten.<\/p>\n<p>Die Verschl\u00fcsselung und Authentifizierung verhindert F\u00e4lschungen und Hackerangriffe und macht das System sowohl sicher als auch zuverl\u00e4ssig.<\/p>\n<p>Das Relaismodul kann sowohl ohmsche als auch induktive Lasten verarbeiten und unterst\u00fctzt eine maximale Stromlast von 13 A bei 230 V~ und 5 A bei 24 V\u2393.<\/p>\n<p>Das Relaismodul eignet sich ideal f\u00fcr den Einsatz in kleinen und gro\u00dfen Anlagen und kann zur Steuerung einer Reihe elektrischer Ger\u00e4te eingesetzt werden.<\/p>\n<p>Durch die Unterst\u00fctzung der Automatisierung \u00fcber die Ajax-Apps kann Relay problemlos in automatisierte Szenarien integriert werden, z. B. das Einschalten von Lichtern bei Ausl\u00f6sung eines Alarms oder die Steuerung von Ventilen und Toren auf der Grundlage von Zeitpl\u00e4nen oder Alarmereignissen.<\/p>","protected":false},"excerpt":{"rendered":"<p>Das Relaismodul kann sowohl ohmsche als auch induktive Lasten verarbeiten und unterst\u00fctzt eine maximale Strombelastung von <span style=\"text-decoration: underline\"><strong>13A bei 230V<\/strong><\/span>~ und <span style=\"text-decoration: underline\"><strong>5 A bei 36 V Gleichstrom.<\/strong><\/span><\/p>\n<p>Das Ajax-Relaismodul ist ein drahtloses, ferngesteuertes Relaismodul, das eine effektive Steuerung elektrischer Ger\u00e4te und Systeme erm\u00f6glicht.<\/p>\n<p>Es funktioniert sowohl in Niederspannungsnetzen als auch in Haushaltsnetzen und bietet flexible Nutzungsmodi zur Automatisierung und Steuerung von Ger\u00e4ten wie Vorh\u00e4ngen, Ventilen, Toren und vielem mehr.<\/p>","protected":false},"featured_media":155622,"template":"","meta":{"_acf_changed":false},"product_brand":[],"product_cat":[3169,1319],"product_tag":[3127,4863],"class_list":{"0":"post-69556","1":"product","2":"type-product","3":"status-publish","4":"has-post-thumbnail","6":"product_cat-automation","7":"product_cat-ajax-larm","8":"product_tag-kontrollprodukt","9":"product_tag-pf","10":"product_shipping_class-postnord-varubrev","11":"pa_ajax-tradlosa-larm-rela-multisandare","12":"pa_brands-ajax-systems","13":"pa_color-svart","14":"pa_farg-svart","15":"tm-no-options","17":"first","18":"instock","19":"sale","20":"featured","21":"taxable","22":"shipping-taxable","23":"purchasable","24":"product-type-simple"},"acf":[],"_links":{"self":[{"href":"https:\/\/secureus.se\/de\/wp-json\/wp\/v2\/product\/69556","targetHints":{"allow":["GET"]}}],"collection":[{"href":"https:\/\/secureus.se\/de\/wp-json\/wp\/v2\/product"}],"about":[{"href":"https:\/\/secureus.se\/de\/wp-json\/wp\/v2\/types\/product"}],"wp:featuredmedia":[{"embeddable":true,"href":"https:\/\/secureus.se\/de\/wp-json\/wp\/v2\/media\/155622"}],"wp:attachment":[{"href":"https:\/\/secureus.se\/de\/wp-json\/wp\/v2\/media?parent=69556"}],"wp:term":[{"taxonomy":"product_brand","embeddable":true,"href":"https:\/\/secureus.se\/de\/wp-json\/wp\/v2\/product_brand?post=69556"},{"taxonomy":"product_cat","embeddable":true,"href":"https:\/\/secureus.se\/de\/wp-json\/wp\/v2\/product_cat?post=69556"},{"taxonomy":"product_tag","embeddable":true,"href":"https:\/\/secureus.se\/de\/wp-json\/wp\/v2\/product_tag?post=69556"}],"curies":[{"name":"wp","href":"https:\/\/api.w.org\/{rel}","templated":true}]}}