{"id":69561,"date":"2022-11-28T11:05:30","date_gmt":"2022-11-28T10:05:30","guid":{"rendered":"https:\/\/secureus.se\/produkt\/glaskrossdetektor-9m-tradlos-vit\/"},"modified":"2026-03-31T14:18:04","modified_gmt":"2026-03-31T12:18:04","slug":"ajax-glassprotect-vit-glaskross","status":"publish","type":"product","link":"https:\/\/secureus.se\/de\/ajax-glassprotect-vit-glaskross\/","title":{"rendered":"Ajax GlassProtect Glasbruchmelder 9 m kabellos Wei\u00df"},"content":{"rendered":"<h3><strong>Ajax GlassProtect \u2013 Drahtloser Glasbruchmelder f\u00fcr erh\u00f6hten Schutz<\/strong><\/h3>\n<p>Ajax GlassProtect ist ein kabelloser High-Tech-Glasbruchmelder, der zuverl\u00e4ssigen Schutz f\u00fcr Ihr Zuhause oder Ihr Unternehmen bietet.<\/p>\n<p>Dieser Detektor wurde entwickelt, um zerbrochenes Glas aus einer Entfernung von bis zu 9 Metern schnell zu erkennen. Er verwendet ein empfindliches Elektretmikrofon, das das Ger\u00e4usch von zerbrochenem Glas aufzeichnet, einschlie\u00dflich nieder- und hochfrequenter Ger\u00e4usche.<\/p>\n<p>GlassProtect reagiert im Falle eines Glasbruchs sofort und sendet ein Alarmsignal an Ihr Ajax-System und stellt so sicher, dass sowohl Benutzer als auch Sicherheitsunternehmen schnell \u00fcber m\u00f6gliche Verst\u00f6\u00dfe informiert werden.<\/p>\n<p><strong>Verhindert Fehlalarme durch fortschrittliche Technologie<\/strong><\/p>\n<p>Einer der Hauptvorteile von Ajax GlassProtect ist die F\u00e4higkeit, Fehlalarme zu minimieren.<\/p>\n<p>Mithilfe der Zwei-Faktor-Glasbrucherkennung, die das Ger\u00e4usch von zerbrechendem Glas und fallendem Glas kombiniert, kann es echte Einbr\u00fcche genau von anderen St\u00f6rungen wie Donner, Hundegebell oder dem Ger\u00e4usch vorbeifahrender Autos unterscheiden.<\/p>\n<p>Das bedeutet, dass der Melder nur auf echte Bedrohungen reagiert, was das Risiko von Fehlalarmen verringert und Ihnen eine sicherere und zuverl\u00e4ssigere Sicherheitsl\u00f6sung bietet.<\/p>\n<p><strong>Sichere Kommunikation und Manipulationsalarm<\/strong><\/p>\n<p>Ajax GlassProtect nutzt das Jeweler-Radio von Ajax, um mit Ihrem Sicherheitssystem zu kommunizieren.<\/p>\n<p>Dadurch kann der Melder in Entfernungen von bis zu 1000 Metern ungehindert arbeiten und gew\u00e4hrleistet so eine effiziente \u00dcbertragung aller Alarme und Daten.<\/p>\n<p>Zur weiteren Verbesserung der Sicherheit verf\u00fcgt GlassProtect \u00fcber eine Manipulationsschutzfunktion, die sofort einen Alarm ausl\u00f6st, wenn jemand versucht, das Ger\u00e4t zu manipulieren oder es von der Montageplatte zu entfernen.<\/p>\n<p><strong>Lange Akkulaufzeit und einfache Installation<\/strong><\/p>\n<p>Mit der mitgelieferten CR123A-Batterie, die eine lange Lebensdauer von bis zu 7 Jahren hat, bietet Ajax GlassProtect einen langfristigen und wartungsfreien Betrieb.<\/p>\n<p>Dies macht es ideal f\u00fcr Wohn- und Gewerbeimmobilien, bei denen Zuverl\u00e4ssigkeit und langlebige Leistung wichtig sind.<\/p>\n<p>Auch die Installation ist denkbar einfach: Sobald der Akku vorinstalliert und das Ger\u00e4t einsatzbereit ist, verbinden Sie GlassProtect schnell \u00fcber die App mit Ihrem Ajax-Hub und montieren es auf dem mitgelieferten SmartBracket-Panel.<\/p>\n<p><strong>Intelligent und effizient f\u00fcr alle Fenstertypen<\/strong><\/p>\n<p>GlassProtect funktioniert hervorragend in Umgebungen, in denen der Schutz von Fenstern und Glas wichtig ist.<\/p>\n<p>Es ist unempfindlich gegen\u00fcber anderen Ger\u00e4uschen wie Donner oder Hundegebell, was bedeutet, dass es eine genaue Erkennung erm\u00f6glicht, ohne durch \u00e4u\u00dfere St\u00f6rungen beeintr\u00e4chtigt zu werden.<\/p>\n<p>Der Melder ist f\u00fcr die Erkennung von Glasbruch innerhalb eines Erfassungsbereichs von 180\u00b0 konzipiert und l\u00e4sst sich einfach an einer Wand oder einem Fensterrahmen installieren.<\/p>\n<p>Um optimale Ergebnisse zu erzielen, sollte das Ger\u00e4t zwischen Vorh\u00e4ngen oder anderen Hindernissen platziert werden, um sicherzustellen, dass es auf Glasbruch reagiert, ohne durch andere Ger\u00e4usche oder Gegenst\u00e4nde gefiltert zu werden.<\/p>\n<p><strong>Technische Spezifikationen:<\/strong><\/p>\n<ul>\n<li><strong>Art des Detektors:<\/strong> Drahtloser Glasbrechermelder<\/li>\n<li><strong>Erkennungsentfernung:<\/strong> Bis zu 9 Meter<\/li>\n<li><strong>Erfassungswinkel:<\/strong> 180\u00b0<\/li>\n<li><strong>Akkulaufzeit:<\/strong> Bis zu 7 Jahre<\/li>\n<li><strong>Kommunikationsprotokoll:<\/strong> Juwelier<\/li>\n<li><strong>Stromversorgung:<\/strong> CR123A-Batterie (3 V, vorinstalliert)<\/li>\n<li><strong>Installationsmethode:<\/strong> Drinnen<\/li>\n<li><strong>Temperaturbereich:<\/strong> -10\u00b0C bis +40\u00b0C<\/li>\n<li><strong>Luftfeuchtigkeit:<\/strong> Bis zu 75%<\/li>\n<li><strong>Abmessungen:<\/strong> Durchmesser: 20 mm, H\u00f6he: 90 mm<\/li>\n<li><strong>Gewicht:<\/strong> 30 g<\/li>\n<li><strong>Manipulationsalarm:<\/strong> Ja<\/li>\n<li><strong>Kompatibilit\u00e4t:<\/strong> Funktioniert mit allen Ajax-Hubs, Range Extendern, ocBridge Plus und uartBridge<\/li>\n<\/ul>\n<p><strong>Abschluss:<\/strong><\/p>\n<p>Ajax GlassProtect bietet eine zuverl\u00e4ssige und sichere L\u00f6sung, um Ihr Zuhause oder Ihr Unternehmen vor dem Eindringen von Glassplittern zu sch\u00fctzen.<\/p>\n<p>Mit langer Akkulaufzeit, fortschrittlicher Technologie zur Verhinderung von Fehlalarmen und einer einfachen Installation ist GlassProtect die perfekte Wahl f\u00fcr alle, die ein zuverl\u00e4ssiges und effektives Glasbruch-Sicherheitssystem w\u00fcnschen.<\/p>","protected":false},"excerpt":{"rendered":"<p>Ajax GlassProtect ist ein kabelloser Glasbruchmelder, der zerbrochenes Glas in einer Entfernung von bis zu 9 Metern erkennt.<\/p>\n<p>Mit fortschrittlicher Technologie zur Vermeidung von Fehlalarmen und einer Batterielebensdauer von bis zu 7 Jahren bietet es zuverl\u00e4ssigen Schutz f\u00fcr Ihr Zuhause oder Ihr Unternehmen.<\/p>","protected":false},"featured_media":155461,"template":"","meta":{"_acf_changed":false},"product_brand":[],"product_cat":[3160,1319,3162],"product_tag":[3152,3127,2137,4863],"class_list":{"0":"post-69561","1":"product","2":"type-product","3":"status-publish","4":"has-post-thumbnail","6":"product_cat-skalskydd","7":"product_cat-ajax-larm","8":"product_cat-glaskrossdetektor","9":"product_tag-cr123-tillbehor","10":"product_tag-kontrollprodukt","11":"product_tag-lager-ajax","12":"product_tag-pf","13":"product_shipping_class-postnord-varubrev","14":"pa_ajax-tradlosa-larm-glaskrossdetektorer","15":"pa_brands-ajax-systems","16":"pa_color-vit","17":"pa_farg-vit","18":"tm-no-options","20":"first","21":"instock","22":"sale","23":"featured","24":"taxable","25":"shipping-taxable","26":"purchasable","27":"product-type-simple"},"acf":[],"_links":{"self":[{"href":"https:\/\/secureus.se\/de\/wp-json\/wp\/v2\/product\/69561","targetHints":{"allow":["GET"]}}],"collection":[{"href":"https:\/\/secureus.se\/de\/wp-json\/wp\/v2\/product"}],"about":[{"href":"https:\/\/secureus.se\/de\/wp-json\/wp\/v2\/types\/product"}],"wp:featuredmedia":[{"embeddable":true,"href":"https:\/\/secureus.se\/de\/wp-json\/wp\/v2\/media\/155461"}],"wp:attachment":[{"href":"https:\/\/secureus.se\/de\/wp-json\/wp\/v2\/media?parent=69561"}],"wp:term":[{"taxonomy":"product_brand","embeddable":true,"href":"https:\/\/secureus.se\/de\/wp-json\/wp\/v2\/product_brand?post=69561"},{"taxonomy":"product_cat","embeddable":true,"href":"https:\/\/secureus.se\/de\/wp-json\/wp\/v2\/product_cat?post=69561"},{"taxonomy":"product_tag","embeddable":true,"href":"https:\/\/secureus.se\/de\/wp-json\/wp\/v2\/product_tag?post=69561"}],"curies":[{"name":"wp","href":"https:\/\/api.w.org\/{rel}","templated":true}]}}