{"id":69575,"date":"2022-11-28T11:05:23","date_gmt":"2022-11-28T10:05:23","guid":{"rendered":"https:\/\/secureus.se\/produkt\/magnetkontakt-tilt-chocksensor-extern-ingang-tradlos-vit\/"},"modified":"2026-04-06T22:56:24","modified_gmt":"2026-04-06T20:56:24","slug":"ajax-doorprotect-plus-magnetkontakt-chock-vit","status":"publish","type":"product","link":"https:\/\/secureus.se\/de\/ajax-doorprotect-plus-magnetkontakt-chock-vit\/","title":{"rendered":"Ajax DoorProtect Plus Magnetkontakt T\u00fcrsensor + Sto\u00dfsensor Wei\u00df"},"content":{"rendered":"<h3><strong>Ajax DoorProtect Plus<\/strong> ist ein fortschrittlicher kabelloser \u00d6ffnungssensor, der Ihr Zuhause oder Ihr Unternehmen vollst\u00e4ndig sch\u00fctzt, indem er sowohl das \u00d6ffnen als auch das Schlie\u00dfen von T\u00fcren, Fenstern und Luken erkennt.<\/h3>\n<p>Dieser Sensor ist ein unverzichtbares Werkzeug zum Schutz von Geb\u00e4uden und zur Schaffung von Smart-Home-L\u00f6sungen, die die Sicherheit automatisch verwalten.<\/p>\n<p>Das innovative Design kombiniert einen \u00d6ffnungssensor mit einem <strong>Sto\u00dfsensor<\/strong> und eins <strong>Neigungsdetektor<\/strong>.<\/p>\n<p>Wenn T\u00fcren oder Fenster ge\u00f6ffnet oder St\u00f6\u00dfen ausgesetzt werden, wird der Sensor aktiviert und ein Alarm an Ihr Sicherheitssystem gesendet.<\/p>\n<p>Diese Sensoreinheit kann an Ihr Ajax-Alarmsystem angeschlossen und problemlos in andere Sicherheitsger\u00e4te wie Sirenen, Lichter oder Kameras integriert werden.<\/p>\n<p>Einer der gro\u00dfen Vorteile von <strong>Ajax DoorProtect Plus<\/strong> ist seine F\u00e4higkeit zu sp\u00fcren <strong>Beulen<\/strong> Und <strong>Neigung<\/strong>Dies macht ihn zu einer fortschrittlicheren und zuverl\u00e4ssigeren L\u00f6sung als herk\u00f6mmliche \u00d6ffnungssensoren.<\/p>\n<p>Wenn eine T\u00fcr oder ein Fenster Druck oder Manipulation ausgesetzt wird, beispielsweise bei einem Einbruch oder dem Versuch, die T\u00fcr aufzubrechen, l\u00f6st der Sensor sofort einen Alarm aus.<\/p>\n<p>Um Fehlalarme zu vermeiden, l\u00e4sst sich die Empfindlichkeit anpassen, je nach Umgebung und Einsatzgebiet stehen drei Stufen zur Auswahl.<\/p>\n<h3>Merkmale:<\/h3>\n<ul>\n<li><strong>Eingebauter Sto\u00dfsensor und Neigungsdetektor<\/strong>: Zur Erkennung von Einbr\u00fcchen oder Manipulationen durch St\u00f6\u00dfe und Neigungswinkel\u00e4nderungen.<\/li>\n<li><strong>Einstellbare Empfindlichkeit<\/strong>: Passen Sie die Sto\u00dfempfindlichkeit in drei Stufen an, um Fehlalarme zu vermeiden.<\/li>\n<li><strong>Batterielebensdauer von bis zu 5 Jahren<\/strong>: Dank eines Energiesparalgorithmus, der einen langen Betrieb ohne Batteriewechsel gew\u00e4hrleistet.<\/li>\n<li><strong>Drahtlose Kommunikation<\/strong>: Verbindet sich drahtlos mit der Ajax-Zentrale und sendet Testsignale, um eine ordnungsgem\u00e4\u00dfe Kommunikation sicherzustellen.<\/li>\n<li><strong>Automatische Benachrichtigungen<\/strong>: Benutzer erhalten Alarme und Benachrichtigungen, wenn T\u00fcren oder Fenster manipuliert oder ge\u00f6ffnet werden.<\/li>\n<li><strong>Manipulationsschutz<\/strong>: Sch\u00fctzt vor Einbruchsversuchen durch Manipulationsalarme, die bei Manipulation oder Demontage aktiviert werden.<\/li>\n<li><strong>Zwei Magnete im Lieferumfang enthalten<\/strong>: F\u00fcr unterschiedliche Einbaum\u00f6glichkeiten je nach Konstruktion der T\u00fcr oder des Fensters.<\/li>\n<li><strong>Integrieren Sie sich in das Ajax-Sicherheitssystem<\/strong>: Funktioniert perfekt mit allen Ajax-Hubs und -Systemen, jedoch nicht mit Sicherheitsl\u00f6sungen von Drittanbietern.<\/li>\n<li><strong>SmartBracket<\/strong>: Einfache Installation ohne Besch\u00e4digung des Innenraums durch die mitgelieferte SmartBracket-Halterung.<\/li>\n<\/ul>\n<h3>Einsatzgebiete:<\/h3>\n<ul>\n<li><strong>Einbruchschutz<\/strong>: Sch\u00fctzen Sie T\u00fcren und Fenster vor Einbruch, indem Sie beim \u00d6ffnen oder bei St\u00f6\u00dfen sofort den Alarm ausl\u00f6sen.<\/li>\n<li><strong>Betreuung \u00e4lterer Menschen oder Kinder<\/strong>: Bringen Sie den Sensor an T\u00fcren oder Schr\u00e4nken an, um Benachrichtigungen zu erhalten, wenn jemand wichtige Bereiche verl\u00e4sst oder \u00f6ffnet.<\/li>\n<li><strong>Industrielle Nutzung<\/strong>: Wird in Lagerhallen, Fabriken und anderen Industriegeb\u00e4uden verwendet, um T\u00fcren und Fenster vor Manipulation und Diebstahl zu sch\u00fctzen.<\/li>\n<\/ul>\n<p><strong>Ajax DoorProtect Plus<\/strong> ist ein zuverl\u00e4ssiger und leistungsstarker \u00d6ffnungssensor, der daf\u00fcr sorgt, dass Ihr Zuhause oder Ihr Arbeitsplatz vor Einbruch und anderen Bedrohungen gesch\u00fctzt ist.<\/p>\n<p>Mit der kabellosen Verbindung, der langen Akkulaufzeit und den erweiterten Sicherheitsfunktionen ist dies die perfekte Wahl, um Ihre Sicherheit zu erh\u00f6hen und Seelenfrieden zu gewinnen.<\/p>","protected":false},"excerpt":{"rendered":"<p>Ajax DoorProtect Plus ist ein fortschrittlicher kabelloser \u00d6ffnungssensor mit integriertem Sto\u00dfsensor und Neigungssensor.<\/p>\n<p>Perfekt zum Schutz von T\u00fcren, Fenstern und Luken vor Einbruch und Manipulation.<\/p>\n<p>Bis zu 5 Jahre Batterielebensdauer und drahtlose Verbindung zum Ajax-Sicherheitssystem.<\/p>","protected":false},"featured_media":155458,"template":"","meta":{"_acf_changed":false},"product_brand":[],"product_cat":[3160,1319,3161],"product_tag":[3127,2137,4863],"class_list":{"0":"post-69575","1":"product","2":"type-product","3":"status-publish","4":"has-post-thumbnail","6":"product_cat-skalskydd","7":"product_cat-ajax-larm","8":"product_cat-dorrbrytare","9":"product_tag-kontrollprodukt","10":"product_tag-lager-ajax","11":"product_tag-pf","12":"product_shipping_class-postnord-varubrev","13":"pa_ajax-tradlosa-larm-magnetkontakter","14":"pa_brands-ajax-systems","15":"pa_color-vit","16":"pa_farg-vit","17":"tm-no-options","19":"first","20":"instock","21":"sale","22":"featured","23":"taxable","24":"shipping-taxable","25":"purchasable","26":"product-type-simple"},"acf":[],"_links":{"self":[{"href":"https:\/\/secureus.se\/de\/wp-json\/wp\/v2\/product\/69575","targetHints":{"allow":["GET"]}}],"collection":[{"href":"https:\/\/secureus.se\/de\/wp-json\/wp\/v2\/product"}],"about":[{"href":"https:\/\/secureus.se\/de\/wp-json\/wp\/v2\/types\/product"}],"wp:featuredmedia":[{"embeddable":true,"href":"https:\/\/secureus.se\/de\/wp-json\/wp\/v2\/media\/155458"}],"wp:attachment":[{"href":"https:\/\/secureus.se\/de\/wp-json\/wp\/v2\/media?parent=69575"}],"wp:term":[{"taxonomy":"product_brand","embeddable":true,"href":"https:\/\/secureus.se\/de\/wp-json\/wp\/v2\/product_brand?post=69575"},{"taxonomy":"product_cat","embeddable":true,"href":"https:\/\/secureus.se\/de\/wp-json\/wp\/v2\/product_cat?post=69575"},{"taxonomy":"product_tag","embeddable":true,"href":"https:\/\/secureus.se\/de\/wp-json\/wp\/v2\/product_tag?post=69575"}],"curies":[{"name":"wp","href":"https:\/\/api.w.org\/{rel}","templated":true}]}}