{"id":69589,"date":"2022-11-28T11:05:23","date_gmt":"2022-11-28T10:05:23","guid":{"rendered":"https:\/\/secureus.se\/produkt\/kameradetektor-utomhus-tradlos-vit-2\/"},"modified":"2026-03-09T17:41:53","modified_gmt":"2026-03-09T16:41:53","slug":"ajax-motioncam-outdoor-vit-2","status":"publish","type":"product","link":"https:\/\/secureus.se\/de\/ajax-motioncam-outdoor-vit-2\/","title":{"rendered":"Ajax MotionCam Outdoor Kamera-Detektor f\u00fcr den Au\u00dfenbereich, kabellos, Wei\u00df"},"content":{"rendered":"<div class=\"flex-1 overflow-hidden\">\n<div class=\"react-scroll-to-bottom--css-truyr-79elbk h-full\">\n<div class=\"react-scroll-to-bottom--css-truyr-1n7m0yu\">\n<div class=\"flex flex-col pb-9 text-sm\">\n<div class=\"w-full text-token-text-primary\" data-testid=\"conversation-turn-27\">\n<div class=\"px-4 py-2 justify-center text-base md:gap-6 m-auto\">\n<div class=\"flex flex-1 text-base mx-auto gap-3 md:px-5 lg:px-1 xl:px-5 md:max-w-3xl lg:max-w-[40rem] xl:max-w-[48rem] } group final-completion\">\n<div class=\"relative flex w-full flex-col lg:w-[calc(100%-115px)] agent-turn\">\n<div class=\"flex-col gap-1 md:gap-3\">\n<div class=\"flex flex-grow flex-col max-w-full\">\n<div class=\"text-message flex flex-col items-start gap-3 whitespace-pre-wrap break-words [.text-message+&amp;]:mt-5 overflow-x-auto\" data-message-author-role=\"assistant\" data-message-id=\"4008ee19-e735-41b1-9e73-85d9b3d5223c\">\n<div class=\"markdown prose w-full break-words dark:prose-invert light\">\n<h3>Ajax MotionCam Outdoor \u00e4r en h\u00f6gteknologisk utomhusr\u00f6relsedetektor designad f\u00f6r att ge snabb och p\u00e5litlig visuell verifiering av intr\u00e5ng.<\/h3>\n<p>Utrustad med en HDR-kamera och tv\u00e5 PIR-sensorer, f\u00e5ngar denna enhet en serie bilder p\u00e5 bara 9 sekunder f\u00f6r att bekr\u00e4fta om ett larm \u00e4r legitimt.<\/p>\n<p>Detta g\u00f6r det m\u00f6jligt f\u00f6r anv\u00e4ndare och s\u00e4kerhetsf\u00f6retag att snabbt reagera p\u00e5 verkliga hot och undvika on\u00f6diga patrulleringar.<\/p>\n<p>En av de mest framst\u00e5ende funktionerna hos MotionCam Outdoor \u00e4r dess f\u00f6rm\u00e5ga att ge b\u00e5de ljud- och bildbaserad bekr\u00e4ftelse p\u00e5 larm.<\/p>\n<p>Den kombinerar avancerad optik, snabb processor och programvarualgoritmer f\u00f6r att skapa bilder med h\u00f6g uppl\u00f6sning \u00e4ven under sv\u00e5ra ljusf\u00f6rh\u00e5llanden, vilket g\u00f6r det till ett utm\u00e4rkt val f\u00f6r utomhusbruk b\u00e5de dag och natt.<\/p>\n<p>Kameran anv\u00e4nder IR-bakgrundsbelysning f\u00f6r att s\u00e4kerst\u00e4lla synlighet \u00e4ven i m\u00f6rker, och den har ett vidvinkelobjektiv f\u00f6r att t\u00e4cka hela det skyddade omr\u00e5det.<\/p>\n<p>Den tr\u00e5dl\u00f6sa enheten kommunicerar via tv\u00e5 radioprotokoll, Jeweller och Wings, vilket garanterar snabb och stabil kommunikation.<\/p>\n<p>Jeweller levererar larm p\u00e5 bara 0,15 sekunder, medan Wings ser till att foton skickas p\u00e5 mindre \u00e4n 9 sekunder. Detta g\u00f6r MotionCam Outdoor inte bara snabb utan ocks\u00e5 extremt p\u00e5litlig.<\/p>\n<p>MotionCam Outdoor \u00e4r \u00e4ven designad med robusthet i \u00e5tanke. Den har en IP56-skyddsklass, vilket inneb\u00e4r att den \u00e4r v\u00e4l skyddad mot damm och kraftigt regn.<\/p>\n<p>Den t\u00e5l temperaturer fr\u00e5n -25\u00b0C till +60\u00b0C, vilket g\u00f6r den l\u00e4mplig f\u00f6r anv\u00e4ndning i b\u00e5de kalla och varma klimat.<\/p>\n<p>F\u00f6r att minimera risken f\u00f6r falska larm \u00e4r enheten utrustad med en intelligent algoritm, LISA (Live Signal Analysis), som analyserar signaler fr\u00e5n de tv\u00e5 PIR-sensorerna f\u00f6r att snabbt skilja p\u00e5 verkliga hot och st\u00f6rningar.<\/p>\n<p>Detta filter reducerar antalet falsklarm, vilket \u00e4r s\u00e4rskilt viktigt f\u00f6r att h\u00e5lla systemet effektivt och kostnadseffektivt.<\/p>\n<p>Installation och konfigurering av MotionCam Outdoor \u00e4r enkel och kan g\u00f6ras genom att skanna en QR-kod i Ajax-appen.<\/p>\n<p>Enheten kan l\u00e4tt monteras med den medf\u00f6ljande SmartBracket, och den kan integreras direkt i systemet f\u00f6r att b\u00f6rja anv\u00e4ndas omedelbart.<\/p>\n<p>F\u00f6r anv\u00e4ndare som beh\u00f6ver fj\u00e4rrkontroll och testning, erbjuder Ajax en anv\u00e4ndarv\u00e4nlig app som g\u00f6r det m\u00f6jligt att justera och testa inst\u00e4llningarna i realtid.<\/p>\n<p>Med Ajax MotionCam Outdoor f\u00e5r du en s\u00e4ker, snabb och p\u00e5litlig l\u00f6sning f\u00f6r utomhus\u00f6vervakning och larmverifiering.<\/p>\n<p>Dess funktioner f\u00f6r visuell verifiering och avancerade teknologier g\u00f6r det till ett utm\u00e4rkt val f\u00f6r b\u00e5de bost\u00e4der och kommersiella fastigheter.<\/p>\n<\/div>\n<\/div>\n<\/div>\n<\/div>\n<\/div>\n<\/div>\n<\/div>\n<\/div>\n<\/div>\n<\/div>\n<\/div>\n<\/div>\n","protected":false},"excerpt":{"rendered":"<p>Ajax MotionCam Outdoor ist ein kabelloser Bewegungsmelder f\u00fcr den Au\u00dfenbereich mit integrierter Kamera zur schnellen und effizienten \u00dcberpr\u00fcfung von Alarmen.<\/p>\n<p>Es liefert Echtzeitbilder zur visuellen Best\u00e4tigung und spart so Zeit und Ressourcen f\u00fcr Sicherheitsunternehmen und Benutzer.<\/p>","protected":false},"featured_media":155510,"template":"","meta":{"_acf_changed":false},"product_brand":[],"product_cat":[3157,1319,3155,3156],"product_tag":[3152,3127,2137,4863],"class_list":{"0":"post-69589","1":"product","2":"type-product","3":"status-publish","4":"has-post-thumbnail","6":"product_cat-utomhussakerhet","7":"product_cat-ajax-larm","8":"product_cat-larmenheter","9":"product_cat-rorelse-och-kamera","10":"product_tag-cr123-tillbehor","11":"product_tag-kontrollprodukt","12":"product_tag-lager-ajax","13":"product_tag-pf","14":"product_shipping_class-postnord-varubrev","15":"pa_ajax-tradlosa-larm-kameradetektor","16":"pa_brands-ajax-systems","17":"pa_color-vit","18":"pa_farg-vit","19":"tm-no-options","21":"first","22":"instock","23":"sale","24":"featured","25":"taxable","26":"shipping-taxable","27":"purchasable","28":"product-type-simple"},"acf":[],"_links":{"self":[{"href":"https:\/\/secureus.se\/de\/wp-json\/wp\/v2\/product\/69589","targetHints":{"allow":["GET"]}}],"collection":[{"href":"https:\/\/secureus.se\/de\/wp-json\/wp\/v2\/product"}],"about":[{"href":"https:\/\/secureus.se\/de\/wp-json\/wp\/v2\/types\/product"}],"wp:featuredmedia":[{"embeddable":true,"href":"https:\/\/secureus.se\/de\/wp-json\/wp\/v2\/media\/155510"}],"wp:attachment":[{"href":"https:\/\/secureus.se\/de\/wp-json\/wp\/v2\/media?parent=69589"}],"wp:term":[{"taxonomy":"product_brand","embeddable":true,"href":"https:\/\/secureus.se\/de\/wp-json\/wp\/v2\/product_brand?post=69589"},{"taxonomy":"product_cat","embeddable":true,"href":"https:\/\/secureus.se\/de\/wp-json\/wp\/v2\/product_cat?post=69589"},{"taxonomy":"product_tag","embeddable":true,"href":"https:\/\/secureus.se\/de\/wp-json\/wp\/v2\/product_tag?post=69589"}],"curies":[{"name":"wp","href":"https:\/\/api.w.org\/{rel}","templated":true}]}}